{"id":9286,"date":"2023-09-30T20:46:44","date_gmt":"2023-09-30T20:46:44","guid":{"rendered":"https:\/\/casaisabel.upcofly.com\/?page_id=9286"},"modified":"2023-11-06T11:36:04","modified_gmt":"2023-11-06T11:36:04","slug":"politica-redes-sociales","status":"publish","type":"page","link":"https:\/\/casaisabel.es\/it\/politica-redes-sociales\/","title":{"rendered":"POLITICA SULLA PRIVACY DEI SOCIAL MEDIA"},"content":{"rendered":"<div data-elementor-type=\"wp-page\" data-elementor-id=\"9286\" class=\"elementor elementor-9286\">\n\t\t\t\t<div class=\"elementor-element elementor-element-1f8cb9c e-flex e-con-boxed e-con e-parent\" data-id=\"1f8cb9c\" data-element_type=\"container\" data-e-type=\"container\">\n\t\t\t\t\t<div class=\"e-con-inner\">\n\t\t\t\t<div class=\"elementor-element elementor-element-7143180 elementor-widget elementor-widget-heading\" data-id=\"7143180\" data-element_type=\"widget\" data-e-type=\"widget\" data-widget_type=\"heading.default\">\n\t\t\t\t<div class=\"elementor-widget-container\">\n\t\t\t\t\t<h1 class=\"elementor-heading-title elementor-size-default\">POLITICA SULLA PRIVACY DEI SOCIAL MEDIA<\/h1>\t\t\t\t<\/div>\n\t\t\t\t<\/div>\n\t\t\t\t<div class=\"elementor-element elementor-element-95dd49f elementor-widget elementor-widget-text-editor\" data-id=\"95dd49f\" data-element_type=\"widget\" data-e-type=\"widget\" data-widget_type=\"text-editor.default\">\n\t\t\t\t<div class=\"elementor-widget-container\">\n\t\t\t\t\t\t\t\t\t    <p>In conformit\u00e0 con la normativa vigente sulla protezione dei dati personali (GDPR) e la Legge 34\/2002, dell'11 luglio, sui servizi della societ\u00e0 dell'informazione e del commercio elettronico (LSSI-CE), HOSTELERIA Y SERVICIOS GENERALES SL informa gli utenti di aver creato un profilo sui social media Facebook, Twitter, Instagram, Pinterest e Google +, con l'obiettivo principale di pubblicizzare i propri prodotti e servizi.<\/p>\n\n    <h6>Dati di HOSTELERIA Y SERVICIOS GENERALES SL:<\/h6>\n\n    <ul>\n        <li>CIF: B46598959<\/li>\n        <li>Sede legale: PASEO MARITIMO, MODULO 4, 46011, VALENCIA, Spagna<\/li>\n        <li>E-MAIL: <a href=\"mailto:info@casaisabel.es\">info@casaisabel.es<\/a><\/li>\n        <li>WEBSITE: <a href=\"https:\/\/casaisabel.es\/it\/\">www.casaisabel.es<\/a><\/li>\n    <\/ul>\n\n    <p>L'utente ha un profilo sulla stessa rete sociale e ha deciso di unirsi alla pagina creata da HOSTELERIA Y SERVICIOS GENERALES SL, mostrando cos\u00ec interesse nelle informazioni pubblicate sulla rete. Unendoti alla nostra pagina, ci fornisci il tuo consenso per il trattamento dei dati personali pubblicati sul tuo profilo.<\/p>\n\n    <p>L'utente pu\u00f2 accedere in qualsiasi momento alle politiche sulla privacy del Social Network, nonch\u00e9 configurare il proprio profilo per garantire la propria privacy.<\/p>\n\n    <p>HOSTELERIA Y SERVICIOS GENERALES SL ha accesso e tratta le informazioni pubbliche dell'utente, in particolare il suo nome di contatto. Questi dati vengono utilizzati solo all'interno del Social Network e non vengono incorporati in alcun file.<\/p>\n\n    <p>In relazione ai diritti di accesso, rettifica, cancellazione e opposizione di cui disponete e che possono essere esercitati presso HOSTELERIA Y SERVICIOS GENERALES SL, in conformit\u00e0 al RGPD, \u00e8 necessario tenere conto dei seguenti dettagli:<\/p>\n\n    <ul>\n        <li>Accesso: Sar\u00e0 definito dalla funzionalit\u00e0 del Social Network e dalla capacit\u00e0 di accedere alle informazioni dai profili degli utenti.<\/li>\n        <li>Rettifica: Pu\u00f2 essere soddisfatto solo per quanto riguarda le informazioni che sono sotto il controllo di HOSTELERIA Y SERVICIOS GENERALES SL, ad esempio, eliminare commenti pubblicati sulla pagina dell'azienda. Normalmente, questo diritto deve essere esercitato con il Social Network.<\/li>\n        <li>Cancellazione e\/o Opposizione: Come nel caso precedente, pu\u00f2 essere soddisfatto solo in relazione alle informazioni che sono sotto il controllo di HOSTELERIA Y SERVICIOS GENERALES SL, ad esempio, smettere di essere collegato al profilo. Normalmente, questo diritto deve essere esercitato con il Social Network.<\/li>\n    <\/ul>\n\n    <p>HOSTELERIA Y SERVICIOS GENERALES SL effettuer\u00e0 le seguenti azioni:<\/p>\n\n    <ul>\n        <li>Accesso alle informazioni pubbliche del profilo.<\/li>\n        <li>Pubblicazione sul profilo dell'utente di tutte le informazioni gi\u00e0 pubblicate sulla pagina di HOSTELERIA Y SERVICIOS GENERALES SL.<\/li>\n        <li>Inviare messaggi personali e individuali attraverso i canali del Social Network.<\/li>\n        <li>Aggiornamenti di stato della pagina che verranno pubblicati sul profilo dell'utente.<\/li>\n    <\/ul>\n\n    <p>L&#039;utente pu\u00f2 sempre controllare il loro connessioni, a rimuovere i contenuti che pi\u00f9 ti interessano e limitare chi condivide la loro connessioni, per questo \u00e8 necessario accedere alla impostazioni di privacy.<\/p>\n\n    <h6>Pubblicazioni<\/h6>\n\n    <p>L&#039;utente, una volta collegato alla pagina di CATERING E SERVIZI GENERALI SL, possono pubblicare in questi ultimi commenti, link, immagini o fotografie o qualsiasi altro tipo di contenuto multimediale supportato dal Social Network. L&#039;utente, in tutti i casi, \u00e8 necessario essere il proprietario della stessa, godetevi il copyright e i diritti di propriet\u00e0 intellettuale o avere il consenso del terzo interessato. \u00c8 espressamente vietata qualsiasi pubblicazione sulla pagina, sia di testi, grafica, fotografie, video, ecc in conflitto o sono propensi a tentare contro la morale, l&#039;etica, il buon gusto, o di decoro, e\/o che violino, viola o violare i diritti di propriet\u00e0 intellettuale o industriale, diritto di immagine, o la Legge. In questi casi, CATERING E SERVIZI GENERALI SL si riserva il diritto di ritirare immediatamente il contenuto, di essere in grado di richiedere il blocco definitivo dell&#039;utente.<\/p>\n\n    <p>CATERING E SERVIZI GENERALI SL non \u00e8 responsabile per il contenuto liberamente pubblicati da un utente.<\/p>\n\n    <p>L&#039;utente dovrebbe tenere a mente che le sue pubblicazioni potranno essere conosciuti da altri utenti, in modo che egli stesso \u00e8 il principale responsabile per la sua privacy.<\/p>\n\n    <p>Le immagini possono essere pubblicate sulla pagina non verranno memorizzati in un file, HOSTELERIA Y SERVICIOS GENERALES SLL, ma che rimarr\u00e0 nella Rete Sociale.<\/p>\n\n    <h6>Concorsi e promozioni<\/h6>\n\n    <p>HOSTELERIA Y SERVICIOS GENERALES SL. si riserva il diritto di indire concorsi e promozioni, in cui si partecipa per l'utente entrato di pagina. Le basi di ogni uno di loro, quando si utilizza la piattaforma del Social Network, sar\u00e0 pubblicato lo stesso. Sempre nel rispetto della LSSI-CE e qualsiasi altra norma applicabile.<\/p>\n\n    <p>Il Social Network non sponsorizza, approva o amministrare, in qualsiasi modo, in qualsiasi delle nostre promozioni, n\u00e9 \u00e8 associato ad alcuna di esse.<\/p>\n\n    <h6>Pubblicit\u00e0<\/h6>\n\n    <p>HOSTELERIA Y SERVICIOS GENERALES SL. utilizzare i Social Network per pubblicizzare i propri prodotti e servizi, in ogni caso, se si decide di trattare i suoi dati di contatto, per condurre in diretta le azioni di prospezione commerciale, sar\u00e0 sempre, in conformit\u00e0 con i requisiti legali delle RGPD e il LSSI-CE.<\/p>\n\n    <p>Non \u00e8 considerata essere la pubblicit\u00e0 il fatto consiglia di altri utenti alla pagina di HOSTELERIA Y SERVICIOS GENERALES SL. cos\u00ec si pu\u00f2 anche godere di promozioni o di essere informati della loro attivit\u00e0.<\/p>\n\n    <p>Di seguito, riportiamo il link alla privacy policy del Social Network:<\/p>\n\n    <ul>\n        <li>Facebook: <a href=\"https:\/\/www.facebook.com\/help\/323540651073243\/\">https:\/\/www.facebook.com\/help\/323540651073243\/<\/a><\/li>\n        <li>Twitter: <a href=\"https:\/\/twitter.com\/privacy\">https:\/\/twitter.com\/privacy<\/a><\/li>\n        <li>Instagram: <a href=\"http:\/\/instagram.com\/about\/legal\/privacy\/\">http:\/\/instagram.com\/about\/legal\/privacy\/<\/a><\/li>\n        <li>Pinterest: <a href=\"http:\/\/es.about.pinterest.com\/terms\/\">http:\/\/es.about.pinterest.com\/terms\/<\/a><\/li>\n        <li>Google +: <a href=\"http:\/\/www.google.com\/intl\/es\/policies\/privacy\/\">http:\/\/www.google.com\/intl\/es\/policies\/privacy\/<\/a><\/li>\n    <\/ul>\n\t\t\t\t\t\t\t\t<\/div>\n\t\t\t\t<\/div>\n\t\t\t\t\t<\/div>\n\t\t\t\t<\/div>\n\t\t\t\t<\/div>","protected":false},"excerpt":{"rendered":"<p>POL\u00cdTICA DE PRIVACIDAD REDES SOCIALES De conformidad con lo establecido en la normativa vigente en Protecci\u00f3n de Datos de Car\u00e1cter Personal (RGPD) y la Ley 34\/2002, de 11 de julio, de Servicios de la Sociedad de la Informaci\u00f3n y de Comercio Electr\u00f3nico (LSSI-CE), HOSTELERIA Y SERVICIOS GENERALES SL informa a los usuarios, que ha procedido [&hellip;]<\/p>","protected":false},"author":2,"featured_media":0,"parent":0,"menu_order":0,"comment_status":"closed","ping_status":"closed","template":"","meta":{"site-sidebar-layout":"no-sidebar","site-content-layout":"page-builder","ast-site-content-layout":"full-width-container","site-content-style":"default","site-sidebar-style":"default","ast-global-header-display":"","ast-banner-title-visibility":"","ast-main-header-display":"","ast-hfb-above-header-display":"","ast-hfb-below-header-display":"","ast-hfb-mobile-header-display":"","site-post-title":"disabled","ast-breadcrumbs-content":"","ast-featured-img":"disabled","footer-sml-layout":"","theme-transparent-header-meta":"","adv-header-id-meta":"","stick-header-meta":"","header-above-stick-meta":"","header-main-stick-meta":"","header-below-stick-meta":"","astra-migrate-meta-layouts":"set","ast-page-background-enabled":"default","ast-page-background-meta":{"desktop":{"background-color":"var(--ast-global-color-4)","background-image":"","background-repeat":"repeat","background-position":"center center","background-size":"auto","background-attachment":"scroll","background-type":"","background-media":"","overlay-type":"","overlay-color":"","overlay-opacity":"","overlay-gradient":""},"tablet":{"background-color":"","background-image":"","background-repeat":"repeat","background-position":"center center","background-size":"auto","background-attachment":"scroll","background-type":"","background-media":"","overlay-type":"","overlay-color":"","overlay-opacity":"","overlay-gradient":""},"mobile":{"background-color":"","background-image":"","background-repeat":"repeat","background-position":"center center","background-size":"auto","background-attachment":"scroll","background-type":"","background-media":"","overlay-type":"","overlay-color":"","overlay-opacity":"","overlay-gradient":""}},"ast-content-background-meta":{"desktop":{"background-color":"var(--ast-global-color-5)","background-image":"","background-repeat":"repeat","background-position":"center center","background-size":"auto","background-attachment":"scroll","background-type":"","background-media":"","overlay-type":"","overlay-color":"","overlay-opacity":"","overlay-gradient":""},"tablet":{"background-color":"var(--ast-global-color-5)","background-image":"","background-repeat":"repeat","background-position":"center center","background-size":"auto","background-attachment":"scroll","background-type":"","background-media":"","overlay-type":"","overlay-color":"","overlay-opacity":"","overlay-gradient":""},"mobile":{"background-color":"var(--ast-global-color-5)","background-image":"","background-repeat":"repeat","background-position":"center center","background-size":"auto","background-attachment":"scroll","background-type":"","background-media":"","overlay-type":"","overlay-color":"","overlay-opacity":"","overlay-gradient":""}},"footnotes":""},"class_list":["post-9286","page","type-page","status-publish","hentry"],"yoast_head":"<!-- This site is optimized with the Yoast SEO plugin v25.6 - https:\/\/yoast.com\/wordpress\/plugins\/seo\/ -->\n<title>POL\u00cdTICA DE PRIVACIDAD REDES SOCIALES - Casa Isabel<\/title>\n<meta name=\"robots\" content=\"noindex, follow\" \/>\n<meta property=\"og:locale\" content=\"it_IT\" \/>\n<meta property=\"og:type\" content=\"article\" \/>\n<meta property=\"og:title\" content=\"POL\u00cdTICA DE PRIVACIDAD REDES SOCIALES - Casa Isabel\" \/>\n<meta property=\"og:description\" content=\"POL\u00cdTICA DE PRIVACIDAD REDES SOCIALES De conformidad con lo establecido en la normativa vigente en Protecci\u00f3n de Datos de Car\u00e1cter Personal (RGPD) y la Ley 34\/2002, de 11 de julio, de Servicios de la Sociedad de la Informaci\u00f3n y de Comercio Electr\u00f3nico (LSSI-CE), HOSTELERIA Y SERVICIOS GENERALES SL informa a los usuarios, que ha procedido [&hellip;]\" \/>\n<meta property=\"og:url\" content=\"https:\/\/casaisabel.es\/it\/politica-redes-sociales\/\" \/>\n<meta property=\"og:site_name\" content=\"Casa Isabel\" \/>\n<meta property=\"article:modified_time\" content=\"2023-11-06T11:36:04+00:00\" \/>\n<meta name=\"twitter:card\" content=\"summary_large_image\" \/>\n<meta name=\"twitter:label1\" content=\"Est. reading time\" \/>\n\t<meta name=\"twitter:data1\" content=\"4 minutes\" \/>\n<script type=\"application\/ld+json\" class=\"yoast-schema-graph\">{\"@context\":\"https:\/\/schema.org\",\"@graph\":[{\"@type\":\"WebPage\",\"@id\":\"https:\/\/casaisabel.es\/politica-redes-sociales\/\",\"url\":\"https:\/\/casaisabel.es\/politica-redes-sociales\/\",\"name\":\"POL\u00cdTICA DE PRIVACIDAD REDES SOCIALES - Casa Isabel\",\"isPartOf\":{\"@id\":\"https:\/\/casaisabel.es\/#website\"},\"datePublished\":\"2023-09-30T20:46:44+00:00\",\"dateModified\":\"2023-11-06T11:36:04+00:00\",\"breadcrumb\":{\"@id\":\"https:\/\/casaisabel.es\/politica-redes-sociales\/#breadcrumb\"},\"inLanguage\":\"it-IT\",\"potentialAction\":[{\"@type\":\"ReadAction\",\"target\":[\"https:\/\/casaisabel.es\/politica-redes-sociales\/\"]}]},{\"@type\":\"BreadcrumbList\",\"@id\":\"https:\/\/casaisabel.es\/politica-redes-sociales\/#breadcrumb\",\"itemListElement\":[{\"@type\":\"ListItem\",\"position\":1,\"name\":\"Portada\",\"item\":\"https:\/\/casaisabel.es\/\"},{\"@type\":\"ListItem\",\"position\":2,\"name\":\"POL\u00cdTICA DE PRIVACIDAD REDES SOCIALES\"}]},{\"@type\":\"WebSite\",\"@id\":\"https:\/\/casaisabel.es\/#website\",\"url\":\"https:\/\/casaisabel.es\/\",\"name\":\"Casa Isabel\",\"description\":\"S\u00f3lo otro sitio de WordPress\",\"publisher\":{\"@id\":\"https:\/\/casaisabel.es\/#organization\"},\"potentialAction\":[{\"@type\":\"SearchAction\",\"target\":{\"@type\":\"EntryPoint\",\"urlTemplate\":\"https:\/\/casaisabel.es\/?s={search_term_string}\"},\"query-input\":{\"@type\":\"PropertyValueSpecification\",\"valueRequired\":true,\"valueName\":\"search_term_string\"}}],\"inLanguage\":\"it-IT\"},{\"@type\":\"Organization\",\"@id\":\"https:\/\/casaisabel.es\/#organization\",\"name\":\"Casa Isabel\",\"url\":\"https:\/\/casaisabel.es\/\",\"logo\":{\"@type\":\"ImageObject\",\"inLanguage\":\"it-IT\",\"@id\":\"https:\/\/casaisabel.es\/#\/schema\/logo\/image\/\",\"url\":\"https:\/\/casaisabel.es\/wp-content\/uploads\/2023\/09\/casaIsabel.svg\",\"contentUrl\":\"https:\/\/casaisabel.es\/wp-content\/uploads\/2023\/09\/casaIsabel.svg\",\"width\":211,\"height\":49,\"caption\":\"Casa Isabel\"},\"image\":{\"@id\":\"https:\/\/casaisabel.es\/#\/schema\/logo\/image\/\"}}]}<\/script>\n<!-- \/ Yoast SEO plugin. -->","yoast_head_json":{"title":"POL\u00cdTICA DE PRIVACIDAD REDES SOCIALES - Casa Isabel","robots":{"index":"noindex","follow":"follow"},"og_locale":"it_IT","og_type":"article","og_title":"POL\u00cdTICA DE PRIVACIDAD REDES SOCIALES - Casa Isabel","og_description":"POL\u00cdTICA DE PRIVACIDAD REDES SOCIALES De conformidad con lo establecido en la normativa vigente en Protecci\u00f3n de Datos de Car\u00e1cter Personal (RGPD) y la Ley 34\/2002, de 11 de julio, de Servicios de la Sociedad de la Informaci\u00f3n y de Comercio Electr\u00f3nico (LSSI-CE), HOSTELERIA Y SERVICIOS GENERALES SL informa a los usuarios, que ha procedido [&hellip;]","og_url":"https:\/\/casaisabel.es\/it\/politica-redes-sociales\/","og_site_name":"Casa Isabel","article_modified_time":"2023-11-06T11:36:04+00:00","twitter_card":"summary_large_image","twitter_misc":{"Est. reading time":"4 minutes"},"schema":{"@context":"https:\/\/schema.org","@graph":[{"@type":"WebPage","@id":"https:\/\/casaisabel.es\/politica-redes-sociales\/","url":"https:\/\/casaisabel.es\/politica-redes-sociales\/","name":"POL\u00cdTICA DE PRIVACIDAD REDES SOCIALES - Casa Isabel","isPartOf":{"@id":"https:\/\/casaisabel.es\/#website"},"datePublished":"2023-09-30T20:46:44+00:00","dateModified":"2023-11-06T11:36:04+00:00","breadcrumb":{"@id":"https:\/\/casaisabel.es\/politica-redes-sociales\/#breadcrumb"},"inLanguage":"it-IT","potentialAction":[{"@type":"ReadAction","target":["https:\/\/casaisabel.es\/politica-redes-sociales\/"]}]},{"@type":"BreadcrumbList","@id":"https:\/\/casaisabel.es\/politica-redes-sociales\/#breadcrumb","itemListElement":[{"@type":"ListItem","position":1,"name":"Portada","item":"https:\/\/casaisabel.es\/"},{"@type":"ListItem","position":2,"name":"POL\u00cdTICA DE PRIVACIDAD REDES SOCIALES"}]},{"@type":"WebSite","@id":"https:\/\/casaisabel.es\/#website","url":"https:\/\/casaisabel.es\/","name":"Casa Isabel","description":"S\u00f3lo otro sitio de WordPress","publisher":{"@id":"https:\/\/casaisabel.es\/#organization"},"potentialAction":[{"@type":"SearchAction","target":{"@type":"EntryPoint","urlTemplate":"https:\/\/casaisabel.es\/?s={search_term_string}"},"query-input":{"@type":"PropertyValueSpecification","valueRequired":true,"valueName":"search_term_string"}}],"inLanguage":"it-IT"},{"@type":"Organization","@id":"https:\/\/casaisabel.es\/#organization","name":"Casa Isabel","url":"https:\/\/casaisabel.es\/","logo":{"@type":"ImageObject","inLanguage":"it-IT","@id":"https:\/\/casaisabel.es\/#\/schema\/logo\/image\/","url":"https:\/\/casaisabel.es\/wp-content\/uploads\/2023\/09\/casaIsabel.svg","contentUrl":"https:\/\/casaisabel.es\/wp-content\/uploads\/2023\/09\/casaIsabel.svg","width":211,"height":49,"caption":"Casa Isabel"},"image":{"@id":"https:\/\/casaisabel.es\/#\/schema\/logo\/image\/"}}]}},"_links":{"self":[{"href":"https:\/\/casaisabel.es\/it\/wp-json\/wp\/v2\/pages\/9286","targetHints":{"allow":["GET"]}}],"collection":[{"href":"https:\/\/casaisabel.es\/it\/wp-json\/wp\/v2\/pages"}],"about":[{"href":"https:\/\/casaisabel.es\/it\/wp-json\/wp\/v2\/types\/page"}],"author":[{"embeddable":true,"href":"https:\/\/casaisabel.es\/it\/wp-json\/wp\/v2\/users\/2"}],"replies":[{"embeddable":true,"href":"https:\/\/casaisabel.es\/it\/wp-json\/wp\/v2\/comments?post=9286"}],"version-history":[{"count":0,"href":"https:\/\/casaisabel.es\/it\/wp-json\/wp\/v2\/pages\/9286\/revisions"}],"wp:attachment":[{"href":"https:\/\/casaisabel.es\/it\/wp-json\/wp\/v2\/media?parent=9286"}],"curies":[{"name":"wp","href":"https:\/\/api.w.org\/{rel}","templated":true}]}}