{"id":9280,"date":"2023-09-30T19:15:14","date_gmt":"2023-09-30T19:15:14","guid":{"rendered":"https:\/\/casaisabel.upcofly.com\/?page_id=9280"},"modified":"2023-11-20T11:23:00","modified_gmt":"2023-11-20T11:23:00","slug":"aviso-legal","status":"publish","type":"page","link":"https:\/\/casaisabel.es\/it\/aviso-legal\/","title":{"rendered":"Avviso Legale"},"content":{"rendered":"<div data-elementor-type=\"wp-page\" data-elementor-id=\"9280\" class=\"elementor elementor-9280\">\n\t\t\t\t<div class=\"elementor-element elementor-element-1f8cb9c e-flex e-con-boxed e-con e-parent\" data-id=\"1f8cb9c\" data-element_type=\"container\" data-e-type=\"container\">\n\t\t\t\t\t<div class=\"e-con-inner\">\n\t\t\t\t<div class=\"elementor-element elementor-element-7143180 elementor-widget elementor-widget-heading\" data-id=\"7143180\" data-element_type=\"widget\" data-e-type=\"widget\" data-widget_type=\"heading.default\">\n\t\t\t\t<div class=\"elementor-widget-container\">\n\t\t\t\t\t<h1 class=\"elementor-heading-title elementor-size-default\">Condizioni d'uso<\/h1>\t\t\t\t<\/div>\n\t\t\t\t<\/div>\n\t\t\t\t<div class=\"elementor-element elementor-element-95dd49f elementor-widget elementor-widget-text-editor\" data-id=\"95dd49f\" data-element_type=\"widget\" data-e-type=\"widget\" data-widget_type=\"text-editor.default\">\n\t\t\t\t<div class=\"elementor-widget-container\">\n\t\t\t\t\t\t\t\t\t<p>In ottemperanza alla Legge 34\/2002, dell'11 luglio, sui Servizi della Societ\u00e0 dell'Informazione e del Commercio Elettronico (LSSI-CE), HOSTELERIA Y SERVICIOS GENERALES SL informa di essere proprietario del sito web. <a href=\"https:\/\/casaisabel.es\/it\/\">www.casaisabel.es<\/a>In conformit\u00e0 con l'obbligo di cui all'articolo 10 della suddetta legge, HOSTELERIA Y SERVICIOS GENERALES SL fornisce i seguenti dati:<\/p><ul><li>Il proprietario di questo sito web \u00e8 HOSTELERIA Y SERVICIOS GENERALES SL, con numero di identificazione fiscale B46598959 e sede legale in PASEO MARITIMO, MODULO 4, 46011, VALENCIA. \u00c8 registrato nel Registro delle Imprese, al volume 4676, al foglio 106, alla sezione V29921, con l'iscrizione I\/A 7. L'indirizzo email di contatto con l'azienda \u00e8: <a href=\"mailto:info@casaisabel.es\">info@casaisabel.es<\/a>.<\/li><\/ul><h6>Utente e Regime di Responsabilit\u00e0<\/h6><p>La navigazione, l'accesso e l'uso del sito web di HOSTELERIA Y SERVICIOS GENERALES SL conferiscono la condizione di utente, per la quale si accettano, dalla navigazione del sito web di HOSTELERIA Y SERVICIOS GENERALES SL, tutte le condizioni di utilizzo qui stabilite, fatta salva l'applicazione della corrispondente normativa legale obbligatoria, secondo il caso.<\/p><p>Il sito web di HOSTELERIA Y SERVICIOS GENERALES SL fornisce una vasta gamma di informazioni, servizi e dati. L'utente assume la responsabilit\u00e0 per l'uso corretto del sito web. Questa responsabilit\u00e0 si estender\u00e0 a:<\/p><ul><li>L'accuratezza e la legalit\u00e0 delle informazioni fornite dall'utente nei moduli forniti da HOSTELERIA Y SERVICIOS GENERALES SL per l'accesso a determinati contenuti o servizi offerti dal sito web.<\/li><li>L'uso delle informazioni, dei servizi e dei dati offerti da HOSTELERIA Y SERVICIOS GENERALES SL contrariamente a quanto stabilito dalle presenti condizioni, dalla legge, dalla morale, dalle buone consuetudini o dall'ordine pubblico, o che in qualsiasi altro modo possa costituire un'infrazione dei diritti di terzi o del corretto funzionamento del sito web.<\/li><\/ul><h6>Politica di collegamenti e esenzioni di responsabilit\u00e0:<\/h6><p>HOSTELERIA Y SERVICIOS GENERALES SL non \u00e8 responsabile dei contenuti dei siti web ai quali l'utente pu\u00f2 accedere tramite i collegamenti stabiliti sul suo sito web e dichiara che in nessun caso esaminer\u00e0 o eserciter\u00e0 alcun tipo di controllo sui contenuti di altri siti della rete. Allo stesso modo, non garantisce la disponibilit\u00e0 tecnica, l'accuratezza, la veridicit\u00e0, la validit\u00e0 o la legalit\u00e0 dei siti esterni non di sua propriet\u00e0 a cui si pu\u00f2 accedere tramite i collegamenti.<\/p><p>HOSTELERIA Y SERVICIOS GENERALES SL declara haber adoptado todas las medidas necesarias para evitar cualquier da\u00f1o a los usuarios de su sitio web, que pudieran derivarse de la navegaci\u00f3n por su sitio web. En consecuencia, HOSTELERIA Y SERVICIOS GENERALES SL no se hace responsable, en ning\u00fan caso, de los eventuales da\u00f1os que por la navegaci\u00f3n por Internet pudiera sufrir el usuario.<\/p><h6>Modifiche:<\/h6><p>HOSTELERIA Y SERVICIOS GENERALES SL si riserva il diritto di apportare le modifiche che ritiene opportune, senza preavviso, al contenuto del suo sito web, sia per quanto riguarda i contenuti del sito web sia per le condizioni d'uso dello stesso. Tali modifiche possono essere apportate attraverso il sito web in qualsiasi forma legalmente ammissibile e saranno vincolanti durante il periodo in cui sono pubblicate sul sito web e fino a quando non saranno valide e successivamente modificate.<\/p><h6>Protezione dei dati:<\/h6><p>In conformit\u00e0 a quanto previsto dalla normativa vigente sulla Protezione dei Dati Personali, vi informiamo che i vostri dati saranno incorporati nel sistema di trattamento di propriet\u00e0 di HOSTELERIA Y SERVICIOS GENERALES SL con numero di identificazione fiscale B46598959 e sede legale in PASEO MARITIMO, MODULO 4, 46011, VALENCIA. Lo scopo \u00e8 quello di facilitare, accelerare e adempiere agli impegni stabiliti tra le parti. In ottemperanza alla normativa vigente, HOSTELERIA Y SERVICIOS GENERALES SL informa che i dati saranno conservati per il periodo strettamente necessario per adempiere agli obblighi sopra menzionati.<\/p><p>Fino a quando non ci comunicher\u00e0 diversamente, intendiamo che i suoi dati non sono stati modificati, che si impegna a notificarci eventuali variazioni e che abbiamo il suo consenso a utilizzarli per le finalit\u00e0 menzionate.<\/p><p>HOSTELERIA Y SERVICIOS GENERALES SL informa que proceder\u00e1 a tratar los datos de manera l\u00edcita, leal, transparente, adecuada, pertinente, limitada, exacta y actualizada. Es por ello que HOSTELERIA Y SERVICIOS GENERALES SL se compromete a adoptar todas las medidas razonables para que estos se supriman o rectifiquen sin dilaci\u00f3n cuando sean inexactos.<\/p><p>In conformit\u00e0 con i diritti conferiti dalla normativa vigente sulla protezione dei dati, \u00e8 possibile esercitare i diritti di accesso, rettifica, limitazione del trattamento, cancellazione, portabilit\u00e0 e opposizione al trattamento dei propri dati personali, nonch\u00e9 del consenso prestato per il trattamento degli stessi, indirizzando la richiesta all'indirizzo postale indicato sopra o all'indirizzo email. <a href=\"mailto:info@casaisabel.es\">info@casaisabel.es<\/a>.<\/p><p>\u00c8 possibile rivolgersi all'Autorit\u00e0 di Controllo competente per presentare la reclamo che si ritiene opportuno.<\/p><h6>Propriet\u00e0 intellettuale e industriale:<\/h6><p>HOSTELERIA Y SERVICIOS GENERALES SL, sia per proprio conto sia come cessionaria, \u00e8 titolare di tutti i diritti di propriet\u00e0 intellettuale e industriale del proprio sito web, nonch\u00e9 degli elementi in esso contenuti (a titolo esemplificativo, immagini, suoni, audio, video, software o testi; marchi o loghi, combinazioni di colori, struttura e design, selezione di materiali utilizzati, programmi informatici necessari per il suo funzionamento, accesso e utilizzo, ecc.), di propriet\u00e0 di HOSTELERIA Y SERVICIOS GENERALES SL. Pertanto, saranno opere protette come propriet\u00e0 intellettuale secondo la legislazione spagnola, applicando sia la normativa spagnola ed europea in questo campo, sia i trattati internazionali relativi alla materia e sottoscritti dalla Spagna.<\/p><p>Tutti i diritti riservati. Ai sensi della Legge sulla Propriet\u00e0 Intellettuale, \u00e8 espressamente vietata la riproduzione, distribuzione e comunicazione pubblica, inclusa la modalit\u00e0 di messa a disposizione, di tutto o parte dei contenuti di questo sito web a scopo commerciale, su qualsiasi supporto e con qualsiasi mezzo tecnico, senza l'autorizzazione di HOSTELERIA Y SERVICIOS GENERALES SL.<\/p><p>L'utente si impegna a rispettare i diritti di propriet\u00e0 intellettuale e industriale di propriet\u00e0 di HOSTELERIA Y SERVICIOS GENERALES SL. L'utente pu\u00f2 visualizzare gli elementi del portale e persino stamparli, copiarli e memorizzarli sull'hard disk del proprio computer o su qualsiasi altro supporto fisico, purch\u00e9 sia esclusivamente per uso personale e privato. L'utente deve astenersi dall'eliminare, alterare, aggirare o manipolare qualsiasi dispositivo di protezione o sistema di sicurezza installato nelle pagine di HOSTELERIA Y SERVICIOS GENERALES SL.<\/p><h6>Azioni legali, legislazione applicabile e giurisdizione:<\/h6><p>HOSTELERIA Y SERVICIOS GENERALES SL si riserva altres\u00ec la facolt\u00e0 di intraprendere azioni civili o penali che ritenga opportune per l'uso improprio del suo sito web e dei contenuti o per la violazione delle presenti condizioni.<\/p><p>La relazione tra l'utente e il fornitore sar\u00e0 disciplinata dalla normativa vigente e applicabile sul territorio spagnolo. In caso di controversia, le parti possono sottoporre i loro conflitti all'arbitrato o ricorrere alla giurisdizione ordinaria nel rispetto delle norme in materia di giurisdizione e competenza. HOSTELERIA Y SERVICIOS GENERALES SL ha la sua sede legale a VALENCIA, Spagna.<\/p><h6>Impegni e Restrizioni del Commerciante per Transazioni Etiche e Legal<\/h6><p>Questo commerciante si impegna a non permettere alcuna transazione illegale o considerata tale dalle marche delle carte di credito o dalla banca acquirer, che potrebbe o ha il potenziale di danneggiare la loro buona volont\u00e0 o influenzarle negativamente. Le seguenti attivit\u00e0 sono vietate in base ai programmi delle marche delle carte: la vendita o l'offerta di un prodotto o servizio che non \u00e8 in piena conformit\u00e0 con tutte le leggi applicabili al compratore, banca emittente, commerciante, titolare della carta o carte. Inoltre, le seguenti attivit\u00e0 sono esplicitamente vietate:<\/p><ul><li>Vendita di bevande alcoliche a minori di 18 anni:<\/li><\/ul>\t\t\t\t\t\t\t\t<\/div>\n\t\t\t\t<\/div>\n\t\t\t\t\t<\/div>\n\t\t\t\t<\/div>\n\t\t\t\t<\/div>","protected":false},"excerpt":{"rendered":"<p>CONDICIONES DE USO En cumplimiento de la Ley 34\/2002, de 11 de julio, de Servicios de la Sociedad de la Informaci\u00f3n y de Comercio Electr\u00f3nico (LSSI-CE), HOSTELERIA Y SERVICIOS GENERALES SL informa que es titular del sitio web www.casaisabel.es. De acuerdo con la exigencia del art\u00edculo 10 de la citada Ley, HOSTELERIA Y SERVICIOS GENERALES [&hellip;]<\/p>","protected":false},"author":2,"featured_media":0,"parent":0,"menu_order":0,"comment_status":"closed","ping_status":"closed","template":"","meta":{"site-sidebar-layout":"no-sidebar","site-content-layout":"page-builder","ast-site-content-layout":"full-width-container","site-content-style":"default","site-sidebar-style":"default","ast-global-header-display":"","ast-banner-title-visibility":"","ast-main-header-display":"","ast-hfb-above-header-display":"","ast-hfb-below-header-display":"","ast-hfb-mobile-header-display":"","site-post-title":"disabled","ast-breadcrumbs-content":"","ast-featured-img":"disabled","footer-sml-layout":"","theme-transparent-header-meta":"","adv-header-id-meta":"","stick-header-meta":"","header-above-stick-meta":"","header-main-stick-meta":"","header-below-stick-meta":"","astra-migrate-meta-layouts":"set","ast-page-background-enabled":"default","ast-page-background-meta":{"desktop":{"background-color":"var(--ast-global-color-4)","background-image":"","background-repeat":"repeat","background-position":"center center","background-size":"auto","background-attachment":"scroll","background-type":"","background-media":"","overlay-type":"","overlay-color":"","overlay-opacity":"","overlay-gradient":""},"tablet":{"background-color":"","background-image":"","background-repeat":"repeat","background-position":"center center","background-size":"auto","background-attachment":"scroll","background-type":"","background-media":"","overlay-type":"","overlay-color":"","overlay-opacity":"","overlay-gradient":""},"mobile":{"background-color":"","background-image":"","background-repeat":"repeat","background-position":"center center","background-size":"auto","background-attachment":"scroll","background-type":"","background-media":"","overlay-type":"","overlay-color":"","overlay-opacity":"","overlay-gradient":""}},"ast-content-background-meta":{"desktop":{"background-color":"var(--ast-global-color-5)","background-image":"","background-repeat":"repeat","background-position":"center center","background-size":"auto","background-attachment":"scroll","background-type":"","background-media":"","overlay-type":"","overlay-color":"","overlay-opacity":"","overlay-gradient":""},"tablet":{"background-color":"var(--ast-global-color-5)","background-image":"","background-repeat":"repeat","background-position":"center center","background-size":"auto","background-attachment":"scroll","background-type":"","background-media":"","overlay-type":"","overlay-color":"","overlay-opacity":"","overlay-gradient":""},"mobile":{"background-color":"var(--ast-global-color-5)","background-image":"","background-repeat":"repeat","background-position":"center center","background-size":"auto","background-attachment":"scroll","background-type":"","background-media":"","overlay-type":"","overlay-color":"","overlay-opacity":"","overlay-gradient":""}},"footnotes":""},"class_list":["post-9280","page","type-page","status-publish","hentry"],"yoast_head":"<!-- This site is optimized with the Yoast SEO plugin v25.6 - https:\/\/yoast.com\/wordpress\/plugins\/seo\/ -->\n<title>Aviso Legal - Casa Isabel<\/title>\n<meta name=\"robots\" content=\"noindex, follow\" \/>\n<meta property=\"og:locale\" content=\"it_IT\" \/>\n<meta property=\"og:type\" content=\"article\" \/>\n<meta property=\"og:title\" content=\"Aviso Legal - Casa Isabel\" \/>\n<meta property=\"og:description\" content=\"CONDICIONES DE USO En cumplimiento de la Ley 34\/2002, de 11 de julio, de Servicios de la Sociedad de la Informaci\u00f3n y de Comercio Electr\u00f3nico (LSSI-CE), HOSTELERIA Y SERVICIOS GENERALES SL informa que es titular del sitio web www.casaisabel.es. De acuerdo con la exigencia del art\u00edculo 10 de la citada Ley, HOSTELERIA Y SERVICIOS GENERALES [&hellip;]\" \/>\n<meta property=\"og:url\" content=\"https:\/\/casaisabel.es\/it\/aviso-legal\/\" \/>\n<meta property=\"og:site_name\" content=\"Casa Isabel\" \/>\n<meta property=\"article:modified_time\" content=\"2023-11-20T11:23:00+00:00\" \/>\n<meta name=\"twitter:card\" content=\"summary_large_image\" \/>\n<meta name=\"twitter:label1\" content=\"Est. reading time\" \/>\n\t<meta name=\"twitter:data1\" content=\"6 minutes\" \/>\n<script type=\"application\/ld+json\" class=\"yoast-schema-graph\">{\"@context\":\"https:\/\/schema.org\",\"@graph\":[{\"@type\":\"WebPage\",\"@id\":\"https:\/\/casaisabel.es\/aviso-legal\/\",\"url\":\"https:\/\/casaisabel.es\/aviso-legal\/\",\"name\":\"Aviso Legal - Casa Isabel\",\"isPartOf\":{\"@id\":\"https:\/\/casaisabel.es\/#website\"},\"datePublished\":\"2023-09-30T19:15:14+00:00\",\"dateModified\":\"2023-11-20T11:23:00+00:00\",\"breadcrumb\":{\"@id\":\"https:\/\/casaisabel.es\/aviso-legal\/#breadcrumb\"},\"inLanguage\":\"it-IT\",\"potentialAction\":[{\"@type\":\"ReadAction\",\"target\":[\"https:\/\/casaisabel.es\/aviso-legal\/\"]}]},{\"@type\":\"BreadcrumbList\",\"@id\":\"https:\/\/casaisabel.es\/aviso-legal\/#breadcrumb\",\"itemListElement\":[{\"@type\":\"ListItem\",\"position\":1,\"name\":\"Portada\",\"item\":\"https:\/\/casaisabel.es\/\"},{\"@type\":\"ListItem\",\"position\":2,\"name\":\"Aviso Legal\"}]},{\"@type\":\"WebSite\",\"@id\":\"https:\/\/casaisabel.es\/#website\",\"url\":\"https:\/\/casaisabel.es\/\",\"name\":\"Casa Isabel\",\"description\":\"S\u00f3lo otro sitio de WordPress\",\"publisher\":{\"@id\":\"https:\/\/casaisabel.es\/#organization\"},\"potentialAction\":[{\"@type\":\"SearchAction\",\"target\":{\"@type\":\"EntryPoint\",\"urlTemplate\":\"https:\/\/casaisabel.es\/?s={search_term_string}\"},\"query-input\":{\"@type\":\"PropertyValueSpecification\",\"valueRequired\":true,\"valueName\":\"search_term_string\"}}],\"inLanguage\":\"it-IT\"},{\"@type\":\"Organization\",\"@id\":\"https:\/\/casaisabel.es\/#organization\",\"name\":\"Casa Isabel\",\"url\":\"https:\/\/casaisabel.es\/\",\"logo\":{\"@type\":\"ImageObject\",\"inLanguage\":\"it-IT\",\"@id\":\"https:\/\/casaisabel.es\/#\/schema\/logo\/image\/\",\"url\":\"https:\/\/casaisabel.es\/wp-content\/uploads\/2023\/09\/casaIsabel.svg\",\"contentUrl\":\"https:\/\/casaisabel.es\/wp-content\/uploads\/2023\/09\/casaIsabel.svg\",\"width\":211,\"height\":49,\"caption\":\"Casa Isabel\"},\"image\":{\"@id\":\"https:\/\/casaisabel.es\/#\/schema\/logo\/image\/\"}}]}<\/script>\n<!-- \/ Yoast SEO plugin. -->","yoast_head_json":{"title":"Aviso Legal - Casa Isabel","robots":{"index":"noindex","follow":"follow"},"og_locale":"it_IT","og_type":"article","og_title":"Aviso Legal - Casa Isabel","og_description":"CONDICIONES DE USO En cumplimiento de la Ley 34\/2002, de 11 de julio, de Servicios de la Sociedad de la Informaci\u00f3n y de Comercio Electr\u00f3nico (LSSI-CE), HOSTELERIA Y SERVICIOS GENERALES SL informa que es titular del sitio web www.casaisabel.es. De acuerdo con la exigencia del art\u00edculo 10 de la citada Ley, HOSTELERIA Y SERVICIOS GENERALES [&hellip;]","og_url":"https:\/\/casaisabel.es\/it\/aviso-legal\/","og_site_name":"Casa Isabel","article_modified_time":"2023-11-20T11:23:00+00:00","twitter_card":"summary_large_image","twitter_misc":{"Est. reading time":"6 minutes"},"schema":{"@context":"https:\/\/schema.org","@graph":[{"@type":"WebPage","@id":"https:\/\/casaisabel.es\/aviso-legal\/","url":"https:\/\/casaisabel.es\/aviso-legal\/","name":"Aviso Legal - Casa Isabel","isPartOf":{"@id":"https:\/\/casaisabel.es\/#website"},"datePublished":"2023-09-30T19:15:14+00:00","dateModified":"2023-11-20T11:23:00+00:00","breadcrumb":{"@id":"https:\/\/casaisabel.es\/aviso-legal\/#breadcrumb"},"inLanguage":"it-IT","potentialAction":[{"@type":"ReadAction","target":["https:\/\/casaisabel.es\/aviso-legal\/"]}]},{"@type":"BreadcrumbList","@id":"https:\/\/casaisabel.es\/aviso-legal\/#breadcrumb","itemListElement":[{"@type":"ListItem","position":1,"name":"Portada","item":"https:\/\/casaisabel.es\/"},{"@type":"ListItem","position":2,"name":"Aviso Legal"}]},{"@type":"WebSite","@id":"https:\/\/casaisabel.es\/#website","url":"https:\/\/casaisabel.es\/","name":"Casa Isabel","description":"S\u00f3lo otro sitio de WordPress","publisher":{"@id":"https:\/\/casaisabel.es\/#organization"},"potentialAction":[{"@type":"SearchAction","target":{"@type":"EntryPoint","urlTemplate":"https:\/\/casaisabel.es\/?s={search_term_string}"},"query-input":{"@type":"PropertyValueSpecification","valueRequired":true,"valueName":"search_term_string"}}],"inLanguage":"it-IT"},{"@type":"Organization","@id":"https:\/\/casaisabel.es\/#organization","name":"Casa Isabel","url":"https:\/\/casaisabel.es\/","logo":{"@type":"ImageObject","inLanguage":"it-IT","@id":"https:\/\/casaisabel.es\/#\/schema\/logo\/image\/","url":"https:\/\/casaisabel.es\/wp-content\/uploads\/2023\/09\/casaIsabel.svg","contentUrl":"https:\/\/casaisabel.es\/wp-content\/uploads\/2023\/09\/casaIsabel.svg","width":211,"height":49,"caption":"Casa Isabel"},"image":{"@id":"https:\/\/casaisabel.es\/#\/schema\/logo\/image\/"}}]}},"_links":{"self":[{"href":"https:\/\/casaisabel.es\/it\/wp-json\/wp\/v2\/pages\/9280","targetHints":{"allow":["GET"]}}],"collection":[{"href":"https:\/\/casaisabel.es\/it\/wp-json\/wp\/v2\/pages"}],"about":[{"href":"https:\/\/casaisabel.es\/it\/wp-json\/wp\/v2\/types\/page"}],"author":[{"embeddable":true,"href":"https:\/\/casaisabel.es\/it\/wp-json\/wp\/v2\/users\/2"}],"replies":[{"embeddable":true,"href":"https:\/\/casaisabel.es\/it\/wp-json\/wp\/v2\/comments?post=9280"}],"version-history":[{"count":0,"href":"https:\/\/casaisabel.es\/it\/wp-json\/wp\/v2\/pages\/9280\/revisions"}],"wp:attachment":[{"href":"https:\/\/casaisabel.es\/it\/wp-json\/wp\/v2\/media?parent=9280"}],"curies":[{"name":"wp","href":"https:\/\/api.w.org\/{rel}","templated":true}]}}