{"id":9226,"date":"2023-09-30T15:39:18","date_gmt":"2023-09-30T15:39:18","guid":{"rendered":"https:\/\/casaisabel.upcofly.com\/?page_id=9226"},"modified":"2023-11-06T11:36:03","modified_gmt":"2023-11-06T11:36:03","slug":"clausula-informativa-rgpd-y-lssi-ce","status":"publish","type":"page","link":"https:\/\/casaisabel.es\/it\/clausula-informativa-rgpd-y-lssi-ce\/","title":{"rendered":"CL\u00c1USULA INFORMATIVA RGPD Y LSSI-CE"},"content":{"rendered":"<div data-elementor-type=\"wp-page\" data-elementor-id=\"9226\" class=\"elementor elementor-9226\">\n\t\t\t\t<div class=\"elementor-element elementor-element-1f8cb9c e-flex e-con-boxed e-con e-parent\" data-id=\"1f8cb9c\" data-element_type=\"container\" data-e-type=\"container\">\n\t\t\t\t\t<div class=\"e-con-inner\">\n\t\t\t\t<div class=\"elementor-element elementor-element-7143180 elementor-widget elementor-widget-heading\" data-id=\"7143180\" data-element_type=\"widget\" data-e-type=\"widget\" data-widget_type=\"heading.default\">\n\t\t\t\t<div class=\"elementor-widget-container\">\n\t\t\t\t\t<h1 class=\"elementor-heading-title elementor-size-default\">CL\u00c1USULA INFORMATIVA RGPD Y LSSI-CE<\/h1>\t\t\t\t<\/div>\n\t\t\t\t<\/div>\n\t\t\t\t<div class=\"elementor-element elementor-element-95dd49f elementor-widget elementor-widget-text-editor\" data-id=\"95dd49f\" data-element_type=\"widget\" data-e-type=\"widget\" data-widget_type=\"text-editor.default\">\n\t\t\t\t<div class=\"elementor-widget-container\">\n\t\t\t\t\t\t\t\t\t<p>Conformemente alle normative vigenti sulla Protezione dei Dati Personali, vi informiamo che i vostri dati saranno inseriti nel sistema di trattamento di propriet\u00e0 di HOSTELERIA Y SERVICIOS GENERALES SL, con CIF B46598959 e sede legale in PASEO MARITIMO, MODULO 4 46011, VALENCIA. Lo scopo \u00e8 quello di gestire le vostre richieste, ma in nessun caso i vostri dati saranno utilizzati per inviare comunicazioni commerciali tranne quelle relative alla vostra prenotazione. I vostri dati personali saranno limitati al minimo necessario per la gestione della vostra prenotazione, compresi nome, numero di telefono ed email. In nessun caso verranno ceduti a terzi durante il periodo in cui si trovano sotto la nostra custodia. In ottemperanza alle normative vigenti, HOSTELERIA Y SERVICIOS GENERALES SL informa che i dati saranno conservati per il periodo strettamente necessario per adempiere agli scopi sopra menzionati.<\/p><p>Fino a quando non ci comunicher\u00e0 diversamente, intendiamo che i suoi dati non sono stati modificati, che si impegna a notificarci eventuali variazioni e che abbiamo il suo consenso a utilizzarli per le finalit\u00e0 menzionate.<\/p><p>HOSTELERIA Y SERVICIOS GENERALES SL informa que proceder\u00e1 a tratar los datos de manera l\u00edcita, leal, transparente, adecuada, pertinente, limitada, exacta y actualizada. Es por ello que HOSTELERIA Y SERVICIOS GENERALES SL se compromete a adoptar todas las medidas razonables para que estos se supriman o rectifiquen sin dilaci\u00f3n cuando sean inexactos.<\/p><p>In conformit\u00e0 con i diritti conferiti dalla normativa vigente sulla protezione dei dati, \u00e8 possibile esercitare i diritti di accesso, rettifica, limitazione del trattamento, cancellazione, portabilit\u00e0 e opposizione al trattamento dei propri dati personali, nonch\u00e9 del consenso prestato per il trattamento degli stessi, indirizzando la richiesta all'indirizzo postale indicato sopra o all'indirizzo email. <a href=\"mailto:info@casaisabel.es\">info@casaisabel.es<\/a>.<\/p><p>Allo stesso modo, e in conformit\u00e0 con quanto stabilito dalla Legge 34\/2002, dell'11 luglio, sui Servizi della Societ\u00e0 dell'Informazione e del Commercio Elettronico, nel suo articolo 21, riteniamo che Lei non desideri e quindi NON CONCEDE il Suo consenso espresso per ricevere pubblicit\u00e0 dei nostri prodotti o promozioni che riteniamo possano essere di Suo interesse, via email o qualsiasi altro mezzo di comunicazione elettronica equivalente.<\/p><p>Allo stesso modo, e in conformit\u00e0 con le disposizioni della Legge 34\/2002 dell'11 luglio sui Servizi della Societ\u00e0 dell'Informazione e del Commercio Elettronico, all'articolo 21, comprendiamo che non desideri e, pertanto, NON CONFERISCI il tuo consenso esplicito per ricevere pubblicit\u00e0 riguardante i nostri prodotti o promozioni che riteniamo possano interessarti, via email o qualsiasi altro mezzo di comunicazione elettronica equivalente. <a href=\"mailto:info@casaisabel.es\">info@casaisabel.es<\/a>.<\/p><p>Le informiamo che i suoi dati non vengono conservati nel nostro sistema di prenotazioni. Una volta effettuata la prenotazione e trascorsa la data, i dati vengono cancellati.<\/p><p>\u00c8 possibile rivolgersi all'Autorit\u00e0 di Controllo competente per presentare la reclamo che si ritiene opportuno.<\/p>\t\t\t\t\t\t\t\t<\/div>\n\t\t\t\t<\/div>\n\t\t\t\t\t<\/div>\n\t\t\t\t<\/div>\n\t\t\t\t<\/div>","protected":false},"excerpt":{"rendered":"<p>CL\u00c1USULA INFORMATIVA RGPD Y LSSI-CE De conformidad con lo establecido en la normativa vigente en Protecci\u00f3n de Datos de Car\u00e1cter Personal, le informamos que sus datos ser\u00e1n incorporados al sistema de tratamiento titularidad de HOSTELERIA Y SERVICIOS GENERALES SL con CIF B46598959 y domicilio social sito en PASEO MARITIMO, MODULO 4 46011, VALENCIA, con la [&hellip;]<\/p>","protected":false},"author":2,"featured_media":0,"parent":0,"menu_order":0,"comment_status":"closed","ping_status":"closed","template":"","meta":{"site-sidebar-layout":"no-sidebar","site-content-layout":"page-builder","ast-site-content-layout":"full-width-container","site-content-style":"default","site-sidebar-style":"default","ast-global-header-display":"","ast-banner-title-visibility":"","ast-main-header-display":"","ast-hfb-above-header-display":"","ast-hfb-below-header-display":"","ast-hfb-mobile-header-display":"","site-post-title":"disabled","ast-breadcrumbs-content":"","ast-featured-img":"disabled","footer-sml-layout":"","theme-transparent-header-meta":"","adv-header-id-meta":"","stick-header-meta":"","header-above-stick-meta":"","header-main-stick-meta":"","header-below-stick-meta":"","astra-migrate-meta-layouts":"set","ast-page-background-enabled":"default","ast-page-background-meta":{"desktop":{"background-color":"var(--ast-global-color-4)","background-image":"","background-repeat":"repeat","background-position":"center center","background-size":"auto","background-attachment":"scroll","background-type":"","background-media":"","overlay-type":"","overlay-color":"","overlay-opacity":"","overlay-gradient":""},"tablet":{"background-color":"","background-image":"","background-repeat":"repeat","background-position":"center center","background-size":"auto","background-attachment":"scroll","background-type":"","background-media":"","overlay-type":"","overlay-color":"","overlay-opacity":"","overlay-gradient":""},"mobile":{"background-color":"","background-image":"","background-repeat":"repeat","background-position":"center center","background-size":"auto","background-attachment":"scroll","background-type":"","background-media":"","overlay-type":"","overlay-color":"","overlay-opacity":"","overlay-gradient":""}},"ast-content-background-meta":{"desktop":{"background-color":"var(--ast-global-color-5)","background-image":"","background-repeat":"repeat","background-position":"center center","background-size":"auto","background-attachment":"scroll","background-type":"","background-media":"","overlay-type":"","overlay-color":"","overlay-opacity":"","overlay-gradient":""},"tablet":{"background-color":"var(--ast-global-color-5)","background-image":"","background-repeat":"repeat","background-position":"center center","background-size":"auto","background-attachment":"scroll","background-type":"","background-media":"","overlay-type":"","overlay-color":"","overlay-opacity":"","overlay-gradient":""},"mobile":{"background-color":"var(--ast-global-color-5)","background-image":"","background-repeat":"repeat","background-position":"center center","background-size":"auto","background-attachment":"scroll","background-type":"","background-media":"","overlay-type":"","overlay-color":"","overlay-opacity":"","overlay-gradient":""}},"footnotes":""},"class_list":["post-9226","page","type-page","status-publish","hentry"],"yoast_head":"<!-- This site is optimized with the Yoast SEO plugin v25.6 - https:\/\/yoast.com\/wordpress\/plugins\/seo\/ -->\n<title>CL\u00c1USULA INFORMATIVA RGPD Y LSSI-CE - Casa Isabel<\/title>\n<meta name=\"robots\" content=\"noindex, follow\" \/>\n<meta property=\"og:locale\" content=\"it_IT\" \/>\n<meta property=\"og:type\" content=\"article\" \/>\n<meta property=\"og:title\" content=\"CL\u00c1USULA INFORMATIVA RGPD Y LSSI-CE - Casa Isabel\" \/>\n<meta property=\"og:description\" content=\"CL\u00c1USULA INFORMATIVA RGPD Y LSSI-CE De conformidad con lo establecido en la normativa vigente en Protecci\u00f3n de Datos de Car\u00e1cter Personal, le informamos que sus datos ser\u00e1n incorporados al sistema de tratamiento titularidad de HOSTELERIA Y SERVICIOS GENERALES SL con CIF B46598959 y domicilio social sito en PASEO MARITIMO, MODULO 4 46011, VALENCIA, con la [&hellip;]\" \/>\n<meta property=\"og:url\" content=\"https:\/\/casaisabel.es\/it\/clausula-informativa-rgpd-y-lssi-ce\/\" \/>\n<meta property=\"og:site_name\" content=\"Casa Isabel\" \/>\n<meta property=\"article:modified_time\" content=\"2023-11-06T11:36:03+00:00\" \/>\n<meta name=\"twitter:card\" content=\"summary_large_image\" \/>\n<meta name=\"twitter:label1\" content=\"Est. reading time\" \/>\n\t<meta name=\"twitter:data1\" content=\"2 minutes\" \/>\n<script type=\"application\/ld+json\" class=\"yoast-schema-graph\">{\"@context\":\"https:\/\/schema.org\",\"@graph\":[{\"@type\":\"WebPage\",\"@id\":\"https:\/\/casaisabel.es\/clausula-informativa-rgpd-y-lssi-ce\/\",\"url\":\"https:\/\/casaisabel.es\/clausula-informativa-rgpd-y-lssi-ce\/\",\"name\":\"CL\u00c1USULA INFORMATIVA RGPD Y LSSI-CE - Casa Isabel\",\"isPartOf\":{\"@id\":\"https:\/\/casaisabel.es\/#website\"},\"datePublished\":\"2023-09-30T15:39:18+00:00\",\"dateModified\":\"2023-11-06T11:36:03+00:00\",\"breadcrumb\":{\"@id\":\"https:\/\/casaisabel.es\/clausula-informativa-rgpd-y-lssi-ce\/#breadcrumb\"},\"inLanguage\":\"it-IT\",\"potentialAction\":[{\"@type\":\"ReadAction\",\"target\":[\"https:\/\/casaisabel.es\/clausula-informativa-rgpd-y-lssi-ce\/\"]}]},{\"@type\":\"BreadcrumbList\",\"@id\":\"https:\/\/casaisabel.es\/clausula-informativa-rgpd-y-lssi-ce\/#breadcrumb\",\"itemListElement\":[{\"@type\":\"ListItem\",\"position\":1,\"name\":\"Portada\",\"item\":\"https:\/\/casaisabel.es\/\"},{\"@type\":\"ListItem\",\"position\":2,\"name\":\"CL\u00c1USULA INFORMATIVA RGPD Y LSSI-CE\"}]},{\"@type\":\"WebSite\",\"@id\":\"https:\/\/casaisabel.es\/#website\",\"url\":\"https:\/\/casaisabel.es\/\",\"name\":\"Casa Isabel\",\"description\":\"S\u00f3lo otro sitio de WordPress\",\"publisher\":{\"@id\":\"https:\/\/casaisabel.es\/#organization\"},\"potentialAction\":[{\"@type\":\"SearchAction\",\"target\":{\"@type\":\"EntryPoint\",\"urlTemplate\":\"https:\/\/casaisabel.es\/?s={search_term_string}\"},\"query-input\":{\"@type\":\"PropertyValueSpecification\",\"valueRequired\":true,\"valueName\":\"search_term_string\"}}],\"inLanguage\":\"it-IT\"},{\"@type\":\"Organization\",\"@id\":\"https:\/\/casaisabel.es\/#organization\",\"name\":\"Casa Isabel\",\"url\":\"https:\/\/casaisabel.es\/\",\"logo\":{\"@type\":\"ImageObject\",\"inLanguage\":\"it-IT\",\"@id\":\"https:\/\/casaisabel.es\/#\/schema\/logo\/image\/\",\"url\":\"https:\/\/casaisabel.es\/wp-content\/uploads\/2023\/09\/casaIsabel.svg\",\"contentUrl\":\"https:\/\/casaisabel.es\/wp-content\/uploads\/2023\/09\/casaIsabel.svg\",\"width\":211,\"height\":49,\"caption\":\"Casa Isabel\"},\"image\":{\"@id\":\"https:\/\/casaisabel.es\/#\/schema\/logo\/image\/\"}}]}<\/script>\n<!-- \/ Yoast SEO plugin. -->","yoast_head_json":{"title":"CL\u00c1USULA INFORMATIVA RGPD Y LSSI-CE - Casa Isabel","robots":{"index":"noindex","follow":"follow"},"og_locale":"it_IT","og_type":"article","og_title":"CL\u00c1USULA INFORMATIVA RGPD Y LSSI-CE - Casa Isabel","og_description":"CL\u00c1USULA INFORMATIVA RGPD Y LSSI-CE De conformidad con lo establecido en la normativa vigente en Protecci\u00f3n de Datos de Car\u00e1cter Personal, le informamos que sus datos ser\u00e1n incorporados al sistema de tratamiento titularidad de HOSTELERIA Y SERVICIOS GENERALES SL con CIF B46598959 y domicilio social sito en PASEO MARITIMO, MODULO 4 46011, VALENCIA, con la [&hellip;]","og_url":"https:\/\/casaisabel.es\/it\/clausula-informativa-rgpd-y-lssi-ce\/","og_site_name":"Casa Isabel","article_modified_time":"2023-11-06T11:36:03+00:00","twitter_card":"summary_large_image","twitter_misc":{"Est. reading time":"2 minutes"},"schema":{"@context":"https:\/\/schema.org","@graph":[{"@type":"WebPage","@id":"https:\/\/casaisabel.es\/clausula-informativa-rgpd-y-lssi-ce\/","url":"https:\/\/casaisabel.es\/clausula-informativa-rgpd-y-lssi-ce\/","name":"CL\u00c1USULA INFORMATIVA RGPD Y LSSI-CE - Casa Isabel","isPartOf":{"@id":"https:\/\/casaisabel.es\/#website"},"datePublished":"2023-09-30T15:39:18+00:00","dateModified":"2023-11-06T11:36:03+00:00","breadcrumb":{"@id":"https:\/\/casaisabel.es\/clausula-informativa-rgpd-y-lssi-ce\/#breadcrumb"},"inLanguage":"it-IT","potentialAction":[{"@type":"ReadAction","target":["https:\/\/casaisabel.es\/clausula-informativa-rgpd-y-lssi-ce\/"]}]},{"@type":"BreadcrumbList","@id":"https:\/\/casaisabel.es\/clausula-informativa-rgpd-y-lssi-ce\/#breadcrumb","itemListElement":[{"@type":"ListItem","position":1,"name":"Portada","item":"https:\/\/casaisabel.es\/"},{"@type":"ListItem","position":2,"name":"CL\u00c1USULA INFORMATIVA RGPD Y LSSI-CE"}]},{"@type":"WebSite","@id":"https:\/\/casaisabel.es\/#website","url":"https:\/\/casaisabel.es\/","name":"Casa Isabel","description":"S\u00f3lo otro sitio de WordPress","publisher":{"@id":"https:\/\/casaisabel.es\/#organization"},"potentialAction":[{"@type":"SearchAction","target":{"@type":"EntryPoint","urlTemplate":"https:\/\/casaisabel.es\/?s={search_term_string}"},"query-input":{"@type":"PropertyValueSpecification","valueRequired":true,"valueName":"search_term_string"}}],"inLanguage":"it-IT"},{"@type":"Organization","@id":"https:\/\/casaisabel.es\/#organization","name":"Casa Isabel","url":"https:\/\/casaisabel.es\/","logo":{"@type":"ImageObject","inLanguage":"it-IT","@id":"https:\/\/casaisabel.es\/#\/schema\/logo\/image\/","url":"https:\/\/casaisabel.es\/wp-content\/uploads\/2023\/09\/casaIsabel.svg","contentUrl":"https:\/\/casaisabel.es\/wp-content\/uploads\/2023\/09\/casaIsabel.svg","width":211,"height":49,"caption":"Casa Isabel"},"image":{"@id":"https:\/\/casaisabel.es\/#\/schema\/logo\/image\/"}}]}},"_links":{"self":[{"href":"https:\/\/casaisabel.es\/it\/wp-json\/wp\/v2\/pages\/9226","targetHints":{"allow":["GET"]}}],"collection":[{"href":"https:\/\/casaisabel.es\/it\/wp-json\/wp\/v2\/pages"}],"about":[{"href":"https:\/\/casaisabel.es\/it\/wp-json\/wp\/v2\/types\/page"}],"author":[{"embeddable":true,"href":"https:\/\/casaisabel.es\/it\/wp-json\/wp\/v2\/users\/2"}],"replies":[{"embeddable":true,"href":"https:\/\/casaisabel.es\/it\/wp-json\/wp\/v2\/comments?post=9226"}],"version-history":[{"count":0,"href":"https:\/\/casaisabel.es\/it\/wp-json\/wp\/v2\/pages\/9226\/revisions"}],"wp:attachment":[{"href":"https:\/\/casaisabel.es\/it\/wp-json\/wp\/v2\/media?parent=9226"}],"curies":[{"name":"wp","href":"https:\/\/api.w.org\/{rel}","templated":true}]}}