{"id":9115,"date":"2023-09-29T23:50:37","date_gmt":"2023-09-29T23:50:37","guid":{"rendered":"https:\/\/casaisabel.upcofly.com\/?page_id=9115"},"modified":"2023-11-06T11:36:03","modified_gmt":"2023-11-06T11:36:03","slug":"pacchetto-bevande","status":"publish","type":"page","link":"https:\/\/casaisabel.es\/it\/pacchetto-bevande\/","title":{"rendered":"Pacchetto Bevande"},"content":{"rendered":"<div data-elementor-type=\"wp-page\" data-elementor-id=\"9115\" class=\"elementor elementor-9115\">\n\t\t\t\t\t\t<section class=\"elementor-section elementor-top-section elementor-element elementor-element-7d6a0ab3 elementor-section-full_width elementor-section-height-min-height elementor-section-items-stretch elementor-section-height-default\" data-id=\"7d6a0ab3\" data-element_type=\"section\" data-e-type=\"section\">\n\t\t\t\t\t\t<div class=\"elementor-container elementor-column-gap-no\">\n\t\t\t\t\t<div class=\"elementor-column elementor-col-100 elementor-top-column elementor-element elementor-element-489cfa0a\" data-id=\"489cfa0a\" data-element_type=\"column\" data-e-type=\"column\" data-settings=\"{&quot;background_background&quot;:&quot;classic&quot;}\">\n\t\t\t<div class=\"elementor-widget-wrap elementor-element-populated\">\n\t\t\t\t\t\t<div class=\"elementor-element elementor-element-343c8b69 elementor-widget elementor-widget-heading\" data-id=\"343c8b69\" data-element_type=\"widget\" data-e-type=\"widget\" data-widget_type=\"heading.default\">\n\t\t\t\t<div class=\"elementor-widget-container\">\n\t\t\t\t\t<h1 class=\"elementor-heading-title elementor-size-default\">Pacchetto bevande<\/h1>\t\t\t\t<\/div>\n\t\t\t\t<\/div>\n\t\t\t\t\t<\/div>\n\t\t<\/div>\n\t\t\t\t\t<\/div>\n\t\t<\/section>\n\t\t<div class=\"elementor-element elementor-element-17695ff2 e-flex e-con-boxed e-con e-parent\" data-id=\"17695ff2\" data-element_type=\"container\" data-e-type=\"container\" data-settings=\"{&quot;background_background&quot;:&quot;classic&quot;}\">\n\t\t\t\t\t<div class=\"e-con-inner\">\n\t\t\t\t<div class=\"elementor-element elementor-element-5166ce9c elementor-widget elementor-widget-html\" data-id=\"5166ce9c\" data-element_type=\"widget\" data-e-type=\"widget\" data-widget_type=\"html.default\">\n\t\t\t\t<div class=\"elementor-widget-container\">\n\t\t\t\t\t<section class=\"navegador-section\">\n<div class=\"navegador-menu\">\n    <a  href=\"https:\/\/casaisabel.es\/it\/menu\/\">Tra settimana<\/a>\n    <a href=\"https:\/\/casaisabel.es\/it\/menu-gourmet\/\">Gourmet<\/a>\n    <a   href=\"https:\/\/casaisabel.es\/it\/menu-gruppo\/\">Gruppi<\/a>\n    <a href=\"https:\/\/casaisabel.es\/it\/menu-select\/\">Selezionare<\/a>\n        <a class=\"carta-active\"  href=\"https:\/\/casaisabel.es\/it\/pacchetto-bevande\/\">Pacchetto Bevande<\/a>\n    \n<\/div>\n<\/section>\t\t\t\t<\/div>\n\t\t\t\t<\/div>\n\t\t\t\t\t<\/div>\n\t\t\t\t<\/div>\n\t\t<div class=\"elementor-element elementor-element-4656b178 e-con-full e-flex e-con e-parent\" data-id=\"4656b178\" data-element_type=\"container\" data-e-type=\"container\" data-settings=\"{&quot;background_background&quot;:&quot;classic&quot;}\">\n\t\t\t\t<div class=\"elementor-element elementor-element-2bc00156 elementor-widget elementor-widget-html\" data-id=\"2bc00156\" data-element_type=\"widget\" data-e-type=\"widget\" data-widget_type=\"html.default\">\n\t\t\t\t<div class=\"elementor-widget-container\">\n\t\t\t\t\t\n<div class=\"info-casa-isabel\"><p>Disponibile insieme ai menu Gourmet, Gruppi, Select<\/p><\/div>\n\n<div class=\"info-casa-isabel2\"><p> <br>Le bevande che superano questi limiti saranno addebitate al prezzo di listino.  <\/p><\/div><br>\n<div class=\"categoria-menu\"><p>Selezionare la combinazione<\/p><\/div>\n<div class=\"info-casa-isabel2\"><p>Non cumulabile <\/p><\/div>\n\n\n\t\t\t\t<\/div>\n\t\t\t\t<\/div>\n\t\t\t\t<div class=\"elementor-element elementor-element-1a7bbac6 elementor-widget elementor-widget-html\" data-id=\"1a7bbac6\" data-element_type=\"widget\" data-e-type=\"widget\" data-widget_type=\"html.default\">\n\t\t\t\t<div class=\"elementor-widget-container\">\n\t\t\t\t\t<section class=\"menu-casa-isabel grupos\">\n<div class=\"element-menu\">\n    <div class=\"product\">\n    <div class=\"image-product\"><\/div>\n    <div class=\"info-product\">\n        <div class=\"product-name\"><div class=\"namep\"><p><strong>Birra:<\/strong> 1 Brocca da 1 litro ogni 2 persone<\/p><\/div><div class=\"icons-product\"><\/div><\/div>\n    <\/div>\n<\/div>\n<\/div>\n<div class=\"element-menu\">\n    <div class=\"product\">\n    <div class=\"image-product\"><\/div>\n    <div class=\"info-product\">\n        <div class=\"product-name\"><div class=\"namep\"><p><strong>Vino Rioja della casa<\/strong> 1 bottiglia ogni 2 persone<\/p><\/div><div class=\"icons-product\"><\/div><\/div>\n    <\/div>\n<\/div>\n\n\n\n    \n<\/div>\n<div class=\"element-menu\">\n    <div class=\"product\">\n    <div class=\"image-product\"><\/div>\n    <div class=\"info-product\">\n        <div class=\"product-name\"><div class=\"namep\"><p><strong>Vino Verdejo della casa<\/strong> 1 bottiglia ogni 2 persone<\/p><\/div><div class=\"icons-product\"><\/div><\/div>\n    <\/div>\n<\/div>\n\n\n   \n<\/div>\n<div class=\"element-menu\">\n    <div class=\"product\">\n    <div class=\"image-product\"><\/div>\n    <div class=\"info-product\">\n        <div class=\"product-name\"><div class=\"namep\"><p><strong>Sangr\u00eda:<\/strong> 1 Sangria ogni 2 persone<\/p><\/div><div class=\"icons-product\"><\/div><\/div>\n      \n    <\/div>\n<\/div>\n\n\n\n\n<\/div>\n\n<\/section>\t\t\t\t<\/div>\n\t\t\t\t<\/div>\n\t\t\t\t<div class=\"elementor-element elementor-element-2f0a6456 elementor-widget elementor-widget-html\" data-id=\"2f0a6456\" data-element_type=\"widget\" data-e-type=\"widget\" data-widget_type=\"html.default\">\n\t\t\t\t<div class=\"elementor-widget-container\">\n\t\t\t\t\t<div class=\"categoria-menu\"><p>Bottiglia d'acqua da 1 litro inclusa ogni 4 persone<\/p><\/div>\n\t\t\t\t<\/div>\n\t\t\t\t<\/div>\n\t\t\t\t<div class=\"elementor-element elementor-element-14c8f64 elementor-widget elementor-widget-html\" data-id=\"14c8f64\" data-element_type=\"widget\" data-e-type=\"widget\" data-widget_type=\"html.default\">\n\t\t\t\t<div class=\"elementor-widget-container\">\n\t\t\t\t\t<br><br><div class=\"precio-menu\"><p>7\u20ac\/persona<\/p><\/div><br><br>\n\n\t\t\t\t<\/div>\n\t\t\t\t<\/div>\n\t\t\t\t<\/div>\n\t\t<div class=\"elementor-element elementor-element-31866c13 e-flex e-con-boxed e-con e-parent\" data-id=\"31866c13\" data-element_type=\"container\" data-e-type=\"container\" data-settings=\"{&quot;background_background&quot;:&quot;classic&quot;}\">\n\t\t\t\t\t<div class=\"e-con-inner\">\n\t\t\t\t<div class=\"elementor-element elementor-element-5a4b1383 elementor-widget elementor-widget-html\" data-id=\"5a4b1383\" data-element_type=\"widget\" data-e-type=\"widget\" data-widget_type=\"html.default\">\n\t\t\t\t<div class=\"elementor-widget-container\">\n\t\t\t\t\t<div class=\"info-casa-isabel\"><p>Guida agli allergeni<\/p><\/div>\t\t\t\t<\/div>\n\t\t\t\t<\/div>\n\t\t\t\t<div class=\"elementor-element elementor-element-ac3f31f elementor-widget elementor-widget-html\" data-id=\"ac3f31f\" data-element_type=\"widget\" data-e-type=\"widget\" data-widget_type=\"html.default\">\n\t\t\t\t<div class=\"elementor-widget-container\">\n\t\t\t\t\t<section class=\"guia-alergenos\">\n    <div  class=\"guia-alergenos-content\">\n        <div class=\"alergeno-element\">\n            <img decoding=\"async\" src=\"https:\/\/casaisabel.es\/wp-content\/uploads\/2023\/09\/1.svg\">\n            <p>Glutine<\/p>\n        <\/div>\n        <div class=\"alergeno-element\">\n            <img decoding=\"async\" src=\"https:\/\/casaisabel.es\/wp-content\/uploads\/2023\/09\/2.svg\">\n            <p>Crostacei<\/p>\n        <\/div>\n        <div class=\"alergeno-element\">\n            <img decoding=\"async\" src=\"https:\/\/casaisabel.es\/wp-content\/uploads\/2023\/09\/3.svg\">\n            <p>Uova<\/p>\n        <\/div>\n        <div class=\"alergeno-element\">\n            <img decoding=\"async\" src=\"https:\/\/casaisabel.es\/wp-content\/uploads\/2023\/09\/4.svg\">\n            <p>Pesce<\/p>\n        <\/div>\n        <div class=\"alergeno-element\">\n            <img decoding=\"async\" src=\"https:\/\/casaisabel.es\/wp-content\/uploads\/2023\/09\/5.svg\">\n            <p>Arachidi<\/p>\n        <\/div>\n        <div class=\"alergeno-element\">\n            <img decoding=\"async\" src=\"https:\/\/casaisabel.es\/wp-content\/uploads\/2023\/09\/6.svg\">\n            <p>Di soia<\/p>\n        <\/div>\n        <div class=\"alergeno-element\">\n            <img decoding=\"async\" src=\"https:\/\/casaisabel.es\/wp-content\/uploads\/2023\/09\/7.svg\">\n            <p>Caseificio<\/p>\n        <\/div>\n        <div class=\"alergeno-element\">\n            <img decoding=\"async\" src=\"https:\/\/casaisabel.es\/wp-content\/uploads\/2023\/09\/8.svg\">\n            <p>Frutta secca<\/p>\n        <\/div>\n        <div class=\"alergeno-element\">\n            <img decoding=\"async\" src=\"https:\/\/casaisabel.es\/wp-content\/uploads\/2023\/09\/9.svg\">\n            <p>Sedano<\/p>\n        <\/div>\n        <div class=\"alergeno-element\">\n            <img decoding=\"async\" src=\"https:\/\/casaisabel.es\/wp-content\/uploads\/2023\/09\/10.svg\">\n            <p>Senape<\/p>\n        <\/div>\n        <div class=\"alergeno-element\">\n            <img decoding=\"async\" src=\"https:\/\/casaisabel.es\/wp-content\/uploads\/2023\/09\/11.svg\">\n            <p>Sesamo<\/p>\n        <\/div>\n        <div class=\"alergeno-element\">\n            <img decoding=\"async\" src=\"https:\/\/casaisabel.es\/wp-content\/uploads\/2023\/09\/12.svg\">\n            <p>Solfiti<\/p>\n        <\/div>\n        <div class=\"alergeno-element\">\n            <img decoding=\"async\" src=\"https:\/\/casaisabel.es\/wp-content\/uploads\/2023\/09\/13.svg\">\n            <p>Lupini<\/p>\n        <\/div>\n        <div class=\"alergeno-element\">\n            <img decoding=\"async\" src=\"https:\/\/casaisabel.es\/wp-content\/uploads\/2023\/09\/14.svg\">\n            <p>Molluschi<\/p>\n        <\/div>\n    <\/div>\n<\/section>\t\t\t\t<\/div>\n\t\t\t\t<\/div>\n\t\t\t\t\t<\/div>\n\t\t\t\t<\/div>\n\t\t\t\t<\/div>","protected":false},"excerpt":{"rendered":"<p>pack bebidas Entre Semana Gourmet Grupos Select Pack Bebidas Disponible junto a los men\u00fas Gourmet, Grupos, Select Las bebidas que excedan de estos l\u00edmites se cobrar\u00e1n a precio de carta seleccionar combinaci\u00f3n No acumulable Cerveza: 1 Jarra de 1L cada 2 personas Vino rioja de la casa: 1 botella cada 2 personas Vino Verdejo de [&hellip;]<\/p>","protected":false},"author":2,"featured_media":8319,"parent":0,"menu_order":0,"comment_status":"closed","ping_status":"closed","template":"","meta":{"site-sidebar-layout":"no-sidebar","site-content-layout":"page-builder","ast-site-content-layout":"full-width-container","site-content-style":"default","site-sidebar-style":"default","ast-global-header-display":"","ast-banner-title-visibility":"","ast-main-header-display":"","ast-hfb-above-header-display":"","ast-hfb-below-header-display":"","ast-hfb-mobile-header-display":"","site-post-title":"disabled","ast-breadcrumbs-content":"","ast-featured-img":"disabled","footer-sml-layout":"","theme-transparent-header-meta":"","adv-header-id-meta":"","stick-header-meta":"","header-above-stick-meta":"","header-main-stick-meta":"","header-below-stick-meta":"","astra-migrate-meta-layouts":"set","ast-page-background-enabled":"default","ast-page-background-meta":{"desktop":{"background-color":"var(--ast-global-color-4)","background-image":"","background-repeat":"repeat","background-position":"center center","background-size":"auto","background-attachment":"scroll","background-type":"","background-media":"","overlay-type":"","overlay-color":"","overlay-opacity":"","overlay-gradient":""},"tablet":{"background-color":"","background-image":"","background-repeat":"repeat","background-position":"center center","background-size":"auto","background-attachment":"scroll","background-type":"","background-media":"","overlay-type":"","overlay-color":"","overlay-opacity":"","overlay-gradient":""},"mobile":{"background-color":"","background-image":"","background-repeat":"repeat","background-position":"center center","background-size":"auto","background-attachment":"scroll","background-type":"","background-media":"","overlay-type":"","overlay-color":"","overlay-opacity":"","overlay-gradient":""}},"ast-content-background-meta":{"desktop":{"background-color":"var(--ast-global-color-5)","background-image":"","background-repeat":"repeat","background-position":"center center","background-size":"auto","background-attachment":"scroll","background-type":"","background-media":"","overlay-type":"","overlay-color":"","overlay-opacity":"","overlay-gradient":""},"tablet":{"background-color":"var(--ast-global-color-5)","background-image":"","background-repeat":"repeat","background-position":"center center","background-size":"auto","background-attachment":"scroll","background-type":"","background-media":"","overlay-type":"","overlay-color":"","overlay-opacity":"","overlay-gradient":""},"mobile":{"background-color":"var(--ast-global-color-5)","background-image":"","background-repeat":"repeat","background-position":"center center","background-size":"auto","background-attachment":"scroll","background-type":"","background-media":"","overlay-type":"","overlay-color":"","overlay-opacity":"","overlay-gradient":""}},"footnotes":""},"class_list":["post-9115","page","type-page","status-publish","has-post-thumbnail","hentry"],"yoast_head":"<!-- This site is optimized with the Yoast SEO plugin v25.6 - https:\/\/yoast.com\/wordpress\/plugins\/seo\/ -->\n<title>Pack Bebidas para Men\u00fas - Restaurante Casa Isabel<\/title>\n<meta name=\"description\" content=\"Pack de Bebidas para acompa\u00f1ar los Men\u00fas de Grupos, Gourmet y Select\" \/>\n<meta name=\"robots\" content=\"index, follow, max-snippet:-1, max-image-preview:large, max-video-preview:-1\" \/>\n<link rel=\"canonical\" href=\"https:\/\/casaisabel.es\/it\/pacchetto-bevande\/\" \/>\n<meta property=\"og:locale\" content=\"it_IT\" \/>\n<meta property=\"og:type\" content=\"article\" \/>\n<meta property=\"og:title\" content=\"Pack Bebidas para Men\u00fas - Restaurante Casa Isabel\" \/>\n<meta property=\"og:description\" content=\"Pack de Bebidas para acompa\u00f1ar los Men\u00fas de Grupos, Gourmet y Select\" \/>\n<meta property=\"og:url\" content=\"https:\/\/casaisabel.es\/it\/pacchetto-bevande\/\" \/>\n<meta property=\"og:site_name\" content=\"Casa Isabel\" \/>\n<meta property=\"article:modified_time\" content=\"2023-11-06T11:36:03+00:00\" \/>\n<meta property=\"og:image\" content=\"https:\/\/casaisabel.es\/wp-content\/uploads\/2023\/09\/paella-playa-valencia-vistas.jpg\" \/>\n\t<meta property=\"og:image:width\" content=\"640\" \/>\n\t<meta property=\"og:image:height\" content=\"920\" \/>\n\t<meta property=\"og:image:type\" content=\"image\/jpeg\" \/>\n<meta name=\"twitter:card\" content=\"summary_large_image\" \/>\n<meta name=\"twitter:label1\" content=\"Est. reading time\" \/>\n\t<meta name=\"twitter:data1\" content=\"4 minutes\" \/>\n<script type=\"application\/ld+json\" class=\"yoast-schema-graph\">{\"@context\":\"https:\/\/schema.org\",\"@graph\":[{\"@type\":\"WebPage\",\"@id\":\"https:\/\/casaisabel.es\/pack-bebidas\/\",\"url\":\"https:\/\/casaisabel.es\/pack-bebidas\/\",\"name\":\"Pack Bebidas para Men\u00fas - Restaurante Casa Isabel\",\"isPartOf\":{\"@id\":\"https:\/\/casaisabel.es\/#website\"},\"primaryImageOfPage\":{\"@id\":\"https:\/\/casaisabel.es\/pack-bebidas\/#primaryimage\"},\"image\":{\"@id\":\"https:\/\/casaisabel.es\/pack-bebidas\/#primaryimage\"},\"thumbnailUrl\":\"https:\/\/casaisabel.es\/wp-content\/uploads\/2023\/09\/paella-playa-valencia-vistas.jpg\",\"datePublished\":\"2023-09-29T23:50:37+00:00\",\"dateModified\":\"2023-11-06T11:36:03+00:00\",\"description\":\"Pack de Bebidas para acompa\u00f1ar los Men\u00fas de Grupos, Gourmet y Select\",\"breadcrumb\":{\"@id\":\"https:\/\/casaisabel.es\/pack-bebidas\/#breadcrumb\"},\"inLanguage\":\"it-IT\",\"potentialAction\":[{\"@type\":\"ReadAction\",\"target\":[\"https:\/\/casaisabel.es\/pack-bebidas\/\"]}]},{\"@type\":\"ImageObject\",\"inLanguage\":\"it-IT\",\"@id\":\"https:\/\/casaisabel.es\/pack-bebidas\/#primaryimage\",\"url\":\"https:\/\/casaisabel.es\/wp-content\/uploads\/2023\/09\/paella-playa-valencia-vistas.jpg\",\"contentUrl\":\"https:\/\/casaisabel.es\/wp-content\/uploads\/2023\/09\/paella-playa-valencia-vistas.jpg\",\"width\":640,\"height\":920},{\"@type\":\"BreadcrumbList\",\"@id\":\"https:\/\/casaisabel.es\/pack-bebidas\/#breadcrumb\",\"itemListElement\":[{\"@type\":\"ListItem\",\"position\":1,\"name\":\"Portada\",\"item\":\"https:\/\/casaisabel.es\/\"},{\"@type\":\"ListItem\",\"position\":2,\"name\":\"Pack Bebidas\"}]},{\"@type\":\"WebSite\",\"@id\":\"https:\/\/casaisabel.es\/#website\",\"url\":\"https:\/\/casaisabel.es\/\",\"name\":\"Casa Isabel\",\"description\":\"S\u00f3lo otro sitio de WordPress\",\"publisher\":{\"@id\":\"https:\/\/casaisabel.es\/#organization\"},\"potentialAction\":[{\"@type\":\"SearchAction\",\"target\":{\"@type\":\"EntryPoint\",\"urlTemplate\":\"https:\/\/casaisabel.es\/?s={search_term_string}\"},\"query-input\":{\"@type\":\"PropertyValueSpecification\",\"valueRequired\":true,\"valueName\":\"search_term_string\"}}],\"inLanguage\":\"it-IT\"},{\"@type\":\"Organization\",\"@id\":\"https:\/\/casaisabel.es\/#organization\",\"name\":\"Casa Isabel\",\"url\":\"https:\/\/casaisabel.es\/\",\"logo\":{\"@type\":\"ImageObject\",\"inLanguage\":\"it-IT\",\"@id\":\"https:\/\/casaisabel.es\/#\/schema\/logo\/image\/\",\"url\":\"https:\/\/casaisabel.es\/wp-content\/uploads\/2023\/09\/casaIsabel.svg\",\"contentUrl\":\"https:\/\/casaisabel.es\/wp-content\/uploads\/2023\/09\/casaIsabel.svg\",\"width\":211,\"height\":49,\"caption\":\"Casa Isabel\"},\"image\":{\"@id\":\"https:\/\/casaisabel.es\/#\/schema\/logo\/image\/\"}}]}<\/script>\n<!-- \/ Yoast SEO plugin. -->","yoast_head_json":{"title":"Men\u00f9 Bevande Pacchetto - Ristorante Casa Isabel","description":"Pacchetto Bevande per accompagnare i Men\u00f9 Gruppi, Gourmet e Select","robots":{"index":"index","follow":"follow","max-snippet":"max-snippet:-1","max-image-preview":"max-image-preview:large","max-video-preview":"max-video-preview:-1"},"canonical":"https:\/\/casaisabel.es\/it\/pacchetto-bevande\/","og_locale":"it_IT","og_type":"article","og_title":"Pack Bebidas para Men\u00fas - Restaurante Casa Isabel","og_description":"Pack de Bebidas para acompa\u00f1ar los Men\u00fas de Grupos, Gourmet y Select","og_url":"https:\/\/casaisabel.es\/it\/pacchetto-bevande\/","og_site_name":"Casa Isabel","article_modified_time":"2023-11-06T11:36:03+00:00","og_image":[{"width":640,"height":920,"url":"https:\/\/casaisabel.es\/wp-content\/uploads\/2023\/09\/paella-playa-valencia-vistas.jpg","type":"image\/jpeg"}],"twitter_card":"summary_large_image","twitter_misc":{"Est. reading time":"4 minutes"},"schema":{"@context":"https:\/\/schema.org","@graph":[{"@type":"WebPage","@id":"https:\/\/casaisabel.es\/pack-bebidas\/","url":"https:\/\/casaisabel.es\/pack-bebidas\/","name":"Men\u00f9 Bevande Pacchetto - Ristorante Casa Isabel","isPartOf":{"@id":"https:\/\/casaisabel.es\/#website"},"primaryImageOfPage":{"@id":"https:\/\/casaisabel.es\/pack-bebidas\/#primaryimage"},"image":{"@id":"https:\/\/casaisabel.es\/pack-bebidas\/#primaryimage"},"thumbnailUrl":"https:\/\/casaisabel.es\/wp-content\/uploads\/2023\/09\/paella-playa-valencia-vistas.jpg","datePublished":"2023-09-29T23:50:37+00:00","dateModified":"2023-11-06T11:36:03+00:00","description":"Pacchetto Bevande per accompagnare i Men\u00f9 Gruppi, Gourmet e Select","breadcrumb":{"@id":"https:\/\/casaisabel.es\/pack-bebidas\/#breadcrumb"},"inLanguage":"it-IT","potentialAction":[{"@type":"ReadAction","target":["https:\/\/casaisabel.es\/pack-bebidas\/"]}]},{"@type":"ImageObject","inLanguage":"it-IT","@id":"https:\/\/casaisabel.es\/pack-bebidas\/#primaryimage","url":"https:\/\/casaisabel.es\/wp-content\/uploads\/2023\/09\/paella-playa-valencia-vistas.jpg","contentUrl":"https:\/\/casaisabel.es\/wp-content\/uploads\/2023\/09\/paella-playa-valencia-vistas.jpg","width":640,"height":920},{"@type":"BreadcrumbList","@id":"https:\/\/casaisabel.es\/pack-bebidas\/#breadcrumb","itemListElement":[{"@type":"ListItem","position":1,"name":"Portada","item":"https:\/\/casaisabel.es\/"},{"@type":"ListItem","position":2,"name":"Pack Bebidas"}]},{"@type":"WebSite","@id":"https:\/\/casaisabel.es\/#website","url":"https:\/\/casaisabel.es\/","name":"Casa Isabel","description":"S\u00f3lo otro sitio de WordPress","publisher":{"@id":"https:\/\/casaisabel.es\/#organization"},"potentialAction":[{"@type":"SearchAction","target":{"@type":"EntryPoint","urlTemplate":"https:\/\/casaisabel.es\/?s={search_term_string}"},"query-input":{"@type":"PropertyValueSpecification","valueRequired":true,"valueName":"search_term_string"}}],"inLanguage":"it-IT"},{"@type":"Organization","@id":"https:\/\/casaisabel.es\/#organization","name":"Casa Isabel","url":"https:\/\/casaisabel.es\/","logo":{"@type":"ImageObject","inLanguage":"it-IT","@id":"https:\/\/casaisabel.es\/#\/schema\/logo\/image\/","url":"https:\/\/casaisabel.es\/wp-content\/uploads\/2023\/09\/casaIsabel.svg","contentUrl":"https:\/\/casaisabel.es\/wp-content\/uploads\/2023\/09\/casaIsabel.svg","width":211,"height":49,"caption":"Casa Isabel"},"image":{"@id":"https:\/\/casaisabel.es\/#\/schema\/logo\/image\/"}}]}},"_links":{"self":[{"href":"https:\/\/casaisabel.es\/it\/wp-json\/wp\/v2\/pages\/9115","targetHints":{"allow":["GET"]}}],"collection":[{"href":"https:\/\/casaisabel.es\/it\/wp-json\/wp\/v2\/pages"}],"about":[{"href":"https:\/\/casaisabel.es\/it\/wp-json\/wp\/v2\/types\/page"}],"author":[{"embeddable":true,"href":"https:\/\/casaisabel.es\/it\/wp-json\/wp\/v2\/users\/2"}],"replies":[{"embeddable":true,"href":"https:\/\/casaisabel.es\/it\/wp-json\/wp\/v2\/comments?post=9115"}],"version-history":[{"count":0,"href":"https:\/\/casaisabel.es\/it\/wp-json\/wp\/v2\/pages\/9115\/revisions"}],"wp:featuredmedia":[{"embeddable":true,"href":"https:\/\/casaisabel.es\/it\/wp-json\/wp\/v2\/media\/8319"}],"wp:attachment":[{"href":"https:\/\/casaisabel.es\/it\/wp-json\/wp\/v2\/media?parent=9115"}],"curies":[{"name":"wp","href":"https:\/\/api.w.org\/{rel}","templated":true}]}}