{"id":9345,"date":"2023-09-30T22:29:16","date_gmt":"2023-09-30T22:29:16","guid":{"rendered":"https:\/\/casaisabel.upcofly.com\/?post_type=product&#038;p=9345"},"modified":"2024-06-06T07:46:48","modified_gmt":"2024-06-06T07:46:48","slug":"garantia-de-asistencia-1-pax","status":"publish","type":"product","link":"https:\/\/casaisabel.es\/fr\/produit\/garantia-de-asistencia-1-pax\/","title":{"rendered":"Garantie d'assistance pour 1 personne."},"content":{"rendered":"<p>Cette charge est une <strong>garantie d'assistance<\/strong> pour votre r\u00e9servation au restaurant Casa Isabel.<\/p>\n<ul>\n<li>Vous devez acheter un PAX pour chaque personne r\u00e9serv\u00e9e.<\/li>\n<li>Vous pouvez annuler la r\u00e9servation en totalit\u00e9 ou partiellement avec un pr\u00e9avis de 4 heures.<\/li>\n<li>En caso de cancelar cumpliendo nuestra pol\u00edtica de cancelaci\u00f3n el dinero pagado le ser\u00e1 reembolsado.<\/li>\n<\/ul>","protected":false},"excerpt":{"rendered":"<p>Cette charge est une <strong>garantie d'assistance<\/strong> pour votre r\u00e9servation au restaurant Casa Isabel.<\/p>\n<ul>\n<li>Vous devez acheter un PAX pour chaque personne r\u00e9serv\u00e9e.<\/li>\n<li>Vous pouvez annuler la r\u00e9servation en totalit\u00e9 ou partiellement avec un pr\u00e9avis de 4 heures.<\/li>\n<li>En caso de cancelar cumpliendo nuestra pol\u00edtica de cancelaci\u00f3n el dinero pagado le ser\u00e1 reembolsado.<\/li>\n<\/ul>","protected":false},"featured_media":10130,"comment_status":"closed","ping_status":"closed","template":"","meta":{"site-sidebar-layout":"default","site-content-layout":"","ast-site-content-layout":"default","site-content-style":"default","site-sidebar-style":"default","ast-global-header-display":"","ast-banner-title-visibility":"","ast-main-header-display":"","ast-hfb-above-header-display":"","ast-hfb-below-header-display":"","ast-hfb-mobile-header-display":"","site-post-title":"","ast-breadcrumbs-content":"","ast-featured-img":"","footer-sml-layout":"","theme-transparent-header-meta":"default","adv-header-id-meta":"","stick-header-meta":"default","header-above-stick-meta":"","header-main-stick-meta":"","header-below-stick-meta":"","astra-migrate-meta-layouts":"set","ast-page-background-enabled":"default","ast-page-background-meta":{"desktop":{"background-color":"var(--ast-global-color-4)","background-image":"","background-repeat":"repeat","background-position":"center center","background-size":"auto","background-attachment":"scroll","background-type":"","background-media":"","overlay-type":"","overlay-color":"","overlay-opacity":"","overlay-gradient":""},"tablet":{"background-color":"","background-image":"","background-repeat":"repeat","background-position":"center center","background-size":"auto","background-attachment":"scroll","background-type":"","background-media":"","overlay-type":"","overlay-color":"","overlay-opacity":"","overlay-gradient":""},"mobile":{"background-color":"","background-image":"","background-repeat":"repeat","background-position":"center center","background-size":"auto","background-attachment":"scroll","background-type":"","background-media":"","overlay-type":"","overlay-color":"","overlay-opacity":"","overlay-gradient":""}},"ast-content-background-meta":{"desktop":{"background-color":"var(--ast-global-color-5)","background-image":"","background-repeat":"repeat","background-position":"center center","background-size":"auto","background-attachment":"scroll","background-type":"","background-media":"","overlay-type":"","overlay-color":"","overlay-opacity":"","overlay-gradient":""},"tablet":{"background-color":"var(--ast-global-color-5)","background-image":"","background-repeat":"repeat","background-position":"center center","background-size":"auto","background-attachment":"scroll","background-type":"","background-media":"","overlay-type":"","overlay-color":"","overlay-opacity":"","overlay-gradient":""},"mobile":{"background-color":"var(--ast-global-color-5)","background-image":"","background-repeat":"repeat","background-position":"center center","background-size":"auto","background-attachment":"scroll","background-type":"","background-media":"","overlay-type":"","overlay-color":"","overlay-opacity":"","overlay-gradient":""}}},"product_brand":[],"product_cat":[198],"product_tag":[],"class_list":{"0":"post-9345","1":"product","2":"type-product","3":"status-publish","4":"has-post-thumbnail","6":"product_cat-sin-categorizar","7":"desktop-align-left","8":"tablet-align-left","9":"mobile-align-left","10":"ast-product-gallery-layout-first-image-large","11":"ast-product-gallery-with-no-image","13":"first","14":"instock","15":"shipping-taxable","16":"purchasable","17":"product-type-simple"},"yoast_head":"<!-- This site is optimized with the Yoast SEO plugin v25.6 - https:\/\/yoast.com\/wordpress\/plugins\/seo\/ -->\n<title>Garant\u00eda de asistencia 1 pax. - Casa Isabel<\/title>\n<meta name=\"robots\" content=\"index, follow, max-snippet:-1, max-image-preview:large, max-video-preview:-1\" \/>\n<link rel=\"canonical\" href=\"https:\/\/casaisabel.es\/fr\/produit\/garantia-de-asistencia-1-pax\/\" \/>\n<meta property=\"og:locale\" content=\"fr_FR\" \/>\n<meta property=\"og:type\" content=\"article\" \/>\n<meta property=\"og:title\" content=\"Garant\u00eda de asistencia 1 pax. - Casa Isabel\" \/>\n<meta property=\"og:description\" content=\"Este cargo es una garant\u00eda de asistencia sobre su reserva en Restaurante Casa Isabel.   Debe realizar la compra de un PAX por cada persona reservada.  Puede cancelar la reserva total o parcialmente hasta con una antelaci\u00f3n de 4 horas.  En caso de cancelar cumpliendo nuestra pol\u00edtica de cancelaci\u00f3n el dinero pagado le ser\u00e1 reembolsado.\" \/>\n<meta property=\"og:url\" content=\"https:\/\/casaisabel.es\/fr\/produit\/garantia-de-asistencia-1-pax\/\" \/>\n<meta property=\"og:site_name\" content=\"Casa Isabel\" \/>\n<meta property=\"article:modified_time\" content=\"2024-06-06T07:46:48+00:00\" \/>\n<meta property=\"og:image\" content=\"https:\/\/casaisabel.es\/wp-content\/uploads\/2023\/09\/reserva.jpg\" \/>\n\t<meta property=\"og:image:width\" content=\"800\" \/>\n\t<meta property=\"og:image:height\" content=\"800\" \/>\n\t<meta property=\"og:image:type\" content=\"image\/jpeg\" \/>\n<meta name=\"twitter:card\" content=\"summary_large_image\" \/>\n<meta name=\"twitter:label1\" content=\"Dur\u00e9e de lecture estim\u00e9e\" \/>\n\t<meta name=\"twitter:data1\" content=\"1 minute\" \/>\n<script type=\"application\/ld+json\" class=\"yoast-schema-graph\">{\"@context\":\"https:\/\/schema.org\",\"@graph\":[{\"@type\":\"WebPage\",\"@id\":\"https:\/\/casaisabel.es\/producto\/garantia-de-asistencia-1-pax\/\",\"url\":\"https:\/\/casaisabel.es\/producto\/garantia-de-asistencia-1-pax\/\",\"name\":\"Garant\u00eda de asistencia 1 pax. - Casa Isabel\",\"isPartOf\":{\"@id\":\"https:\/\/casaisabel.es\/#website\"},\"primaryImageOfPage\":{\"@id\":\"https:\/\/casaisabel.es\/producto\/garantia-de-asistencia-1-pax\/#primaryimage\"},\"image\":{\"@id\":\"https:\/\/casaisabel.es\/producto\/garantia-de-asistencia-1-pax\/#primaryimage\"},\"thumbnailUrl\":\"https:\/\/casaisabel.es\/wp-content\/uploads\/2023\/09\/reserva.jpg\",\"datePublished\":\"2023-09-30T22:29:16+00:00\",\"dateModified\":\"2024-06-06T07:46:48+00:00\",\"breadcrumb\":{\"@id\":\"https:\/\/casaisabel.es\/producto\/garantia-de-asistencia-1-pax\/#breadcrumb\"},\"inLanguage\":\"fr-FR\",\"potentialAction\":[{\"@type\":\"ReadAction\",\"target\":[\"https:\/\/casaisabel.es\/producto\/garantia-de-asistencia-1-pax\/\"]}]},{\"@type\":\"ImageObject\",\"inLanguage\":\"fr-FR\",\"@id\":\"https:\/\/casaisabel.es\/producto\/garantia-de-asistencia-1-pax\/#primaryimage\",\"url\":\"https:\/\/casaisabel.es\/wp-content\/uploads\/2023\/09\/reserva.jpg\",\"contentUrl\":\"https:\/\/casaisabel.es\/wp-content\/uploads\/2023\/09\/reserva.jpg\",\"width\":800,\"height\":800},{\"@type\":\"BreadcrumbList\",\"@id\":\"https:\/\/casaisabel.es\/producto\/garantia-de-asistencia-1-pax\/#breadcrumb\",\"itemListElement\":[{\"@type\":\"ListItem\",\"position\":1,\"name\":\"Portada\",\"item\":\"https:\/\/casaisabel.es\/\"},{\"@type\":\"ListItem\",\"position\":2,\"name\":\"Hemos recibido su reserva\",\"item\":\"https:\/\/casaisabel.es\/hemos-recibido-su-reserva\/\"},{\"@type\":\"ListItem\",\"position\":3,\"name\":\"Garant\u00eda de asistencia 1 pax.\"}]},{\"@type\":\"WebSite\",\"@id\":\"https:\/\/casaisabel.es\/#website\",\"url\":\"https:\/\/casaisabel.es\/\",\"name\":\"Casa Isabel\",\"description\":\"S\u00f3lo otro sitio de WordPress\",\"publisher\":{\"@id\":\"https:\/\/casaisabel.es\/#organization\"},\"potentialAction\":[{\"@type\":\"SearchAction\",\"target\":{\"@type\":\"EntryPoint\",\"urlTemplate\":\"https:\/\/casaisabel.es\/?s={search_term_string}\"},\"query-input\":{\"@type\":\"PropertyValueSpecification\",\"valueRequired\":true,\"valueName\":\"search_term_string\"}}],\"inLanguage\":\"fr-FR\"},{\"@type\":\"Organization\",\"@id\":\"https:\/\/casaisabel.es\/#organization\",\"name\":\"Casa Isabel\",\"url\":\"https:\/\/casaisabel.es\/\",\"logo\":{\"@type\":\"ImageObject\",\"inLanguage\":\"fr-FR\",\"@id\":\"https:\/\/casaisabel.es\/#\/schema\/logo\/image\/\",\"url\":\"https:\/\/casaisabel.es\/wp-content\/uploads\/2023\/09\/casaIsabel.svg\",\"contentUrl\":\"https:\/\/casaisabel.es\/wp-content\/uploads\/2023\/09\/casaIsabel.svg\",\"width\":211,\"height\":49,\"caption\":\"Casa Isabel\"},\"image\":{\"@id\":\"https:\/\/casaisabel.es\/#\/schema\/logo\/image\/\"}}]}<\/script>\n<!-- \/ Yoast SEO plugin. -->","yoast_head_json":{"title":"Garant\u00eda de asistencia 1 pax. - Casa Isabel","robots":{"index":"index","follow":"follow","max-snippet":"max-snippet:-1","max-image-preview":"max-image-preview:large","max-video-preview":"max-video-preview:-1"},"canonical":"https:\/\/casaisabel.es\/fr\/produit\/garantia-de-asistencia-1-pax\/","og_locale":"fr_FR","og_type":"article","og_title":"Garant\u00eda de asistencia 1 pax. - Casa Isabel","og_description":"Este cargo es una garant\u00eda de asistencia sobre su reserva en Restaurante Casa Isabel.   Debe realizar la compra de un PAX por cada persona reservada.  Puede cancelar la reserva total o parcialmente hasta con una antelaci\u00f3n de 4 horas.  En caso de cancelar cumpliendo nuestra pol\u00edtica de cancelaci\u00f3n el dinero pagado le ser\u00e1 reembolsado.","og_url":"https:\/\/casaisabel.es\/fr\/produit\/garantia-de-asistencia-1-pax\/","og_site_name":"Casa Isabel","article_modified_time":"2024-06-06T07:46:48+00:00","og_image":[{"width":800,"height":800,"url":"https:\/\/casaisabel.es\/wp-content\/uploads\/2023\/09\/reserva.jpg","type":"image\/jpeg"}],"twitter_card":"summary_large_image","twitter_misc":{"Dur\u00e9e de lecture estim\u00e9e":"1 minute"},"schema":{"@context":"https:\/\/schema.org","@graph":[{"@type":"WebPage","@id":"https:\/\/casaisabel.es\/producto\/garantia-de-asistencia-1-pax\/","url":"https:\/\/casaisabel.es\/producto\/garantia-de-asistencia-1-pax\/","name":"Garant\u00eda de asistencia 1 pax. - Casa Isabel","isPartOf":{"@id":"https:\/\/casaisabel.es\/#website"},"primaryImageOfPage":{"@id":"https:\/\/casaisabel.es\/producto\/garantia-de-asistencia-1-pax\/#primaryimage"},"image":{"@id":"https:\/\/casaisabel.es\/producto\/garantia-de-asistencia-1-pax\/#primaryimage"},"thumbnailUrl":"https:\/\/casaisabel.es\/wp-content\/uploads\/2023\/09\/reserva.jpg","datePublished":"2023-09-30T22:29:16+00:00","dateModified":"2024-06-06T07:46:48+00:00","breadcrumb":{"@id":"https:\/\/casaisabel.es\/producto\/garantia-de-asistencia-1-pax\/#breadcrumb"},"inLanguage":"fr-FR","potentialAction":[{"@type":"ReadAction","target":["https:\/\/casaisabel.es\/producto\/garantia-de-asistencia-1-pax\/"]}]},{"@type":"ImageObject","inLanguage":"fr-FR","@id":"https:\/\/casaisabel.es\/producto\/garantia-de-asistencia-1-pax\/#primaryimage","url":"https:\/\/casaisabel.es\/wp-content\/uploads\/2023\/09\/reserva.jpg","contentUrl":"https:\/\/casaisabel.es\/wp-content\/uploads\/2023\/09\/reserva.jpg","width":800,"height":800},{"@type":"BreadcrumbList","@id":"https:\/\/casaisabel.es\/producto\/garantia-de-asistencia-1-pax\/#breadcrumb","itemListElement":[{"@type":"ListItem","position":1,"name":"Portada","item":"https:\/\/casaisabel.es\/"},{"@type":"ListItem","position":2,"name":"Hemos recibido su reserva","item":"https:\/\/casaisabel.es\/hemos-recibido-su-reserva\/"},{"@type":"ListItem","position":3,"name":"Garant\u00eda de asistencia 1 pax."}]},{"@type":"WebSite","@id":"https:\/\/casaisabel.es\/#website","url":"https:\/\/casaisabel.es\/","name":"Casa Isabel","description":"S\u00f3lo otro sitio de WordPress","publisher":{"@id":"https:\/\/casaisabel.es\/#organization"},"potentialAction":[{"@type":"SearchAction","target":{"@type":"EntryPoint","urlTemplate":"https:\/\/casaisabel.es\/?s={search_term_string}"},"query-input":{"@type":"PropertyValueSpecification","valueRequired":true,"valueName":"search_term_string"}}],"inLanguage":"fr-FR"},{"@type":"Organization","@id":"https:\/\/casaisabel.es\/#organization","name":"Casa Isabel","url":"https:\/\/casaisabel.es\/","logo":{"@type":"ImageObject","inLanguage":"fr-FR","@id":"https:\/\/casaisabel.es\/#\/schema\/logo\/image\/","url":"https:\/\/casaisabel.es\/wp-content\/uploads\/2023\/09\/casaIsabel.svg","contentUrl":"https:\/\/casaisabel.es\/wp-content\/uploads\/2023\/09\/casaIsabel.svg","width":211,"height":49,"caption":"Casa Isabel"},"image":{"@id":"https:\/\/casaisabel.es\/#\/schema\/logo\/image\/"}}]}},"_links":{"self":[{"href":"https:\/\/casaisabel.es\/fr\/wp-json\/wp\/v2\/product\/9345","targetHints":{"allow":["GET"]}}],"collection":[{"href":"https:\/\/casaisabel.es\/fr\/wp-json\/wp\/v2\/product"}],"about":[{"href":"https:\/\/casaisabel.es\/fr\/wp-json\/wp\/v2\/types\/product"}],"replies":[{"embeddable":true,"href":"https:\/\/casaisabel.es\/fr\/wp-json\/wp\/v2\/comments?post=9345"}],"version-history":[{"count":0,"href":"https:\/\/casaisabel.es\/fr\/wp-json\/wp\/v2\/product\/9345\/revisions"}],"wp:featuredmedia":[{"embeddable":true,"href":"https:\/\/casaisabel.es\/fr\/wp-json\/wp\/v2\/media\/10130"}],"wp:attachment":[{"href":"https:\/\/casaisabel.es\/fr\/wp-json\/wp\/v2\/media?parent=9345"}],"wp:term":[{"taxonomy":"product_brand","embeddable":true,"href":"https:\/\/casaisabel.es\/fr\/wp-json\/wp\/v2\/product_brand?post=9345"},{"taxonomy":"product_cat","embeddable":true,"href":"https:\/\/casaisabel.es\/fr\/wp-json\/wp\/v2\/product_cat?post=9345"},{"taxonomy":"product_tag","embeddable":true,"href":"https:\/\/casaisabel.es\/fr\/wp-json\/wp\/v2\/product_tag?post=9345"}],"curies":[{"name":"wp","href":"https:\/\/api.w.org\/{rel}","templated":true}]}}