{"id":9286,"date":"2023-09-30T20:46:44","date_gmt":"2023-09-30T20:46:44","guid":{"rendered":"https:\/\/casaisabel.upcofly.com\/?page_id=9286"},"modified":"2023-11-06T11:36:04","modified_gmt":"2023-11-06T11:36:04","slug":"politica-redes-sociales","status":"publish","type":"page","link":"https:\/\/casaisabel.es\/fr\/politica-redes-sociales\/","title":{"rendered":"POLITIQUE DE CONFIDENTIALIT\u00c9 DES R\u00c9SEAUX SOCIAUX"},"content":{"rendered":"<div data-elementor-type=\"wp-page\" data-elementor-id=\"9286\" class=\"elementor elementor-9286\">\n\t\t\t\t<div class=\"elementor-element elementor-element-1f8cb9c e-flex e-con-boxed e-con e-parent\" data-id=\"1f8cb9c\" data-element_type=\"container\" data-e-type=\"container\">\n\t\t\t\t\t<div class=\"e-con-inner\">\n\t\t\t\t<div class=\"elementor-element elementor-element-7143180 elementor-widget elementor-widget-heading\" data-id=\"7143180\" data-element_type=\"widget\" data-e-type=\"widget\" data-widget_type=\"heading.default\">\n\t\t\t\t<div class=\"elementor-widget-container\">\n\t\t\t\t\t<h1 class=\"elementor-heading-title elementor-size-default\">POLITIQUE DE CONFIDENTIALIT\u00c9 DES R\u00c9SEAUX SOCIAUX<\/h1>\t\t\t\t<\/div>\n\t\t\t\t<\/div>\n\t\t\t\t<div class=\"elementor-element elementor-element-95dd49f elementor-widget elementor-widget-text-editor\" data-id=\"95dd49f\" data-element_type=\"widget\" data-e-type=\"widget\" data-widget_type=\"text-editor.default\">\n\t\t\t\t<div class=\"elementor-widget-container\">\n\t\t\t\t\t\t\t\t\t    <p>Conform\u00e9ment \u00e0 la r\u00e9glementation en vigueur sur la protection des donn\u00e9es personnelles (RGPD) et \u00e0 la Loi 34\/2002 du 11 juillet sur les services de la soci\u00e9t\u00e9 de l'information et du commerce \u00e9lectronique (LSSI-CE), HOSTELERIA Y SERVICIOS GENERALES SL informe les utilisateurs qu'elle a cr\u00e9\u00e9 un profil sur les r\u00e9seaux sociaux Facebook, Twitter, Instagram, Pinterest et Google +, dans le but principal de faire la publicit\u00e9 de ses produits et services.<\/p>\n\n    <h6>Donn\u00e9es de HOSTELERIA Y SERVICIOS GENERALES SL :<\/h6>\n\n    <ul>\n        <li>CIF: B46598959<\/li>\n        <li>Si\u00e8ge social : PASEO MARITIMO, MODULE 4, 46011, VALENCIA, Espagne<\/li>\n        <li>COURRIEL : <a href=\"mailto:info@casaisabel.es\">info@casaisabel.es<\/a><\/li>\n        <li>WEBSITE: <a href=\"https:\/\/casaisabel.es\/fr\/\">www.casaisabel.es<\/a><\/li>\n    <\/ul>\n\n    <p>L'utilisateur a un profil sur le m\u00eame r\u00e9seau social et a d\u00e9cid\u00e9 de rejoindre la page cr\u00e9\u00e9e par HOSTELERIA Y SERVICIOS GENERALES SL, montrant ainsi de l'int\u00e9r\u00eat pour les informations publi\u00e9es sur le r\u00e9seau. En rejoignant notre page, vous nous donnez votre consentement pour le traitement des donn\u00e9es personnelles publi\u00e9es sur votre profil.<\/p>\n\n    <p>L'utilisateur peut acc\u00e9der \u00e0 tout moment aux politiques de confidentialit\u00e9 du r\u00e9seau social, ainsi que configurer son profil pour garantir sa vie priv\u00e9e.<\/p>\n\n    <p>HOSTELERIA Y SERVICIOS GENERALES SL a acc\u00e8s et traite les informations publiques de l'utilisateur, en particulier son nom de contact. Ces donn\u00e9es ne sont utilis\u00e9es que dans le r\u00e9seau social et ne sont incorpor\u00e9es dans aucun fichier.<\/p>\n\n    <p>En ce qui concerne les droits d'acc\u00e8s, de rectification, d'annulation et d'opposition dont vous disposez et qui peuvent \u00eatre exerc\u00e9s aupr\u00e8s de HOSTELERIA Y SERVICIOS GENERALES SL, conform\u00e9ment au RGPD, vous devez tenir compte des nuances suivantes:<\/p>\n\n    <ul>\n        <li>Acc\u00e8s : Il sera d\u00e9fini par la fonctionnalit\u00e9 du r\u00e9seau social et la capacit\u00e9 d'acc\u00e9der aux informations des profils des utilisateurs.<\/li>\n        <li>Rectification : Il ne peut \u00eatre satisfait qu'en ce qui concerne les informations qui sont sous le contr\u00f4le de HOSTELERIA Y SERVICIOS GENERALES SL, par exemple, supprimer les commentaires publi\u00e9s sur la page de l'entreprise. Normalement, ce droit doit \u00eatre exerc\u00e9 aupr\u00e8s du r\u00e9seau social.<\/li>\n        <li>Annulation et\/ou Opposition : Comme dans le cas pr\u00e9c\u00e9dent, il ne peut \u00eatre satisfait qu'en ce qui concerne les informations qui sont sous le contr\u00f4le de HOSTELERIA Y SERVICIOS GENERALES SL, par exemple, cesser d'\u00eatre connect\u00e9 au profil. Normalement, ce droit doit \u00eatre exerc\u00e9 aupr\u00e8s du r\u00e9seau social.<\/li>\n    <\/ul>\n\n    <p>HOSTELERIA Y SERVICIOS GENERALES SL effectuera les actions suivantes :<\/p>\n\n    <ul>\n        <li>Acc\u00e8s aux informations publiques du profil.<\/li>\n        <li>Publication sur le profil de l'utilisateur de toutes les informations d\u00e9j\u00e0 publi\u00e9es sur la page de HOSTELERIA Y SERVICIOS GENERALES SL.<\/li>\n        <li>Envoyer des messages personnels et individuels via les canaux du r\u00e9seau social.<\/li>\n        <li>Mises \u00e0 jour d'\u00e9tat de la page qui seront publi\u00e9es sur le profil de l'utilisateur.<\/li>\n    <\/ul>\n\n    <p>L&#039;utilisateur peut toujours le contr\u00f4le de leurs connexions, de retirer le contenu qui n&#039;est plus de vous int\u00e9resser et de limiter les actions de leurs connexions, pour cela, vous devez acc\u00e9der \u00e0 vos param\u00e8tres de confidentialit\u00e9.<\/p>\n\n    <h6>Publications<\/h6>\n\n    <p>L'utilisateur, une fois attach\u00e9 \u00e0 la page de la HOSTELERIA Y SERVICIOS GENERALES SL., de la publier dans les derniers commentaires, des liens, des images ou des photos, ou tout autre type de contenu multim\u00e9dia pris en charge par le R\u00e9seau Social. L'utilisateur, dans tous les cas, vous devez \u00eatre le propri\u00e9taire de celle-ci, jouissent du droit d'auteur et droits de propri\u00e9t\u00e9 intellectuelle ou avoir le consentement de celui des tiers concern\u00e9s. Il est express\u00e9ment interdit toute publication sur la page, que ce soit les textes, les graphiques, les photographies, les vid\u00e9os, etc qui sont en conflit avec, ou sont susceptibles de faire une tentative \u00e0 l'encontre de la morale, de l'\u00e9thique, du bon go\u00fbt ou de la biens\u00e9ance, et\/ou qui portent atteinte, de violer ou enfreindre les droits de propri\u00e9t\u00e9 intellectuelle ou industrielle, le droit \u00e0 l'image, ou la Loi. Dans ces cas, de la RESTAURATION ET des SERVICES G\u00c9N\u00c9RAUX, la SL se r\u00e9serve le droit de retirer imm\u00e9diatement le contenu, \u00e9tant en mesure de demander le blocage permanent de l'utilisateur.<\/p>\n\n    <p>De la HOSTELERIA Y SERVICIOS GENERALES SL n'est pas responsable pour le contenu librement publi\u00e9s par un utilisateur.<\/p>\n\n    <p>L&#039;utilisateur doit garder \u00e0 l&#039;esprit que ses publications seront connus par les autres utilisateurs, de sorte qu&#039;il est lui-m\u00eame le principal responsable de sa vie priv\u00e9e.<\/p>\n\n    <p>Les images peuvent \u00eatre publi\u00e9es sur la page ne seront pas stock\u00e9es dans un fichier, de la HOSTELERIA Y SERVICIOS GENERALES SL., mais ils resteront dans le R\u00e9seau Social.<\/p>\n\n    <h6>Des concours et des promotions<\/h6>\n\n    <p>De la HOSTELERIA Y SERVICIOS GENERALES SL.L se r\u00e9serve le droit d'organiser des concours et promotions, dans lequel vous allez participer \u00e0 l'utilisateur de se joindre \u00e0 votre page. Les bases de chacun d'entre eux, lorsque vous utilisez la plate-forme de R\u00e9seau Social, sera publi\u00e9 dans le m\u00eame. Toujours se conformer \u00e0 la LSSI-CE, et de toute autre norme applicable.<\/p>\n\n    <p>Le R\u00e9seau Social ne parraine pas, n&#039;endosse ou d&#039;administrer, en quelque sorte, l&#039;un de nos promotions, il n&#039;est ni associ\u00e9 \u00e0 l&#039;un d&#039;eux.<\/p>\n\n    <h6>La publicit\u00e9<\/h6>\n\n    <p>De la HOSTELERIA Y SERVICIOS GENERALES SL. va utiliser le R\u00e9seau Social pour la publicit\u00e9 de ses produits et services, dans tous les cas, si il d\u00e9cide de traiter ses donn\u00e9es de contact afin de mener des actions directes de prospection commerciale, sera toujours, en conformit\u00e9 avec les exigences l\u00e9gales de la RGPD et de la LSSI-CE.<\/p>\n\n    <p>Pas \u00eatre consid\u00e9r\u00e9es comme de la publicit\u00e9 le fait de recommander d'autres utilisateurs \u00e0 la page de la HOSTELERIA Y SERVICIOS GENERALES SL. afin qu'ils puissent \u00e9galement profiter de promotions ou d'\u00eatre inform\u00e9 de leur activit\u00e9.<\/p>\n\n    <p>Ci-dessous, nous d\u00e9taillons le lien vers la politique de confidentialit\u00e9 du R\u00e9seau Social:<\/p>\n\n    <ul>\n        <li>Facebook: <a href=\"https:\/\/www.facebook.com\/help\/323540651073243\/\">https:\/\/www.facebook.com\/help\/323540651073243\/<\/a><\/li>\n        <li>Twitter: <a href=\"https:\/\/twitter.com\/privacy\">https:\/\/twitter.com\/privacy<\/a><\/li>\n        <li>Instagram: <a href=\"http:\/\/instagram.com\/about\/legal\/privacy\/\">http:\/\/instagram.com\/about\/legal\/privacy\/<\/a><\/li>\n        <li>Pinterest: <a href=\"http:\/\/es.about.pinterest.com\/terms\/\">http:\/\/es.about.pinterest.com\/terms\/<\/a><\/li>\n        <li>Google +: <a href=\"http:\/\/www.google.com\/intl\/es\/policies\/privacy\/\">http:\/\/www.google.com\/intl\/es\/policies\/privacy\/<\/a><\/li>\n    <\/ul>\n\t\t\t\t\t\t\t\t<\/div>\n\t\t\t\t<\/div>\n\t\t\t\t\t<\/div>\n\t\t\t\t<\/div>\n\t\t\t\t<\/div>","protected":false},"excerpt":{"rendered":"<p>POL\u00cdTICA DE PRIVACIDAD REDES SOCIALES De conformidad con lo establecido en la normativa vigente en Protecci\u00f3n de Datos de Car\u00e1cter Personal (RGPD) y la Ley 34\/2002, de 11 de julio, de Servicios de la Sociedad de la Informaci\u00f3n y de Comercio Electr\u00f3nico (LSSI-CE), HOSTELERIA Y SERVICIOS GENERALES SL informa a los usuarios, que ha procedido [&hellip;]<\/p>","protected":false},"author":2,"featured_media":0,"parent":0,"menu_order":0,"comment_status":"closed","ping_status":"closed","template":"","meta":{"site-sidebar-layout":"no-sidebar","site-content-layout":"page-builder","ast-site-content-layout":"full-width-container","site-content-style":"default","site-sidebar-style":"default","ast-global-header-display":"","ast-banner-title-visibility":"","ast-main-header-display":"","ast-hfb-above-header-display":"","ast-hfb-below-header-display":"","ast-hfb-mobile-header-display":"","site-post-title":"disabled","ast-breadcrumbs-content":"","ast-featured-img":"disabled","footer-sml-layout":"","theme-transparent-header-meta":"","adv-header-id-meta":"","stick-header-meta":"","header-above-stick-meta":"","header-main-stick-meta":"","header-below-stick-meta":"","astra-migrate-meta-layouts":"set","ast-page-background-enabled":"default","ast-page-background-meta":{"desktop":{"background-color":"var(--ast-global-color-4)","background-image":"","background-repeat":"repeat","background-position":"center center","background-size":"auto","background-attachment":"scroll","background-type":"","background-media":"","overlay-type":"","overlay-color":"","overlay-opacity":"","overlay-gradient":""},"tablet":{"background-color":"","background-image":"","background-repeat":"repeat","background-position":"center center","background-size":"auto","background-attachment":"scroll","background-type":"","background-media":"","overlay-type":"","overlay-color":"","overlay-opacity":"","overlay-gradient":""},"mobile":{"background-color":"","background-image":"","background-repeat":"repeat","background-position":"center center","background-size":"auto","background-attachment":"scroll","background-type":"","background-media":"","overlay-type":"","overlay-color":"","overlay-opacity":"","overlay-gradient":""}},"ast-content-background-meta":{"desktop":{"background-color":"var(--ast-global-color-5)","background-image":"","background-repeat":"repeat","background-position":"center center","background-size":"auto","background-attachment":"scroll","background-type":"","background-media":"","overlay-type":"","overlay-color":"","overlay-opacity":"","overlay-gradient":""},"tablet":{"background-color":"var(--ast-global-color-5)","background-image":"","background-repeat":"repeat","background-position":"center center","background-size":"auto","background-attachment":"scroll","background-type":"","background-media":"","overlay-type":"","overlay-color":"","overlay-opacity":"","overlay-gradient":""},"mobile":{"background-color":"var(--ast-global-color-5)","background-image":"","background-repeat":"repeat","background-position":"center center","background-size":"auto","background-attachment":"scroll","background-type":"","background-media":"","overlay-type":"","overlay-color":"","overlay-opacity":"","overlay-gradient":""}},"footnotes":""},"class_list":["post-9286","page","type-page","status-publish","hentry"],"yoast_head":"<!-- This site is optimized with the Yoast SEO plugin v25.6 - https:\/\/yoast.com\/wordpress\/plugins\/seo\/ -->\n<title>POL\u00cdTICA DE PRIVACIDAD REDES SOCIALES - Casa Isabel<\/title>\n<meta name=\"robots\" content=\"noindex, follow\" \/>\n<meta property=\"og:locale\" content=\"fr_FR\" \/>\n<meta property=\"og:type\" content=\"article\" \/>\n<meta property=\"og:title\" content=\"POL\u00cdTICA DE PRIVACIDAD REDES SOCIALES - Casa Isabel\" \/>\n<meta property=\"og:description\" content=\"POL\u00cdTICA DE PRIVACIDAD REDES SOCIALES De conformidad con lo establecido en la normativa vigente en Protecci\u00f3n de Datos de Car\u00e1cter Personal (RGPD) y la Ley 34\/2002, de 11 de julio, de Servicios de la Sociedad de la Informaci\u00f3n y de Comercio Electr\u00f3nico (LSSI-CE), HOSTELERIA Y SERVICIOS GENERALES SL informa a los usuarios, que ha procedido [&hellip;]\" \/>\n<meta property=\"og:url\" content=\"https:\/\/casaisabel.es\/fr\/politica-redes-sociales\/\" \/>\n<meta property=\"og:site_name\" content=\"Casa Isabel\" \/>\n<meta property=\"article:modified_time\" content=\"2023-11-06T11:36:04+00:00\" \/>\n<meta name=\"twitter:card\" content=\"summary_large_image\" \/>\n<meta name=\"twitter:label1\" content=\"Dur\u00e9e de lecture estim\u00e9e\" \/>\n\t<meta name=\"twitter:data1\" content=\"4 minutes\" \/>\n<script type=\"application\/ld+json\" class=\"yoast-schema-graph\">{\"@context\":\"https:\/\/schema.org\",\"@graph\":[{\"@type\":\"WebPage\",\"@id\":\"https:\/\/casaisabel.es\/politica-redes-sociales\/\",\"url\":\"https:\/\/casaisabel.es\/politica-redes-sociales\/\",\"name\":\"POL\u00cdTICA DE PRIVACIDAD REDES SOCIALES - Casa Isabel\",\"isPartOf\":{\"@id\":\"https:\/\/casaisabel.es\/#website\"},\"datePublished\":\"2023-09-30T20:46:44+00:00\",\"dateModified\":\"2023-11-06T11:36:04+00:00\",\"breadcrumb\":{\"@id\":\"https:\/\/casaisabel.es\/politica-redes-sociales\/#breadcrumb\"},\"inLanguage\":\"fr-FR\",\"potentialAction\":[{\"@type\":\"ReadAction\",\"target\":[\"https:\/\/casaisabel.es\/politica-redes-sociales\/\"]}]},{\"@type\":\"BreadcrumbList\",\"@id\":\"https:\/\/casaisabel.es\/politica-redes-sociales\/#breadcrumb\",\"itemListElement\":[{\"@type\":\"ListItem\",\"position\":1,\"name\":\"Portada\",\"item\":\"https:\/\/casaisabel.es\/\"},{\"@type\":\"ListItem\",\"position\":2,\"name\":\"POL\u00cdTICA DE PRIVACIDAD REDES SOCIALES\"}]},{\"@type\":\"WebSite\",\"@id\":\"https:\/\/casaisabel.es\/#website\",\"url\":\"https:\/\/casaisabel.es\/\",\"name\":\"Casa Isabel\",\"description\":\"S\u00f3lo otro sitio de WordPress\",\"publisher\":{\"@id\":\"https:\/\/casaisabel.es\/#organization\"},\"potentialAction\":[{\"@type\":\"SearchAction\",\"target\":{\"@type\":\"EntryPoint\",\"urlTemplate\":\"https:\/\/casaisabel.es\/?s={search_term_string}\"},\"query-input\":{\"@type\":\"PropertyValueSpecification\",\"valueRequired\":true,\"valueName\":\"search_term_string\"}}],\"inLanguage\":\"fr-FR\"},{\"@type\":\"Organization\",\"@id\":\"https:\/\/casaisabel.es\/#organization\",\"name\":\"Casa Isabel\",\"url\":\"https:\/\/casaisabel.es\/\",\"logo\":{\"@type\":\"ImageObject\",\"inLanguage\":\"fr-FR\",\"@id\":\"https:\/\/casaisabel.es\/#\/schema\/logo\/image\/\",\"url\":\"https:\/\/casaisabel.es\/wp-content\/uploads\/2023\/09\/casaIsabel.svg\",\"contentUrl\":\"https:\/\/casaisabel.es\/wp-content\/uploads\/2023\/09\/casaIsabel.svg\",\"width\":211,\"height\":49,\"caption\":\"Casa Isabel\"},\"image\":{\"@id\":\"https:\/\/casaisabel.es\/#\/schema\/logo\/image\/\"}}]}<\/script>\n<!-- \/ Yoast SEO plugin. -->","yoast_head_json":{"title":"POL\u00cdTICA DE PRIVACIDAD REDES SOCIALES - Casa Isabel","robots":{"index":"noindex","follow":"follow"},"og_locale":"fr_FR","og_type":"article","og_title":"POL\u00cdTICA DE PRIVACIDAD REDES SOCIALES - Casa Isabel","og_description":"POL\u00cdTICA DE PRIVACIDAD REDES SOCIALES De conformidad con lo establecido en la normativa vigente en Protecci\u00f3n de Datos de Car\u00e1cter Personal (RGPD) y la Ley 34\/2002, de 11 de julio, de Servicios de la Sociedad de la Informaci\u00f3n y de Comercio Electr\u00f3nico (LSSI-CE), HOSTELERIA Y SERVICIOS GENERALES SL informa a los usuarios, que ha procedido [&hellip;]","og_url":"https:\/\/casaisabel.es\/fr\/politica-redes-sociales\/","og_site_name":"Casa Isabel","article_modified_time":"2023-11-06T11:36:04+00:00","twitter_card":"summary_large_image","twitter_misc":{"Dur\u00e9e de lecture estim\u00e9e":"4 minutes"},"schema":{"@context":"https:\/\/schema.org","@graph":[{"@type":"WebPage","@id":"https:\/\/casaisabel.es\/politica-redes-sociales\/","url":"https:\/\/casaisabel.es\/politica-redes-sociales\/","name":"POL\u00cdTICA DE PRIVACIDAD REDES SOCIALES - Casa Isabel","isPartOf":{"@id":"https:\/\/casaisabel.es\/#website"},"datePublished":"2023-09-30T20:46:44+00:00","dateModified":"2023-11-06T11:36:04+00:00","breadcrumb":{"@id":"https:\/\/casaisabel.es\/politica-redes-sociales\/#breadcrumb"},"inLanguage":"fr-FR","potentialAction":[{"@type":"ReadAction","target":["https:\/\/casaisabel.es\/politica-redes-sociales\/"]}]},{"@type":"BreadcrumbList","@id":"https:\/\/casaisabel.es\/politica-redes-sociales\/#breadcrumb","itemListElement":[{"@type":"ListItem","position":1,"name":"Portada","item":"https:\/\/casaisabel.es\/"},{"@type":"ListItem","position":2,"name":"POL\u00cdTICA DE PRIVACIDAD REDES SOCIALES"}]},{"@type":"WebSite","@id":"https:\/\/casaisabel.es\/#website","url":"https:\/\/casaisabel.es\/","name":"Casa Isabel","description":"S\u00f3lo otro sitio de WordPress","publisher":{"@id":"https:\/\/casaisabel.es\/#organization"},"potentialAction":[{"@type":"SearchAction","target":{"@type":"EntryPoint","urlTemplate":"https:\/\/casaisabel.es\/?s={search_term_string}"},"query-input":{"@type":"PropertyValueSpecification","valueRequired":true,"valueName":"search_term_string"}}],"inLanguage":"fr-FR"},{"@type":"Organization","@id":"https:\/\/casaisabel.es\/#organization","name":"Casa Isabel","url":"https:\/\/casaisabel.es\/","logo":{"@type":"ImageObject","inLanguage":"fr-FR","@id":"https:\/\/casaisabel.es\/#\/schema\/logo\/image\/","url":"https:\/\/casaisabel.es\/wp-content\/uploads\/2023\/09\/casaIsabel.svg","contentUrl":"https:\/\/casaisabel.es\/wp-content\/uploads\/2023\/09\/casaIsabel.svg","width":211,"height":49,"caption":"Casa Isabel"},"image":{"@id":"https:\/\/casaisabel.es\/#\/schema\/logo\/image\/"}}]}},"_links":{"self":[{"href":"https:\/\/casaisabel.es\/fr\/wp-json\/wp\/v2\/pages\/9286","targetHints":{"allow":["GET"]}}],"collection":[{"href":"https:\/\/casaisabel.es\/fr\/wp-json\/wp\/v2\/pages"}],"about":[{"href":"https:\/\/casaisabel.es\/fr\/wp-json\/wp\/v2\/types\/page"}],"author":[{"embeddable":true,"href":"https:\/\/casaisabel.es\/fr\/wp-json\/wp\/v2\/users\/2"}],"replies":[{"embeddable":true,"href":"https:\/\/casaisabel.es\/fr\/wp-json\/wp\/v2\/comments?post=9286"}],"version-history":[{"count":0,"href":"https:\/\/casaisabel.es\/fr\/wp-json\/wp\/v2\/pages\/9286\/revisions"}],"wp:attachment":[{"href":"https:\/\/casaisabel.es\/fr\/wp-json\/wp\/v2\/media?parent=9286"}],"curies":[{"name":"wp","href":"https:\/\/api.w.org\/{rel}","templated":true}]}}