{"id":9280,"date":"2023-09-30T19:15:14","date_gmt":"2023-09-30T19:15:14","guid":{"rendered":"https:\/\/casaisabel.upcofly.com\/?page_id=9280"},"modified":"2023-11-20T11:23:00","modified_gmt":"2023-11-20T11:23:00","slug":"aviso-legal","status":"publish","type":"page","link":"https:\/\/casaisabel.es\/fr\/aviso-legal\/","title":{"rendered":"Avis L\u00e9gal"},"content":{"rendered":"<div data-elementor-type=\"wp-page\" data-elementor-id=\"9280\" class=\"elementor elementor-9280\">\n\t\t\t\t<div class=\"elementor-element elementor-element-1f8cb9c e-flex e-con-boxed e-con e-parent\" data-id=\"1f8cb9c\" data-element_type=\"container\" data-e-type=\"container\">\n\t\t\t\t\t<div class=\"e-con-inner\">\n\t\t\t\t<div class=\"elementor-element elementor-element-7143180 elementor-widget elementor-widget-heading\" data-id=\"7143180\" data-element_type=\"widget\" data-e-type=\"widget\" data-widget_type=\"heading.default\">\n\t\t\t\t<div class=\"elementor-widget-container\">\n\t\t\t\t\t<h1 class=\"elementor-heading-title elementor-size-default\">Conditions d'utilisation<\/h1>\t\t\t\t<\/div>\n\t\t\t\t<\/div>\n\t\t\t\t<div class=\"elementor-element elementor-element-95dd49f elementor-widget elementor-widget-text-editor\" data-id=\"95dd49f\" data-element_type=\"widget\" data-e-type=\"widget\" data-widget_type=\"text-editor.default\">\n\t\t\t\t<div class=\"elementor-widget-container\">\n\t\t\t\t\t\t\t\t\t<p>Conform\u00e9ment \u00e0 la loi 34\/2002 du 11 juillet sur les services de la soci\u00e9t\u00e9 de l'information et du commerce \u00e9lectronique (LSSI-CE), HOSTELERIA Y SERVICIOS GENERALES SL informe qu'il est le propri\u00e9taire du site web. <a href=\"https:\/\/casaisabel.es\/fr\/\">www.casaisabel.es<\/a>Conform\u00e9ment \u00e0 l'exigence de l'article 10 de ladite loi, HOSTELERIA Y SERVICIOS GENERALES SL communique les informations suivantes:<\/p><ul><li>Le propri\u00e9taire de ce site web est HOSTELERIA Y SERVICIOS GENERALES SL, avec le num\u00e9ro d'identification fiscale B46598959 et le si\u00e8ge social \u00e0 PASEO MARITIMO, MODULE 4, 46011, VALENCIA. Il est inscrit au Registre du Commerce, au volume 4676, folio 106, feuille V29921, inscription I\/A 7. L'adresse e-mail de contact avec l'entreprise est : <a href=\"mailto:info@casaisabel.es\">info@casaisabel.es<\/a>.<\/li><\/ul><h6>Utilisateur et R\u00e9gime de Responsabilit\u00e9<\/h6><p>La navigation, l'acc\u00e8s et l'utilisation du site web de HOSTELERIA Y SERVICIOS GENERALES SL conf\u00e8rent le statut d'utilisateur, par lequel toutes les conditions d'utilisation \u00e9tablies ici sont accept\u00e9es d\u00e8s la navigation sur le site web de HOSTELERIA Y SERVICIOS GENERALES SL, sans pr\u00e9judice de l'application de la r\u00e9glementation l\u00e9gale obligatoire correspondante selon le cas.<\/p><p>Le site web de HOSTELERIA Y SERVICIOS GENERALES SL fournit une grande diversit\u00e9 d'informations, de services et de donn\u00e9es. L'utilisateur assume sa responsabilit\u00e9 dans l'utilisation correcte du site web. Cette responsabilit\u00e9 s'\u00e9tendra \u00e0 :<\/p><ul><li>L'exactitude et la l\u00e9galit\u00e9 des informations fournies par l'utilisateur dans les formulaires fournis par HOSTELERIA Y SERVICIOS GENERALES SL pour acc\u00e9der \u00e0 certains contenus ou services propos\u00e9s par le site web.<\/li><li>L'utilisation des informations, services et donn\u00e9es offerts par HOSTELERIA Y SERVICIOS GENERALES SL contrairement \u00e0 ce qui est \u00e9tabli par les pr\u00e9sentes conditions, la loi, la morale, les bonnes m\u0153urs ou l'ordre public, ou qui, de toute autre mani\u00e8re, pourrait constituer une atteinte aux droits de tiers ou au bon fonctionnement du site web.<\/li><\/ul><h6>Politique de liens et clauses de non-responsabilit\u00e9:<\/h6><p>HOSTELERIA Y SERVICIOS GENERALES SL no se hace responsable del contenido de los sitios web a los que el usuario pueda acceder a trav\u00e9s de los enlaces establecidos en su sitio web y declara que en ning\u00fan caso proceder\u00e1 a examinar o ejercer ning\u00fan tipo de control sobre el contenido de otros sitios en la red. Asimismo, tampoco garantiza la disponibilidad t\u00e9cnica, exactitud, veracidad, validez o legalidad de sitios ajenos a su propiedad a los que se pueda acceder por medio de los enlaces.<\/p><p>HOSTELERIA Y SERVICIOS GENERALES SL declara haber adoptado todas las medidas necesarias para evitar cualquier da\u00f1o a los usuarios de su sitio web, que pudieran derivarse de la navegaci\u00f3n por su sitio web. En consecuencia, HOSTELERIA Y SERVICIOS GENERALES SL no se hace responsable, en ning\u00fan caso, de los eventuales da\u00f1os que por la navegaci\u00f3n por Internet pudiera sufrir el usuario.<\/p><h6>Modifications:<\/h6><p>HOSTELERIA Y SERVICIOS GENERALES SL se reserva el derecho de realizar las modificaciones que considere oportunas, sin aviso previo, en el contenido de su sitio web, tanto en lo referente a los contenidos del sitio web como en las condiciones de uso del mismo. Dichas modificaciones podr\u00e1n realizarse a trav\u00e9s de su sitio web por cualquier forma admisible en derecho y ser\u00e1n de obligado cumplimiento durante el tiempo en que se encuentren publicadas en la web y hasta que no sean modificadas v\u00e1lidamente por otras posteriores.<\/p><h6>Protection des donn\u00e9es:<\/h6><p>Conform\u00e9ment aux dispositions de la r\u00e9glementation en vigueur sur la protection des donn\u00e9es \u00e0 caract\u00e8re personnel, nous vous informons que vos donn\u00e9es seront incorpor\u00e9es au syst\u00e8me de traitement appartenant \u00e0 HOSTELERIA Y SERVICIOS GENERALES SL, avec le num\u00e9ro d'identification fiscale B46598959 et le si\u00e8ge social situ\u00e9 \u00e0 PASEO MARITIMO, MODULO 4, 46011, VALENCIA. Le but est de faciliter, acc\u00e9l\u00e9rer et remplir les engagements \u00e9tablis entre les deux parties. En conformit\u00e9 avec la r\u00e9glementation en vigueur, HOSTELERIA Y SERVICIOS GENERALES SL informe que les donn\u00e9es seront conserv\u00e9es pendant la p\u00e9riode strictement n\u00e9cessaire pour respecter les pr\u00e9ceptes mentionn\u00e9s ci-dessus.<\/p><p>Sauf indication contraire de votre part, nous consid\u00e9rerons que vos donn\u00e9es n'ont pas \u00e9t\u00e9 modifi\u00e9es, que vous vous engagez \u00e0 nous informer de toute variation et que nous avons votre consentement pour les utiliser \u00e0 des fins mentionn\u00e9es.<\/p><p>HOSTELERIA Y SERVICIOS GENERALES SL informa que proceder\u00e1 a tratar los datos de manera l\u00edcita, leal, transparente, adecuada, pertinente, limitada, exacta y actualizada. Es por ello que HOSTELERIA Y SERVICIOS GENERALES SL se compromete a adoptar todas las medidas razonables para que estos se supriman o rectifiquen sin dilaci\u00f3n cuando sean inexactos.<\/p><p>Conform\u00e9ment aux droits conf\u00e9r\u00e9s par la r\u00e9glementation en vigueur sur la protection des donn\u00e9es, vous pouvez exercer les droits d'acc\u00e8s, de rectification, de limitation du traitement, de suppression, de portabilit\u00e9 et d'opposition au traitement de vos donn\u00e9es personnelles ainsi que du consentement donn\u00e9 pour leur traitement, en adressant votre demande \u00e0 l'adresse postale indiqu\u00e9e ci-dessus ou \u00e0 l'adresse e-mail. <a href=\"mailto:info@casaisabel.es\">info@casaisabel.es<\/a>.<\/p><p>Vous pouvez vous adresser \u00e0 l'Autorit\u00e9 de Contr\u00f4le comp\u00e9tente pour d\u00e9poser la r\u00e9clamation que vous jugez appropri\u00e9e.<\/p><h6>Propri\u00e9t\u00e9 intellectuelle et industrielle:<\/h6><p>HOSTELERIA Y SERVICIOS GENERALES SL, en nombre propio o como cesionaria, es titular de todos los derechos de propiedad intelectual e industrial de su p\u00e1gina web, as\u00ed como de los elementos contenidos en la misma (a t\u00edtulo enunciativo, im\u00e1genes, sonido, audio, v\u00eddeo, software o textos; marcas o logotipos, combinaciones de colores, estructura y dise\u00f1o, selecci\u00f3n de materiales usados, programas de ordenador necesarios para su funcionamiento, acceso y uso, etc.), titularidad de HOSTELERIA Y SERVICIOS GENERALES SL. Ser\u00e1n, por consiguiente, obras protegidas como propiedad intelectual por el ordenamiento jur\u00eddico espa\u00f1ol, siendo aplicables tanto la normativa espa\u00f1ola y comunitaria en este campo, como los tratados internacionales relativos a la materia y suscritos por Espa\u00f1a.<\/p><p>Tous droits r\u00e9serv\u00e9s. Conform\u00e9ment \u00e0 la loi sur la propri\u00e9t\u00e9 intellectuelle, la reproduction, la distribution et la communication publique, y compris leur mise \u00e0 disposition, de la totalit\u00e9 ou d'une partie des contenus de ce site Web \u00e0 des fins commerciales, sur tout support et par tout moyen technique, sans l'autorisation de HOSTELERIA Y SERVICIOS GENERALES SL, sont express\u00e9ment interdites.<\/p><p>L'utilisateur s'engage \u00e0 respecter les droits de propri\u00e9t\u00e9 intellectuelle et industrielle de HOSTELERIA Y SERVICIOS GENERALES SL. L'utilisateur peut visualiser les \u00e9l\u00e9ments du portail et m\u00eame les imprimer, les copier et les stocker sur le disque dur de son ordinateur ou sur tout autre support physique, \u00e0 condition que cela soit exclusivement pour un usage personnel et priv\u00e9. L'utilisateur doit s'abstenir de supprimer, alt\u00e9rer, contourner ou manipuler tout dispositif de protection ou syst\u00e8me de s\u00e9curit\u00e9 install\u00e9 sur les pages de HOSTELERIA Y SERVICIOS GENERALES SL.<\/p><h6>Actions l\u00e9gales, l\u00e9gislation applicable et juridiction:<\/h6><p>HOSTELERIA Y SERVICIOS GENERALES SL se r\u00e9serve \u00e9galement le droit d'engager des actions civiles ou p\u00e9nales qu'elle juge appropri\u00e9es pour l'utilisation abusive de son site Web et de son contenu, ou pour le non-respect des pr\u00e9sentes conditions.<\/p><p>La relation entre l'utilisateur et le prestataire sera r\u00e9gie par la r\u00e9glementation en vigueur et applicable sur le territoire espagnol. En cas de litige, les parties peuvent soumettre leurs conflits \u00e0 l'arbitrage ou recourir \u00e0 la juridiction ordinaire, conform\u00e9ment aux r\u00e8gles de comp\u00e9tence et de comp\u00e9tence en la mati\u00e8re. HOSTELERIA Y SERVICIOS GENERALES SL a son si\u00e8ge social \u00e0 VALENCIA, Espagne.<\/p><h6>Engagements et Restrictions du Commer\u00e7ant pour des Transactions \u00c9thiques et L\u00e9gales<\/h6><p>Ce commer\u00e7ant s'engage \u00e0 ne pas permettre de transaction ill\u00e9gale ou consid\u00e9r\u00e9e comme telle par les marques de cartes de cr\u00e9dit ou la banque acqu\u00e9reuse, qui pourrait ou aurait le potentiel de nuire \u00e0 leur bonne volont\u00e9 ou de les influencer n\u00e9gativement. Les activit\u00e9s suivantes sont interdites dans le cadre des programmes des marques de cartes : la vente ou l'offre d'un produit ou service qui n'est pas en pleine conformit\u00e9 avec toutes les lois applicables \u00e0 l'acheteur, \u00e0 la banque \u00e9mettrice, au commer\u00e7ant, au titulaire de la carte ou aux cartes. De plus, les activit\u00e9s suivantes sont \u00e9galement explicitement interdites :<\/p><ul><li>Vente de boissons alcoolis\u00e9es aux personnes de moins de 18 ans :<\/li><\/ul>\t\t\t\t\t\t\t\t<\/div>\n\t\t\t\t<\/div>\n\t\t\t\t\t<\/div>\n\t\t\t\t<\/div>\n\t\t\t\t<\/div>","protected":false},"excerpt":{"rendered":"<p>CONDICIONES DE USO En cumplimiento de la Ley 34\/2002, de 11 de julio, de Servicios de la Sociedad de la Informaci\u00f3n y de Comercio Electr\u00f3nico (LSSI-CE), HOSTELERIA Y SERVICIOS GENERALES SL informa que es titular del sitio web www.casaisabel.es. De acuerdo con la exigencia del art\u00edculo 10 de la citada Ley, HOSTELERIA Y SERVICIOS GENERALES [&hellip;]<\/p>","protected":false},"author":2,"featured_media":0,"parent":0,"menu_order":0,"comment_status":"closed","ping_status":"closed","template":"","meta":{"site-sidebar-layout":"no-sidebar","site-content-layout":"page-builder","ast-site-content-layout":"full-width-container","site-content-style":"default","site-sidebar-style":"default","ast-global-header-display":"","ast-banner-title-visibility":"","ast-main-header-display":"","ast-hfb-above-header-display":"","ast-hfb-below-header-display":"","ast-hfb-mobile-header-display":"","site-post-title":"disabled","ast-breadcrumbs-content":"","ast-featured-img":"disabled","footer-sml-layout":"","theme-transparent-header-meta":"","adv-header-id-meta":"","stick-header-meta":"","header-above-stick-meta":"","header-main-stick-meta":"","header-below-stick-meta":"","astra-migrate-meta-layouts":"set","ast-page-background-enabled":"default","ast-page-background-meta":{"desktop":{"background-color":"var(--ast-global-color-4)","background-image":"","background-repeat":"repeat","background-position":"center center","background-size":"auto","background-attachment":"scroll","background-type":"","background-media":"","overlay-type":"","overlay-color":"","overlay-opacity":"","overlay-gradient":""},"tablet":{"background-color":"","background-image":"","background-repeat":"repeat","background-position":"center center","background-size":"auto","background-attachment":"scroll","background-type":"","background-media":"","overlay-type":"","overlay-color":"","overlay-opacity":"","overlay-gradient":""},"mobile":{"background-color":"","background-image":"","background-repeat":"repeat","background-position":"center center","background-size":"auto","background-attachment":"scroll","background-type":"","background-media":"","overlay-type":"","overlay-color":"","overlay-opacity":"","overlay-gradient":""}},"ast-content-background-meta":{"desktop":{"background-color":"var(--ast-global-color-5)","background-image":"","background-repeat":"repeat","background-position":"center center","background-size":"auto","background-attachment":"scroll","background-type":"","background-media":"","overlay-type":"","overlay-color":"","overlay-opacity":"","overlay-gradient":""},"tablet":{"background-color":"var(--ast-global-color-5)","background-image":"","background-repeat":"repeat","background-position":"center center","background-size":"auto","background-attachment":"scroll","background-type":"","background-media":"","overlay-type":"","overlay-color":"","overlay-opacity":"","overlay-gradient":""},"mobile":{"background-color":"var(--ast-global-color-5)","background-image":"","background-repeat":"repeat","background-position":"center center","background-size":"auto","background-attachment":"scroll","background-type":"","background-media":"","overlay-type":"","overlay-color":"","overlay-opacity":"","overlay-gradient":""}},"footnotes":""},"class_list":["post-9280","page","type-page","status-publish","hentry"],"yoast_head":"<!-- This site is optimized with the Yoast SEO plugin v25.6 - https:\/\/yoast.com\/wordpress\/plugins\/seo\/ -->\n<title>Aviso Legal - Casa Isabel<\/title>\n<meta name=\"robots\" content=\"noindex, follow\" \/>\n<meta property=\"og:locale\" content=\"fr_FR\" \/>\n<meta property=\"og:type\" content=\"article\" \/>\n<meta property=\"og:title\" content=\"Aviso Legal - Casa Isabel\" \/>\n<meta property=\"og:description\" content=\"CONDICIONES DE USO En cumplimiento de la Ley 34\/2002, de 11 de julio, de Servicios de la Sociedad de la Informaci\u00f3n y de Comercio Electr\u00f3nico (LSSI-CE), HOSTELERIA Y SERVICIOS GENERALES SL informa que es titular del sitio web www.casaisabel.es. De acuerdo con la exigencia del art\u00edculo 10 de la citada Ley, HOSTELERIA Y SERVICIOS GENERALES [&hellip;]\" \/>\n<meta property=\"og:url\" content=\"https:\/\/casaisabel.es\/fr\/aviso-legal\/\" \/>\n<meta property=\"og:site_name\" content=\"Casa Isabel\" \/>\n<meta property=\"article:modified_time\" content=\"2023-11-20T11:23:00+00:00\" \/>\n<meta name=\"twitter:card\" content=\"summary_large_image\" \/>\n<meta name=\"twitter:label1\" content=\"Dur\u00e9e de lecture estim\u00e9e\" \/>\n\t<meta name=\"twitter:data1\" content=\"6 minutes\" \/>\n<script type=\"application\/ld+json\" class=\"yoast-schema-graph\">{\"@context\":\"https:\/\/schema.org\",\"@graph\":[{\"@type\":\"WebPage\",\"@id\":\"https:\/\/casaisabel.es\/aviso-legal\/\",\"url\":\"https:\/\/casaisabel.es\/aviso-legal\/\",\"name\":\"Aviso Legal - Casa Isabel\",\"isPartOf\":{\"@id\":\"https:\/\/casaisabel.es\/#website\"},\"datePublished\":\"2023-09-30T19:15:14+00:00\",\"dateModified\":\"2023-11-20T11:23:00+00:00\",\"breadcrumb\":{\"@id\":\"https:\/\/casaisabel.es\/aviso-legal\/#breadcrumb\"},\"inLanguage\":\"fr-FR\",\"potentialAction\":[{\"@type\":\"ReadAction\",\"target\":[\"https:\/\/casaisabel.es\/aviso-legal\/\"]}]},{\"@type\":\"BreadcrumbList\",\"@id\":\"https:\/\/casaisabel.es\/aviso-legal\/#breadcrumb\",\"itemListElement\":[{\"@type\":\"ListItem\",\"position\":1,\"name\":\"Portada\",\"item\":\"https:\/\/casaisabel.es\/\"},{\"@type\":\"ListItem\",\"position\":2,\"name\":\"Aviso Legal\"}]},{\"@type\":\"WebSite\",\"@id\":\"https:\/\/casaisabel.es\/#website\",\"url\":\"https:\/\/casaisabel.es\/\",\"name\":\"Casa Isabel\",\"description\":\"S\u00f3lo otro sitio de WordPress\",\"publisher\":{\"@id\":\"https:\/\/casaisabel.es\/#organization\"},\"potentialAction\":[{\"@type\":\"SearchAction\",\"target\":{\"@type\":\"EntryPoint\",\"urlTemplate\":\"https:\/\/casaisabel.es\/?s={search_term_string}\"},\"query-input\":{\"@type\":\"PropertyValueSpecification\",\"valueRequired\":true,\"valueName\":\"search_term_string\"}}],\"inLanguage\":\"fr-FR\"},{\"@type\":\"Organization\",\"@id\":\"https:\/\/casaisabel.es\/#organization\",\"name\":\"Casa Isabel\",\"url\":\"https:\/\/casaisabel.es\/\",\"logo\":{\"@type\":\"ImageObject\",\"inLanguage\":\"fr-FR\",\"@id\":\"https:\/\/casaisabel.es\/#\/schema\/logo\/image\/\",\"url\":\"https:\/\/casaisabel.es\/wp-content\/uploads\/2023\/09\/casaIsabel.svg\",\"contentUrl\":\"https:\/\/casaisabel.es\/wp-content\/uploads\/2023\/09\/casaIsabel.svg\",\"width\":211,\"height\":49,\"caption\":\"Casa Isabel\"},\"image\":{\"@id\":\"https:\/\/casaisabel.es\/#\/schema\/logo\/image\/\"}}]}<\/script>\n<!-- \/ Yoast SEO plugin. -->","yoast_head_json":{"title":"Aviso Legal - Casa Isabel","robots":{"index":"noindex","follow":"follow"},"og_locale":"fr_FR","og_type":"article","og_title":"Aviso Legal - Casa Isabel","og_description":"CONDICIONES DE USO En cumplimiento de la Ley 34\/2002, de 11 de julio, de Servicios de la Sociedad de la Informaci\u00f3n y de Comercio Electr\u00f3nico (LSSI-CE), HOSTELERIA Y SERVICIOS GENERALES SL informa que es titular del sitio web www.casaisabel.es. De acuerdo con la exigencia del art\u00edculo 10 de la citada Ley, HOSTELERIA Y SERVICIOS GENERALES [&hellip;]","og_url":"https:\/\/casaisabel.es\/fr\/aviso-legal\/","og_site_name":"Casa Isabel","article_modified_time":"2023-11-20T11:23:00+00:00","twitter_card":"summary_large_image","twitter_misc":{"Dur\u00e9e de lecture estim\u00e9e":"6 minutes"},"schema":{"@context":"https:\/\/schema.org","@graph":[{"@type":"WebPage","@id":"https:\/\/casaisabel.es\/aviso-legal\/","url":"https:\/\/casaisabel.es\/aviso-legal\/","name":"Aviso Legal - Casa Isabel","isPartOf":{"@id":"https:\/\/casaisabel.es\/#website"},"datePublished":"2023-09-30T19:15:14+00:00","dateModified":"2023-11-20T11:23:00+00:00","breadcrumb":{"@id":"https:\/\/casaisabel.es\/aviso-legal\/#breadcrumb"},"inLanguage":"fr-FR","potentialAction":[{"@type":"ReadAction","target":["https:\/\/casaisabel.es\/aviso-legal\/"]}]},{"@type":"BreadcrumbList","@id":"https:\/\/casaisabel.es\/aviso-legal\/#breadcrumb","itemListElement":[{"@type":"ListItem","position":1,"name":"Portada","item":"https:\/\/casaisabel.es\/"},{"@type":"ListItem","position":2,"name":"Aviso Legal"}]},{"@type":"WebSite","@id":"https:\/\/casaisabel.es\/#website","url":"https:\/\/casaisabel.es\/","name":"Casa Isabel","description":"S\u00f3lo otro sitio de WordPress","publisher":{"@id":"https:\/\/casaisabel.es\/#organization"},"potentialAction":[{"@type":"SearchAction","target":{"@type":"EntryPoint","urlTemplate":"https:\/\/casaisabel.es\/?s={search_term_string}"},"query-input":{"@type":"PropertyValueSpecification","valueRequired":true,"valueName":"search_term_string"}}],"inLanguage":"fr-FR"},{"@type":"Organization","@id":"https:\/\/casaisabel.es\/#organization","name":"Casa Isabel","url":"https:\/\/casaisabel.es\/","logo":{"@type":"ImageObject","inLanguage":"fr-FR","@id":"https:\/\/casaisabel.es\/#\/schema\/logo\/image\/","url":"https:\/\/casaisabel.es\/wp-content\/uploads\/2023\/09\/casaIsabel.svg","contentUrl":"https:\/\/casaisabel.es\/wp-content\/uploads\/2023\/09\/casaIsabel.svg","width":211,"height":49,"caption":"Casa Isabel"},"image":{"@id":"https:\/\/casaisabel.es\/#\/schema\/logo\/image\/"}}]}},"_links":{"self":[{"href":"https:\/\/casaisabel.es\/fr\/wp-json\/wp\/v2\/pages\/9280","targetHints":{"allow":["GET"]}}],"collection":[{"href":"https:\/\/casaisabel.es\/fr\/wp-json\/wp\/v2\/pages"}],"about":[{"href":"https:\/\/casaisabel.es\/fr\/wp-json\/wp\/v2\/types\/page"}],"author":[{"embeddable":true,"href":"https:\/\/casaisabel.es\/fr\/wp-json\/wp\/v2\/users\/2"}],"replies":[{"embeddable":true,"href":"https:\/\/casaisabel.es\/fr\/wp-json\/wp\/v2\/comments?post=9280"}],"version-history":[{"count":0,"href":"https:\/\/casaisabel.es\/fr\/wp-json\/wp\/v2\/pages\/9280\/revisions"}],"wp:attachment":[{"href":"https:\/\/casaisabel.es\/fr\/wp-json\/wp\/v2\/media?parent=9280"}],"curies":[{"name":"wp","href":"https:\/\/api.w.org\/{rel}","templated":true}]}}