{"id":9226,"date":"2023-09-30T15:39:18","date_gmt":"2023-09-30T15:39:18","guid":{"rendered":"https:\/\/casaisabel.upcofly.com\/?page_id=9226"},"modified":"2023-11-06T11:36:03","modified_gmt":"2023-11-06T11:36:03","slug":"clausula-informativa-rgpd-y-lssi-ce","status":"publish","type":"page","link":"https:\/\/casaisabel.es\/fr\/clausula-informativa-rgpd-y-lssi-ce\/","title":{"rendered":"CL\u00c1USULA INFORMATIVA RGPD Y LSSI-CE"},"content":{"rendered":"<div data-elementor-type=\"wp-page\" data-elementor-id=\"9226\" class=\"elementor elementor-9226\">\n\t\t\t\t<div class=\"elementor-element elementor-element-1f8cb9c e-flex e-con-boxed e-con e-parent\" data-id=\"1f8cb9c\" data-element_type=\"container\" data-e-type=\"container\">\n\t\t\t\t\t<div class=\"e-con-inner\">\n\t\t\t\t<div class=\"elementor-element elementor-element-7143180 elementor-widget elementor-widget-heading\" data-id=\"7143180\" data-element_type=\"widget\" data-e-type=\"widget\" data-widget_type=\"heading.default\">\n\t\t\t\t<div class=\"elementor-widget-container\">\n\t\t\t\t\t<h1 class=\"elementor-heading-title elementor-size-default\">CL\u00c1USULA INFORMATIVA RGPD Y LSSI-CE<\/h1>\t\t\t\t<\/div>\n\t\t\t\t<\/div>\n\t\t\t\t<div class=\"elementor-element elementor-element-95dd49f elementor-widget elementor-widget-text-editor\" data-id=\"95dd49f\" data-element_type=\"widget\" data-e-type=\"widget\" data-widget_type=\"text-editor.default\">\n\t\t\t\t<div class=\"elementor-widget-container\">\n\t\t\t\t\t\t\t\t\t<p>Conform\u00e9ment \u00e0 la r\u00e9glementation en vigueur sur la protection des donn\u00e9es personnelles, nous vous informons que vos donn\u00e9es seront int\u00e9gr\u00e9es dans le syst\u00e8me de traitement d\u00e9tenu par HOSTELERIA Y SERVICIOS GENERALES SL, avec CIF B46598959 et si\u00e8ge social situ\u00e9 \u00e0 PASEO MARITIMO, MODULE 4, 46011, VALENCIA. La finalit\u00e9 est de r\u00e9pondre \u00e0 vos demandes, mais en aucun cas vos donn\u00e9es ne seront utilis\u00e9es pour l'envoi de communications commerciales, sauf celles li\u00e9es \u00e0 votre r\u00e9servation. Vos donn\u00e9es personnelles seront limit\u00e9es au strict minimum n\u00e9cessaire \u00e0 la gestion de votre r\u00e9servation, comprenant votre nom, votre num\u00e9ro de t\u00e9l\u00e9phone et votre adresse e-mail. En aucun cas elles ne seront c\u00e9d\u00e9es \u00e0 des tiers pendant la p\u00e9riode o\u00f9 elles se trouvent sous notre responsabilit\u00e9. En conformit\u00e9 avec la r\u00e9glementation en vigueur, HOSTELERIA Y SERVICIOS GENERALES SL informe que les donn\u00e9es seront conserv\u00e9es pour la p\u00e9riode strictement n\u00e9cessaire pour atteindre les objectifs mentionn\u00e9s pr\u00e9c\u00e9demment.<\/p><p>Sauf indication contraire de votre part, nous consid\u00e9rerons que vos donn\u00e9es n'ont pas \u00e9t\u00e9 modifi\u00e9es, que vous vous engagez \u00e0 nous informer de toute variation et que nous avons votre consentement pour les utiliser \u00e0 des fins mentionn\u00e9es.<\/p><p>HOSTELERIA Y SERVICIOS GENERALES SL informa que proceder\u00e1 a tratar los datos de manera l\u00edcita, leal, transparente, adecuada, pertinente, limitada, exacta y actualizada. Es por ello que HOSTELERIA Y SERVICIOS GENERALES SL se compromete a adoptar todas las medidas razonables para que estos se supriman o rectifiquen sin dilaci\u00f3n cuando sean inexactos.<\/p><p>Conform\u00e9ment aux droits conf\u00e9r\u00e9s par la r\u00e9glementation en vigueur sur la protection des donn\u00e9es, vous pouvez exercer les droits d'acc\u00e8s, de rectification, de limitation du traitement, de suppression, de portabilit\u00e9 et d'opposition au traitement de vos donn\u00e9es personnelles ainsi que du consentement donn\u00e9 pour leur traitement, en adressant votre demande \u00e0 l'adresse postale indiqu\u00e9e ci-dessus ou \u00e0 l'adresse e-mail. <a href=\"mailto:info@casaisabel.es\">info@casaisabel.es<\/a>.<\/p><p>De m\u00eame, et conform\u00e9ment aux dispositions de la Loi 34\/2002 du 11 juillet sur les services de la soci\u00e9t\u00e9 de l'information et du commerce \u00e9lectronique, \u00e0 son article 21, nous comprenons que vous ne souhaitez pas et par cons\u00e9quent, VOUS N'ACCORDEZ PAS votre consentement explicite pour recevoir de la publicit\u00e9 concernant nos produits ou promotions que nous consid\u00e9rons comme pouvant \u00eatre de votre int\u00e9r\u00eat, par courrier \u00e9lectronique ou tout autre moyen de communication \u00e9lectronique \u00e9quivalent.<\/p><p>De m\u00eame, et conform\u00e9ment aux dispositions de la Loi 34\/2002 du 11 juillet sur les services de la soci\u00e9t\u00e9 de l'information et du commerce \u00e9lectronique, \u00e0 son article 21, nous comprenons que vous ne souhaitez pas et par cons\u00e9quent, VOUS N'ACCORDEZ PAS votre consentement explicite pour recevoir de la publicit\u00e9 concernant nos produits ou promotions que nous consid\u00e9rons comme pouvant \u00eatre de votre int\u00e9r\u00eat, par courrier \u00e9lectronique ou tout autre moyen de communication \u00e9lectronique \u00e9quivalent. <a href=\"mailto:info@casaisabel.es\">info@casaisabel.es<\/a>.<\/p><p>Nous vous informons que vos donn\u00e9es ne sont pas conserv\u00e9es dans notre syst\u00e8me de r\u00e9servation. Une fois la r\u00e9servation effectu\u00e9e et la date \u00e9coul\u00e9e, les donn\u00e9es sont supprim\u00e9es.<\/p><p>Vous pouvez vous adresser \u00e0 l'Autorit\u00e9 de Contr\u00f4le comp\u00e9tente pour d\u00e9poser la r\u00e9clamation que vous jugez appropri\u00e9e.<\/p>\t\t\t\t\t\t\t\t<\/div>\n\t\t\t\t<\/div>\n\t\t\t\t\t<\/div>\n\t\t\t\t<\/div>\n\t\t\t\t<\/div>","protected":false},"excerpt":{"rendered":"<p>CL\u00c1USULA INFORMATIVA RGPD Y LSSI-CE De conformidad con lo establecido en la normativa vigente en Protecci\u00f3n de Datos de Car\u00e1cter Personal, le informamos que sus datos ser\u00e1n incorporados al sistema de tratamiento titularidad de HOSTELERIA Y SERVICIOS GENERALES SL con CIF B46598959 y domicilio social sito en PASEO MARITIMO, MODULO 4 46011, VALENCIA, con la [&hellip;]<\/p>","protected":false},"author":2,"featured_media":0,"parent":0,"menu_order":0,"comment_status":"closed","ping_status":"closed","template":"","meta":{"site-sidebar-layout":"no-sidebar","site-content-layout":"page-builder","ast-site-content-layout":"full-width-container","site-content-style":"default","site-sidebar-style":"default","ast-global-header-display":"","ast-banner-title-visibility":"","ast-main-header-display":"","ast-hfb-above-header-display":"","ast-hfb-below-header-display":"","ast-hfb-mobile-header-display":"","site-post-title":"disabled","ast-breadcrumbs-content":"","ast-featured-img":"disabled","footer-sml-layout":"","theme-transparent-header-meta":"","adv-header-id-meta":"","stick-header-meta":"","header-above-stick-meta":"","header-main-stick-meta":"","header-below-stick-meta":"","astra-migrate-meta-layouts":"set","ast-page-background-enabled":"default","ast-page-background-meta":{"desktop":{"background-color":"var(--ast-global-color-4)","background-image":"","background-repeat":"repeat","background-position":"center center","background-size":"auto","background-attachment":"scroll","background-type":"","background-media":"","overlay-type":"","overlay-color":"","overlay-opacity":"","overlay-gradient":""},"tablet":{"background-color":"","background-image":"","background-repeat":"repeat","background-position":"center center","background-size":"auto","background-attachment":"scroll","background-type":"","background-media":"","overlay-type":"","overlay-color":"","overlay-opacity":"","overlay-gradient":""},"mobile":{"background-color":"","background-image":"","background-repeat":"repeat","background-position":"center center","background-size":"auto","background-attachment":"scroll","background-type":"","background-media":"","overlay-type":"","overlay-color":"","overlay-opacity":"","overlay-gradient":""}},"ast-content-background-meta":{"desktop":{"background-color":"var(--ast-global-color-5)","background-image":"","background-repeat":"repeat","background-position":"center center","background-size":"auto","background-attachment":"scroll","background-type":"","background-media":"","overlay-type":"","overlay-color":"","overlay-opacity":"","overlay-gradient":""},"tablet":{"background-color":"var(--ast-global-color-5)","background-image":"","background-repeat":"repeat","background-position":"center center","background-size":"auto","background-attachment":"scroll","background-type":"","background-media":"","overlay-type":"","overlay-color":"","overlay-opacity":"","overlay-gradient":""},"mobile":{"background-color":"var(--ast-global-color-5)","background-image":"","background-repeat":"repeat","background-position":"center center","background-size":"auto","background-attachment":"scroll","background-type":"","background-media":"","overlay-type":"","overlay-color":"","overlay-opacity":"","overlay-gradient":""}},"footnotes":""},"class_list":["post-9226","page","type-page","status-publish","hentry"],"yoast_head":"<!-- This site is optimized with the Yoast SEO plugin v25.6 - https:\/\/yoast.com\/wordpress\/plugins\/seo\/ -->\n<title>CL\u00c1USULA INFORMATIVA RGPD Y LSSI-CE - Casa Isabel<\/title>\n<meta name=\"robots\" content=\"noindex, follow\" \/>\n<meta property=\"og:locale\" content=\"fr_FR\" \/>\n<meta property=\"og:type\" content=\"article\" \/>\n<meta property=\"og:title\" content=\"CL\u00c1USULA INFORMATIVA RGPD Y LSSI-CE - Casa Isabel\" \/>\n<meta property=\"og:description\" content=\"CL\u00c1USULA INFORMATIVA RGPD Y LSSI-CE De conformidad con lo establecido en la normativa vigente en Protecci\u00f3n de Datos de Car\u00e1cter Personal, le informamos que sus datos ser\u00e1n incorporados al sistema de tratamiento titularidad de HOSTELERIA Y SERVICIOS GENERALES SL con CIF B46598959 y domicilio social sito en PASEO MARITIMO, MODULO 4 46011, VALENCIA, con la [&hellip;]\" \/>\n<meta property=\"og:url\" content=\"https:\/\/casaisabel.es\/fr\/clausula-informativa-rgpd-y-lssi-ce\/\" \/>\n<meta property=\"og:site_name\" content=\"Casa Isabel\" \/>\n<meta property=\"article:modified_time\" content=\"2023-11-06T11:36:03+00:00\" \/>\n<meta name=\"twitter:card\" content=\"summary_large_image\" \/>\n<meta name=\"twitter:label1\" content=\"Dur\u00e9e de lecture estim\u00e9e\" \/>\n\t<meta name=\"twitter:data1\" content=\"2 minutes\" \/>\n<script type=\"application\/ld+json\" class=\"yoast-schema-graph\">{\"@context\":\"https:\/\/schema.org\",\"@graph\":[{\"@type\":\"WebPage\",\"@id\":\"https:\/\/casaisabel.es\/clausula-informativa-rgpd-y-lssi-ce\/\",\"url\":\"https:\/\/casaisabel.es\/clausula-informativa-rgpd-y-lssi-ce\/\",\"name\":\"CL\u00c1USULA INFORMATIVA RGPD Y LSSI-CE - Casa Isabel\",\"isPartOf\":{\"@id\":\"https:\/\/casaisabel.es\/#website\"},\"datePublished\":\"2023-09-30T15:39:18+00:00\",\"dateModified\":\"2023-11-06T11:36:03+00:00\",\"breadcrumb\":{\"@id\":\"https:\/\/casaisabel.es\/clausula-informativa-rgpd-y-lssi-ce\/#breadcrumb\"},\"inLanguage\":\"fr-FR\",\"potentialAction\":[{\"@type\":\"ReadAction\",\"target\":[\"https:\/\/casaisabel.es\/clausula-informativa-rgpd-y-lssi-ce\/\"]}]},{\"@type\":\"BreadcrumbList\",\"@id\":\"https:\/\/casaisabel.es\/clausula-informativa-rgpd-y-lssi-ce\/#breadcrumb\",\"itemListElement\":[{\"@type\":\"ListItem\",\"position\":1,\"name\":\"Portada\",\"item\":\"https:\/\/casaisabel.es\/\"},{\"@type\":\"ListItem\",\"position\":2,\"name\":\"CL\u00c1USULA INFORMATIVA RGPD Y LSSI-CE\"}]},{\"@type\":\"WebSite\",\"@id\":\"https:\/\/casaisabel.es\/#website\",\"url\":\"https:\/\/casaisabel.es\/\",\"name\":\"Casa Isabel\",\"description\":\"S\u00f3lo otro sitio de WordPress\",\"publisher\":{\"@id\":\"https:\/\/casaisabel.es\/#organization\"},\"potentialAction\":[{\"@type\":\"SearchAction\",\"target\":{\"@type\":\"EntryPoint\",\"urlTemplate\":\"https:\/\/casaisabel.es\/?s={search_term_string}\"},\"query-input\":{\"@type\":\"PropertyValueSpecification\",\"valueRequired\":true,\"valueName\":\"search_term_string\"}}],\"inLanguage\":\"fr-FR\"},{\"@type\":\"Organization\",\"@id\":\"https:\/\/casaisabel.es\/#organization\",\"name\":\"Casa Isabel\",\"url\":\"https:\/\/casaisabel.es\/\",\"logo\":{\"@type\":\"ImageObject\",\"inLanguage\":\"fr-FR\",\"@id\":\"https:\/\/casaisabel.es\/#\/schema\/logo\/image\/\",\"url\":\"https:\/\/casaisabel.es\/wp-content\/uploads\/2023\/09\/casaIsabel.svg\",\"contentUrl\":\"https:\/\/casaisabel.es\/wp-content\/uploads\/2023\/09\/casaIsabel.svg\",\"width\":211,\"height\":49,\"caption\":\"Casa Isabel\"},\"image\":{\"@id\":\"https:\/\/casaisabel.es\/#\/schema\/logo\/image\/\"}}]}<\/script>\n<!-- \/ Yoast SEO plugin. -->","yoast_head_json":{"title":"CL\u00c1USULA INFORMATIVA RGPD Y LSSI-CE - Casa Isabel","robots":{"index":"noindex","follow":"follow"},"og_locale":"fr_FR","og_type":"article","og_title":"CL\u00c1USULA INFORMATIVA RGPD Y LSSI-CE - Casa Isabel","og_description":"CL\u00c1USULA INFORMATIVA RGPD Y LSSI-CE De conformidad con lo establecido en la normativa vigente en Protecci\u00f3n de Datos de Car\u00e1cter Personal, le informamos que sus datos ser\u00e1n incorporados al sistema de tratamiento titularidad de HOSTELERIA Y SERVICIOS GENERALES SL con CIF B46598959 y domicilio social sito en PASEO MARITIMO, MODULO 4 46011, VALENCIA, con la [&hellip;]","og_url":"https:\/\/casaisabel.es\/fr\/clausula-informativa-rgpd-y-lssi-ce\/","og_site_name":"Casa Isabel","article_modified_time":"2023-11-06T11:36:03+00:00","twitter_card":"summary_large_image","twitter_misc":{"Dur\u00e9e de lecture estim\u00e9e":"2 minutes"},"schema":{"@context":"https:\/\/schema.org","@graph":[{"@type":"WebPage","@id":"https:\/\/casaisabel.es\/clausula-informativa-rgpd-y-lssi-ce\/","url":"https:\/\/casaisabel.es\/clausula-informativa-rgpd-y-lssi-ce\/","name":"CL\u00c1USULA INFORMATIVA RGPD Y LSSI-CE - Casa Isabel","isPartOf":{"@id":"https:\/\/casaisabel.es\/#website"},"datePublished":"2023-09-30T15:39:18+00:00","dateModified":"2023-11-06T11:36:03+00:00","breadcrumb":{"@id":"https:\/\/casaisabel.es\/clausula-informativa-rgpd-y-lssi-ce\/#breadcrumb"},"inLanguage":"fr-FR","potentialAction":[{"@type":"ReadAction","target":["https:\/\/casaisabel.es\/clausula-informativa-rgpd-y-lssi-ce\/"]}]},{"@type":"BreadcrumbList","@id":"https:\/\/casaisabel.es\/clausula-informativa-rgpd-y-lssi-ce\/#breadcrumb","itemListElement":[{"@type":"ListItem","position":1,"name":"Portada","item":"https:\/\/casaisabel.es\/"},{"@type":"ListItem","position":2,"name":"CL\u00c1USULA INFORMATIVA RGPD Y LSSI-CE"}]},{"@type":"WebSite","@id":"https:\/\/casaisabel.es\/#website","url":"https:\/\/casaisabel.es\/","name":"Casa Isabel","description":"S\u00f3lo otro sitio de WordPress","publisher":{"@id":"https:\/\/casaisabel.es\/#organization"},"potentialAction":[{"@type":"SearchAction","target":{"@type":"EntryPoint","urlTemplate":"https:\/\/casaisabel.es\/?s={search_term_string}"},"query-input":{"@type":"PropertyValueSpecification","valueRequired":true,"valueName":"search_term_string"}}],"inLanguage":"fr-FR"},{"@type":"Organization","@id":"https:\/\/casaisabel.es\/#organization","name":"Casa Isabel","url":"https:\/\/casaisabel.es\/","logo":{"@type":"ImageObject","inLanguage":"fr-FR","@id":"https:\/\/casaisabel.es\/#\/schema\/logo\/image\/","url":"https:\/\/casaisabel.es\/wp-content\/uploads\/2023\/09\/casaIsabel.svg","contentUrl":"https:\/\/casaisabel.es\/wp-content\/uploads\/2023\/09\/casaIsabel.svg","width":211,"height":49,"caption":"Casa Isabel"},"image":{"@id":"https:\/\/casaisabel.es\/#\/schema\/logo\/image\/"}}]}},"_links":{"self":[{"href":"https:\/\/casaisabel.es\/fr\/wp-json\/wp\/v2\/pages\/9226","targetHints":{"allow":["GET"]}}],"collection":[{"href":"https:\/\/casaisabel.es\/fr\/wp-json\/wp\/v2\/pages"}],"about":[{"href":"https:\/\/casaisabel.es\/fr\/wp-json\/wp\/v2\/types\/page"}],"author":[{"embeddable":true,"href":"https:\/\/casaisabel.es\/fr\/wp-json\/wp\/v2\/users\/2"}],"replies":[{"embeddable":true,"href":"https:\/\/casaisabel.es\/fr\/wp-json\/wp\/v2\/comments?post=9226"}],"version-history":[{"count":0,"href":"https:\/\/casaisabel.es\/fr\/wp-json\/wp\/v2\/pages\/9226\/revisions"}],"wp:attachment":[{"href":"https:\/\/casaisabel.es\/fr\/wp-json\/wp\/v2\/media?parent=9226"}],"curies":[{"name":"wp","href":"https:\/\/api.w.org\/{rel}","templated":true}]}}