{"id":8663,"date":"2023-09-28T22:12:19","date_gmt":"2023-09-28T22:12:19","guid":{"rendered":"https:\/\/casaisabel.upcofly.com\/?page_id=8663"},"modified":"2025-02-16T08:29:27","modified_gmt":"2025-02-16T08:29:27","slug":"salades-casa-isabel","status":"publish","type":"page","link":"https:\/\/casaisabel.es\/fr\/salades-casa-isabel\/","title":{"rendered":"Salades"},"content":{"rendered":"<div data-elementor-type=\"wp-page\" data-elementor-id=\"8663\" class=\"elementor elementor-8663\">\n\t\t\t\t\t\t<section class=\"elementor-section elementor-top-section elementor-element elementor-element-725fd73 elementor-section-full_width elementor-section-height-min-height elementor-section-items-stretch elementor-section-height-default\" data-id=\"725fd73\" data-element_type=\"section\" data-e-type=\"section\">\n\t\t\t\t\t\t<div class=\"elementor-container elementor-column-gap-no\">\n\t\t\t\t\t<div class=\"elementor-column elementor-col-100 elementor-top-column elementor-element elementor-element-b99dc5b\" data-id=\"b99dc5b\" data-element_type=\"column\" data-e-type=\"column\" data-settings=\"{&quot;background_background&quot;:&quot;classic&quot;}\">\n\t\t\t<div class=\"elementor-widget-wrap elementor-element-populated\">\n\t\t\t\t\t\t<div class=\"elementor-element elementor-element-f430005 elementor-widget elementor-widget-heading\" data-id=\"f430005\" data-element_type=\"widget\" data-e-type=\"widget\" data-widget_type=\"heading.default\">\n\t\t\t\t<div class=\"elementor-widget-container\">\n\t\t\t\t\t<h1 class=\"elementor-heading-title elementor-size-default\">Salades<\/h1>\t\t\t\t<\/div>\n\t\t\t\t<\/div>\n\t\t\t\t\t<\/div>\n\t\t<\/div>\n\t\t\t\t\t<\/div>\n\t\t<\/section>\n\t\t<div class=\"elementor-element elementor-element-de8d63d e-flex e-con-boxed e-con e-parent\" data-id=\"de8d63d\" data-element_type=\"container\" data-e-type=\"container\" data-settings=\"{&quot;background_background&quot;:&quot;classic&quot;}\">\n\t\t\t\t\t<div class=\"e-con-inner\">\n\t\t\t\t<div class=\"elementor-element elementor-element-29e08bf elementor-widget elementor-widget-html\" data-id=\"29e08bf\" data-element_type=\"widget\" data-e-type=\"widget\" data-widget_type=\"html.default\">\n\t\t\t\t<div class=\"elementor-widget-container\">\n\t\t\t\t\t<section class=\"navegador-section\">\n<div class=\"navegador-menu\">\n    <a href=\"https:\/\/casaisabel.es\/fr\/menu-casa-isabel\/\">Entr\u00e9es<\/a>\n    <a class=\"carta-active\"  href=\"https:\/\/casaisabel.es\/fr\/salades-casa-isabel\/\">Salades<\/a>\n    <a  href=\"https:\/\/casaisabel.es\/fr\/paellas-riz-casa-isabel\/\">Paellas<\/a>\n    <a href=\"https:\/\/casaisabel.es\/fr\/calderetas-sucs-casa-isabel\/\">Rago\u00fbts et Sucs<\/a>\n    <a href=\"https:\/\/casaisabel.es\/fr\/principal-casa-isabel\/\">Plats Principaux<\/a>\n    <a href=\"https:\/\/casaisabel.es\/fr\/enfants-casa-isabel\/\">Enfants<\/a>\n<\/div>\n<\/section>\t\t\t\t<\/div>\n\t\t\t\t<\/div>\n\t\t\t\t\t<\/div>\n\t\t\t\t<\/div>\n\t\t<div class=\"elementor-element elementor-element-f7172a7 e-con-full e-flex e-con e-parent\" data-id=\"f7172a7\" data-element_type=\"container\" data-e-type=\"container\" data-settings=\"{&quot;background_background&quot;:&quot;classic&quot;}\">\n\t\t\t\t<div class=\"elementor-element elementor-element-b6d4c83 elementor-widget elementor-widget-html\" data-id=\"b6d4c83\" data-element_type=\"widget\" data-e-type=\"widget\" data-widget_type=\"html.default\">\n\t\t\t\t<div class=\"elementor-widget-container\">\n\t\t\t\t\t<section class=\"menu-casa-isabel\">\n    <div class=\"element-menu\">\n        <div class=\"product\">\n        <div class=\"image-product\"><img decoding=\"async\" src=\"https:\/\/casaisabel.es\/wp-content\/uploads\/2023\/10\/ensalada-valenciana.jpg\"><\/div>\n        <div class=\"info-product\">\n            <div class=\"product-name\"><div class=\"namep\"><p>Valenciana<\/p><\/div><div class=\"icons-product\"><\/div><\/div>\n            <div class=\"description-product\"><p>Laitue, tomate, oignon et olives<\/p><\/div>\n        <\/div>\n    \n    <\/div>\n    \n    <span class=\"price-separator\"><\/span>\n    \n        <div class=\"price-product\"><p>8\u20ac<\/div>\n    <\/div>\n    <div class=\"element-menu\">\n        <div class=\"product\">\n        <div class=\"image-product\"><img decoding=\"async\" src=\"https:\/\/casaisabel.es\/wp-content\/uploads\/2023\/10\/omate-ventresca.jpg\"><\/div>\n        <div class=\"info-product\">\n            <div class=\"product-name\">\n                <div class=\"namep\"><p>Tomate avec du thon ventr\u00e8che<\/p><\/div>\n                <div class=\"icons-product\"><img decoding=\"async\" src=\"https:\/\/casaisabel.es\/wp-content\/uploads\/2023\/09\/4.svg\"><img decoding=\"async\" src=\"https:\/\/casaisabel.es\/wp-content\/uploads\/2023\/09\/12.svg\"><\/div>\n            <\/div>\n               <div class=\"description-product\"><p>Tomate, ventr\u00e8che de thon, huile d'olive<\/p><\/div>\n        <\/div>\n    <\/div>\n    \n        <span class=\"price-separator\"><\/span>\n    \n        <div class=\"price-product\"><p>16\u20ac<\/p><\/div>\n    <\/div>\n    <div class=\"element-menu\">\n        <div class=\"product\">\n        <div class=\"image-product\"><img decoding=\"async\" src=\"https:\/\/casaisabel.es\/wp-content\/uploads\/2023\/10\/ensalada-completa.jpg\"><\/div>\n        <div class=\"info-product\">\n            <div class=\"product-name\"><div class=\"namep\"><p>Compl\u00e8te<\/p><\/div><div class=\"icons-product\"><img decoding=\"async\" src=\"https:\/\/casaisabel.es\/wp-content\/uploads\/2023\/09\/3.svg\"><img decoding=\"async\" src=\"https:\/\/casaisabel.es\/wp-content\/uploads\/2023\/09\/4.svg\"><img decoding=\"async\" src=\"https:\/\/casaisabel.es\/wp-content\/uploads\/2023\/09\/12.svg\"><\/div><\/div>\n                <div class=\"description-product\"><p>Tomate, laitue lollo rosso, concombre, carotte, ma\u00efs, \u0153uf dur, asperge, thon <br>maiz, hueco cocido, esparrago, at\u00fan <\/p><\/div>\n        <\/div>\n        \n    <\/div>\n    \n    <span class=\"price-separator\"><\/span>\n    \n        <div class=\"price-product\"><p>16\u20ac<\/p><\/div>\n    <\/div>\n    <div class=\"element-menu\">\n        <div class=\"product\">\n        <div class=\"image-product\"><img decoding=\"async\" src=\"https:\/\/casaisabel.es\/wp-content\/uploads\/2023\/10\/ensalada-isabel.jpg\"><\/div>\n        <div class=\"info-product\">\n            <div class=\"product-name\"><div class=\"namep\"><p>Isabel<\/p><\/div><div class=\"icons-product\"><img decoding=\"async\" src=\"https:\/\/casaisabel.es\/wp-content\/uploads\/2023\/09\/8.svg\"><img decoding=\"async\" src=\"https:\/\/casaisabel.es\/wp-content\/uploads\/2023\/09\/11.svg\"><\/div><\/div>\n                <div class=\"description-product\"><p>Tomate, laitue lollo rosso, noix, pignons de pin, graines de tournesol, poulet<\/p><\/div>\n        <\/div>\n        \n    <\/div>\n    \n    <span class=\"price-separator\"><\/span>\n    \n        <div class=\"price-product\"><p>16\u20ac<\/p><\/div>\n    <\/div>\n    <div class=\"element-menu\">\n        <div class=\"product\">\n        <div class=\"image-product\"><img decoding=\"async\" src=\"https:\/\/casaisabel.es\/wp-content\/uploads\/2023\/10\/burrata.jpg\"><\/div>\n        <div class=\"info-product\">\n            <div class=\"product-name\"><div class=\"namep\"><p>Tomate avec burrata<\/p><\/div><div class=\"icons-product\"><img decoding=\"async\" src=\"https:\/\/casaisabel.es\/wp-content\/uploads\/2023\/09\/3.svg\"><img decoding=\"async\" src=\"https:\/\/casaisabel.es\/wp-content\/uploads\/2023\/09\/7.svg\"><img decoding=\"async\" src=\"https:\/\/casaisabel.es\/wp-content\/uploads\/2023\/09\/8.svg\"><\/div><\/div>\n             <div class=\"description-product\"><p>Tomate, fromage burrata, pesto vert, huile d'olive <\/p><\/div>\n        <\/div>\n        \n    <\/div>\n    \n    <span class=\"price-separator\"><\/span>\n    \n        <div class=\"price-product\"><p>16\u20ac<\/p><\/div>\n    <\/div>\n    \n    <\/section>\t\t\t\t<\/div>\n\t\t\t\t<\/div>\n\t\t\t\t<\/div>\n\t\t<div class=\"elementor-element elementor-element-28c9de3c e-flex e-con-boxed e-con e-parent\" data-id=\"28c9de3c\" data-element_type=\"container\" data-e-type=\"container\" data-settings=\"{&quot;background_background&quot;:&quot;classic&quot;}\">\n\t\t\t\t\t<div class=\"e-con-inner\">\n\t\t\t\t<div class=\"elementor-element elementor-element-26c07fc5 elementor-widget elementor-widget-html\" data-id=\"26c07fc5\" data-element_type=\"widget\" data-e-type=\"widget\" data-widget_type=\"html.default\">\n\t\t\t\t<div class=\"elementor-widget-container\">\n\t\t\t\t\t<div class=\"info-casa-isabel\"><p>Guide d&#039;allerg\u00e8nes<\/p><\/div>\t\t\t\t<\/div>\n\t\t\t\t<\/div>\n\t\t\t\t<div class=\"elementor-element elementor-element-5de01fb7 elementor-widget elementor-widget-html\" data-id=\"5de01fb7\" data-element_type=\"widget\" data-e-type=\"widget\" data-widget_type=\"html.default\">\n\t\t\t\t<div class=\"elementor-widget-container\">\n\t\t\t\t\t<section class=\"guia-alergenos\">\n    <div  class=\"guia-alergenos-content\">\n        <div class=\"alergeno-element\">\n            <img decoding=\"async\" src=\"https:\/\/casaisabel.es\/wp-content\/uploads\/2023\/09\/1.svg\">\n            <p>Gluten<\/p>\n        <\/div>\n        <div class=\"alergeno-element\">\n            <img decoding=\"async\" src=\"https:\/\/casaisabel.es\/wp-content\/uploads\/2023\/09\/2.svg\">\n            <p>Les crustac\u00e9s<\/p>\n        <\/div>\n        <div class=\"alergeno-element\">\n            <img decoding=\"async\" src=\"https:\/\/casaisabel.es\/wp-content\/uploads\/2023\/09\/3.svg\">\n            <p>Les \u0153ufs<\/p>\n        <\/div>\n        <div class=\"alergeno-element\">\n            <img decoding=\"async\" src=\"https:\/\/casaisabel.es\/wp-content\/uploads\/2023\/09\/4.svg\">\n            <p>Les poissons<\/p>\n        <\/div>\n        <div class=\"alergeno-element\">\n            <img decoding=\"async\" src=\"https:\/\/casaisabel.es\/wp-content\/uploads\/2023\/09\/5.svg\">\n            <p>Les arachides<\/p>\n        <\/div>\n        <div class=\"alergeno-element\">\n            <img decoding=\"async\" src=\"https:\/\/casaisabel.es\/wp-content\/uploads\/2023\/09\/6.svg\">\n            <p>Soja<\/p>\n        <\/div>\n        <div class=\"alergeno-element\">\n            <img decoding=\"async\" src=\"https:\/\/casaisabel.es\/wp-content\/uploads\/2023\/09\/7.svg\">\n            <p>Produits laitiers<\/p>\n        <\/div>\n        <div class=\"alergeno-element\">\n            <img decoding=\"async\" src=\"https:\/\/casaisabel.es\/wp-content\/uploads\/2023\/09\/8.svg\">\n            <p>Fruits secs<\/p>\n        <\/div>\n        <div class=\"alergeno-element\">\n            <img decoding=\"async\" src=\"https:\/\/casaisabel.es\/wp-content\/uploads\/2023\/09\/9.svg\">\n            <p>C\u00e9leri<\/p>\n        <\/div>\n        <div class=\"alergeno-element\">\n            <img decoding=\"async\" src=\"https:\/\/casaisabel.es\/wp-content\/uploads\/2023\/09\/10.svg\">\n            <p>\u00c0 la moutarde<\/p>\n        <\/div>\n        <div class=\"alergeno-element\">\n            <img decoding=\"async\" src=\"https:\/\/casaisabel.es\/wp-content\/uploads\/2023\/09\/11.svg\">\n            <p>S\u00e9same<\/p>\n        <\/div>\n        <div class=\"alergeno-element\">\n            <img decoding=\"async\" src=\"https:\/\/casaisabel.es\/wp-content\/uploads\/2023\/09\/12.svg\">\n            <p>Sulfites<\/p>\n        <\/div>\n        <div class=\"alergeno-element\">\n            <img decoding=\"async\" src=\"https:\/\/casaisabel.es\/wp-content\/uploads\/2023\/09\/13.svg\">\n            <p>Les Lupins<\/p>\n        <\/div>\n        <div class=\"alergeno-element\">\n            <img decoding=\"async\" src=\"https:\/\/casaisabel.es\/wp-content\/uploads\/2023\/09\/14.svg\">\n            <p>Les mollusques<\/p>\n        <\/div>\n    <\/div>\n<\/section>\t\t\t\t<\/div>\n\t\t\t\t<\/div>\n\t\t\t\t\t<\/div>\n\t\t\t\t<\/div>\n\t\t\t\t<\/div>","protected":false},"excerpt":{"rendered":"<p>ensaladas Entrantes Ensaladas Paellas y Arroces Calderetas y Sucs Principales Infantil Valenciana Lechuga, tomate, cebolla y olivas 8\u20ac Tomate con ventresca Tomate, ventresca de at\u00fan, aceite de oliva 16\u20ac Completa Tomate, lechuga lollo rosso, pepino, zanahoria, maiz, hueco cocido, esparrago, at\u00fan 16\u20ac Isabel Tomate, lechuga lollo rosso, nueces, pi\u00f1ones, pipas, pollo 16\u20ac Tomate con burrata [&hellip;]<\/p>","protected":false},"author":2,"featured_media":0,"parent":0,"menu_order":0,"comment_status":"closed","ping_status":"closed","template":"","meta":{"site-sidebar-layout":"no-sidebar","site-content-layout":"page-builder","ast-site-content-layout":"full-width-container","site-content-style":"unboxed","site-sidebar-style":"unboxed","ast-global-header-display":"","ast-banner-title-visibility":"","ast-main-header-display":"","ast-hfb-above-header-display":"","ast-hfb-below-header-display":"","ast-hfb-mobile-header-display":"","site-post-title":"disabled","ast-breadcrumbs-content":"","ast-featured-img":"disabled","footer-sml-layout":"","theme-transparent-header-meta":"enabled","adv-header-id-meta":"","stick-header-meta":"","header-above-stick-meta":"","header-main-stick-meta":"","header-below-stick-meta":"","astra-migrate-meta-layouts":"set","ast-page-background-enabled":"default","ast-page-background-meta":{"desktop":{"background-color":"var(--ast-global-color-4)","background-image":"","background-repeat":"repeat","background-position":"center center","background-size":"auto","background-attachment":"scroll","background-type":"","background-media":"","overlay-type":"","overlay-color":"","overlay-opacity":"","overlay-gradient":""},"tablet":{"background-color":"","background-image":"","background-repeat":"repeat","background-position":"center center","background-size":"auto","background-attachment":"scroll","background-type":"","background-media":"","overlay-type":"","overlay-color":"","overlay-opacity":"","overlay-gradient":""},"mobile":{"background-color":"","background-image":"","background-repeat":"repeat","background-position":"center center","background-size":"auto","background-attachment":"scroll","background-type":"","background-media":"","overlay-type":"","overlay-color":"","overlay-opacity":"","overlay-gradient":""}},"ast-content-background-meta":{"desktop":{"background-color":"var(--ast-global-color-5)","background-image":"","background-repeat":"repeat","background-position":"center center","background-size":"auto","background-attachment":"scroll","background-type":"","background-media":"","overlay-type":"","overlay-color":"","overlay-opacity":"","overlay-gradient":""},"tablet":{"background-color":"var(--ast-global-color-5)","background-image":"","background-repeat":"repeat","background-position":"center center","background-size":"auto","background-attachment":"scroll","background-type":"","background-media":"","overlay-type":"","overlay-color":"","overlay-opacity":"","overlay-gradient":""},"mobile":{"background-color":"var(--ast-global-color-5)","background-image":"","background-repeat":"repeat","background-position":"center center","background-size":"auto","background-attachment":"scroll","background-type":"","background-media":"","overlay-type":"","overlay-color":"","overlay-opacity":"","overlay-gradient":""}},"footnotes":""},"class_list":["post-8663","page","type-page","status-publish","hentry"],"yoast_head":"<!-- This site is optimized with the Yoast SEO plugin v25.6 - https:\/\/yoast.com\/wordpress\/plugins\/seo\/ -->\n<title>Ensaladas - Restaurante Casa Isabel<\/title>\n<meta name=\"description\" content=\"No todo es arroz en Casa Isabel, disfruta de nuestra variedad de ensaladas. Ensalada Valenciana, Tomate con Burrata, con Ventresca... \u00a1Reserva ahora!\" \/>\n<meta name=\"robots\" content=\"index, follow, max-snippet:-1, max-image-preview:large, max-video-preview:-1\" \/>\n<link rel=\"canonical\" href=\"https:\/\/casaisabel.es\/fr\/salades-casa-isabel\/\" \/>\n<meta property=\"og:locale\" content=\"fr_FR\" \/>\n<meta property=\"og:type\" content=\"article\" \/>\n<meta property=\"og:title\" content=\"Ensaladas - Restaurante Casa Isabel\" \/>\n<meta property=\"og:description\" content=\"No todo es arroz en Casa Isabel, disfruta de nuestra variedad de ensaladas. Ensalada Valenciana, Tomate con Burrata, con Ventresca... \u00a1Reserva ahora!\" \/>\n<meta property=\"og:url\" content=\"https:\/\/casaisabel.es\/fr\/salades-casa-isabel\/\" \/>\n<meta property=\"og:site_name\" content=\"Casa Isabel\" \/>\n<meta property=\"article:modified_time\" content=\"2025-02-16T08:29:27+00:00\" \/>\n<meta property=\"og:image\" content=\"https:\/\/casaisabel.es\/wp-content\/uploads\/2023\/10\/ensalada-valenciana.jpg\" \/>\n<meta name=\"twitter:card\" content=\"summary_large_image\" \/>\n<meta name=\"twitter:label1\" content=\"Dur\u00e9e de lecture estim\u00e9e\" \/>\n\t<meta name=\"twitter:data1\" content=\"7 minutes\" \/>\n<script type=\"application\/ld+json\" class=\"yoast-schema-graph\">{\"@context\":\"https:\/\/schema.org\",\"@graph\":[{\"@type\":\"WebPage\",\"@id\":\"https:\/\/casaisabel.es\/ensaladas-casa-isabel\/\",\"url\":\"https:\/\/casaisabel.es\/ensaladas-casa-isabel\/\",\"name\":\"Ensaladas - Restaurante Casa Isabel\",\"isPartOf\":{\"@id\":\"https:\/\/casaisabel.es\/#website\"},\"primaryImageOfPage\":{\"@id\":\"https:\/\/casaisabel.es\/ensaladas-casa-isabel\/#primaryimage\"},\"image\":{\"@id\":\"https:\/\/casaisabel.es\/ensaladas-casa-isabel\/#primaryimage\"},\"thumbnailUrl\":\"https:\/\/casaisabel.es\/wp-content\/uploads\/2023\/10\/ensalada-valenciana.jpg\",\"datePublished\":\"2023-09-28T22:12:19+00:00\",\"dateModified\":\"2025-02-16T08:29:27+00:00\",\"description\":\"No todo es arroz en Casa Isabel, disfruta de nuestra variedad de ensaladas. Ensalada Valenciana, Tomate con Burrata, con Ventresca... \u00a1Reserva ahora!\",\"breadcrumb\":{\"@id\":\"https:\/\/casaisabel.es\/ensaladas-casa-isabel\/#breadcrumb\"},\"inLanguage\":\"fr-FR\",\"potentialAction\":[{\"@type\":\"ReadAction\",\"target\":[\"https:\/\/casaisabel.es\/ensaladas-casa-isabel\/\"]}]},{\"@type\":\"ImageObject\",\"inLanguage\":\"fr-FR\",\"@id\":\"https:\/\/casaisabel.es\/ensaladas-casa-isabel\/#primaryimage\",\"url\":\"https:\/\/casaisabel.es\/wp-content\/uploads\/2023\/10\/ensalada-valenciana.jpg\",\"contentUrl\":\"https:\/\/casaisabel.es\/wp-content\/uploads\/2023\/10\/ensalada-valenciana.jpg\"},{\"@type\":\"BreadcrumbList\",\"@id\":\"https:\/\/casaisabel.es\/ensaladas-casa-isabel\/#breadcrumb\",\"itemListElement\":[{\"@type\":\"ListItem\",\"position\":1,\"name\":\"Portada\",\"item\":\"https:\/\/casaisabel.es\/\"},{\"@type\":\"ListItem\",\"position\":2,\"name\":\"Ensaladas\"}]},{\"@type\":\"WebSite\",\"@id\":\"https:\/\/casaisabel.es\/#website\",\"url\":\"https:\/\/casaisabel.es\/\",\"name\":\"Casa Isabel\",\"description\":\"S\u00f3lo otro sitio de WordPress\",\"publisher\":{\"@id\":\"https:\/\/casaisabel.es\/#organization\"},\"potentialAction\":[{\"@type\":\"SearchAction\",\"target\":{\"@type\":\"EntryPoint\",\"urlTemplate\":\"https:\/\/casaisabel.es\/?s={search_term_string}\"},\"query-input\":{\"@type\":\"PropertyValueSpecification\",\"valueRequired\":true,\"valueName\":\"search_term_string\"}}],\"inLanguage\":\"fr-FR\"},{\"@type\":\"Organization\",\"@id\":\"https:\/\/casaisabel.es\/#organization\",\"name\":\"Casa Isabel\",\"url\":\"https:\/\/casaisabel.es\/\",\"logo\":{\"@type\":\"ImageObject\",\"inLanguage\":\"fr-FR\",\"@id\":\"https:\/\/casaisabel.es\/#\/schema\/logo\/image\/\",\"url\":\"https:\/\/casaisabel.es\/wp-content\/uploads\/2023\/09\/casaIsabel.svg\",\"contentUrl\":\"https:\/\/casaisabel.es\/wp-content\/uploads\/2023\/09\/casaIsabel.svg\",\"width\":211,\"height\":49,\"caption\":\"Casa Isabel\"},\"image\":{\"@id\":\"https:\/\/casaisabel.es\/#\/schema\/logo\/image\/\"}}]}<\/script>\n<!-- \/ Yoast SEO plugin. -->","yoast_head_json":{"title":"Salades - Restaurant Casa Isabel","description":"Ce n'est pas que du riz chez Casa Isabel, profitez de notre vari\u00e9t\u00e9 de salades. Salade valencienne, tomate avec burrata, avec ventr\u00e8che... R\u00e9servez maintenant !","robots":{"index":"index","follow":"follow","max-snippet":"max-snippet:-1","max-image-preview":"max-image-preview:large","max-video-preview":"max-video-preview:-1"},"canonical":"https:\/\/casaisabel.es\/fr\/salades-casa-isabel\/","og_locale":"fr_FR","og_type":"article","og_title":"Ensaladas - Restaurante Casa Isabel","og_description":"No todo es arroz en Casa Isabel, disfruta de nuestra variedad de ensaladas. Ensalada Valenciana, Tomate con Burrata, con Ventresca... \u00a1Reserva ahora!","og_url":"https:\/\/casaisabel.es\/fr\/salades-casa-isabel\/","og_site_name":"Casa Isabel","article_modified_time":"2025-02-16T08:29:27+00:00","og_image":[{"url":"https:\/\/casaisabel.es\/wp-content\/uploads\/2023\/10\/ensalada-valenciana.jpg","type":"","width":"","height":""}],"twitter_card":"summary_large_image","twitter_misc":{"Dur\u00e9e de lecture estim\u00e9e":"7 minutes"},"schema":{"@context":"https:\/\/schema.org","@graph":[{"@type":"WebPage","@id":"https:\/\/casaisabel.es\/ensaladas-casa-isabel\/","url":"https:\/\/casaisabel.es\/ensaladas-casa-isabel\/","name":"Salades - Restaurant Casa Isabel","isPartOf":{"@id":"https:\/\/casaisabel.es\/#website"},"primaryImageOfPage":{"@id":"https:\/\/casaisabel.es\/ensaladas-casa-isabel\/#primaryimage"},"image":{"@id":"https:\/\/casaisabel.es\/ensaladas-casa-isabel\/#primaryimage"},"thumbnailUrl":"https:\/\/casaisabel.es\/wp-content\/uploads\/2023\/10\/ensalada-valenciana.jpg","datePublished":"2023-09-28T22:12:19+00:00","dateModified":"2025-02-16T08:29:27+00:00","description":"Ce n'est pas que du riz chez Casa Isabel, profitez de notre vari\u00e9t\u00e9 de salades. Salade valencienne, tomate avec burrata, avec ventr\u00e8che... R\u00e9servez maintenant !","breadcrumb":{"@id":"https:\/\/casaisabel.es\/ensaladas-casa-isabel\/#breadcrumb"},"inLanguage":"fr-FR","potentialAction":[{"@type":"ReadAction","target":["https:\/\/casaisabel.es\/ensaladas-casa-isabel\/"]}]},{"@type":"ImageObject","inLanguage":"fr-FR","@id":"https:\/\/casaisabel.es\/ensaladas-casa-isabel\/#primaryimage","url":"https:\/\/casaisabel.es\/wp-content\/uploads\/2023\/10\/ensalada-valenciana.jpg","contentUrl":"https:\/\/casaisabel.es\/wp-content\/uploads\/2023\/10\/ensalada-valenciana.jpg"},{"@type":"BreadcrumbList","@id":"https:\/\/casaisabel.es\/ensaladas-casa-isabel\/#breadcrumb","itemListElement":[{"@type":"ListItem","position":1,"name":"Portada","item":"https:\/\/casaisabel.es\/"},{"@type":"ListItem","position":2,"name":"Ensaladas"}]},{"@type":"WebSite","@id":"https:\/\/casaisabel.es\/#website","url":"https:\/\/casaisabel.es\/","name":"Casa Isabel","description":"S\u00f3lo otro sitio de WordPress","publisher":{"@id":"https:\/\/casaisabel.es\/#organization"},"potentialAction":[{"@type":"SearchAction","target":{"@type":"EntryPoint","urlTemplate":"https:\/\/casaisabel.es\/?s={search_term_string}"},"query-input":{"@type":"PropertyValueSpecification","valueRequired":true,"valueName":"search_term_string"}}],"inLanguage":"fr-FR"},{"@type":"Organization","@id":"https:\/\/casaisabel.es\/#organization","name":"Casa Isabel","url":"https:\/\/casaisabel.es\/","logo":{"@type":"ImageObject","inLanguage":"fr-FR","@id":"https:\/\/casaisabel.es\/#\/schema\/logo\/image\/","url":"https:\/\/casaisabel.es\/wp-content\/uploads\/2023\/09\/casaIsabel.svg","contentUrl":"https:\/\/casaisabel.es\/wp-content\/uploads\/2023\/09\/casaIsabel.svg","width":211,"height":49,"caption":"Casa Isabel"},"image":{"@id":"https:\/\/casaisabel.es\/#\/schema\/logo\/image\/"}}]}},"_links":{"self":[{"href":"https:\/\/casaisabel.es\/fr\/wp-json\/wp\/v2\/pages\/8663","targetHints":{"allow":["GET"]}}],"collection":[{"href":"https:\/\/casaisabel.es\/fr\/wp-json\/wp\/v2\/pages"}],"about":[{"href":"https:\/\/casaisabel.es\/fr\/wp-json\/wp\/v2\/types\/page"}],"author":[{"embeddable":true,"href":"https:\/\/casaisabel.es\/fr\/wp-json\/wp\/v2\/users\/2"}],"replies":[{"embeddable":true,"href":"https:\/\/casaisabel.es\/fr\/wp-json\/wp\/v2\/comments?post=8663"}],"version-history":[{"count":0,"href":"https:\/\/casaisabel.es\/fr\/wp-json\/wp\/v2\/pages\/8663\/revisions"}],"wp:attachment":[{"href":"https:\/\/casaisabel.es\/fr\/wp-json\/wp\/v2\/media?parent=8663"}],"curies":[{"name":"wp","href":"https:\/\/api.w.org\/{rel}","templated":true}]}}