{"id":10260,"date":"2023-11-23T00:00:59","date_gmt":"2023-11-23T00:00:59","guid":{"rendered":"https:\/\/casaisabel.es\/?page_id=10260"},"modified":"2023-12-11T13:10:51","modified_gmt":"2023-12-11T13:10:51","slug":"terminos-y-condiciones-de-venta","status":"publish","type":"page","link":"https:\/\/casaisabel.es\/fr\/terminos-y-condiciones-de-venta\/","title":{"rendered":"T\u00e9rminos y condiciones de venta"},"content":{"rendered":"<div data-elementor-type=\"wp-page\" data-elementor-id=\"10260\" class=\"elementor elementor-10260\">\n\t\t\t\t<div class=\"elementor-element elementor-element-1f8cb9c e-flex e-con-boxed e-con e-parent\" data-id=\"1f8cb9c\" data-element_type=\"container\" data-e-type=\"container\">\n\t\t\t\t\t<div class=\"e-con-inner\">\n\t\t\t\t<div class=\"elementor-element elementor-element-7143180 elementor-widget elementor-widget-heading\" data-id=\"7143180\" data-element_type=\"widget\" data-e-type=\"widget\" data-widget_type=\"heading.default\">\n\t\t\t\t<div class=\"elementor-widget-container\">\n\t\t\t\t\t<h1 class=\"elementor-heading-title elementor-size-default\">Conditions G\u00e9n\u00e9rales de Vente <\/h1>\t\t\t\t<\/div>\n\t\t\t\t<\/div>\n\t\t\t\t<div class=\"elementor-element elementor-element-95dd49f elementor-widget elementor-widget-text-editor\" data-id=\"95dd49f\" data-element_type=\"widget\" data-e-type=\"widget\" data-widget_type=\"text-editor.default\">\n\t\t\t\t<div class=\"elementor-widget-container\">\n\t\t\t\t\t\t\t\t\t<h6>R\u00e9servation<\/h6>\n<p>En effectuant une r\u00e9servation chez Casa Isabel, le client accepte les termes et conditions \u00e9nonc\u00e9s dans ce document.<\/p>\n<h6>Paiement<\/h6>\n<ul>\n<li>Le paiement int\u00e9gral de la r\u00e9servation doit \u00eatre effectu\u00e9 au moment de sa confirmation.<\/li>\n<\/ul>\n<h6>Modificaci\u00f3n y Cancelaci\u00f3n de la Reserva<\/h6>\n<ul>\n<li>Se podr\u00e1n realizar modificaciones y cancelaciones en la reserva con al menos 4h horas de antelaci\u00f3n a la hora programada sin coste alguno, para mesas inferiores a 12 comensales recibiendo la devoluci\u00f3n de la reserva.&nbsp;<\/li>\n<li>En el caso de anular la reserva con menos de 4h de antelaci\u00f3n, para mesas inferiores a 12 comensales la reserva no ser\u00e1 devuelta.<\/li>\n<li>Les modifications sont soumises \u00e0 disponibilit\u00e9.<\/li>\n<li>En caso de mesas de m\u00e1s de 12 comensales la cancelaci\u00f3n deber\u00e1 ser con un m\u00ednimo de 24 horas de lo contrario el dep\u00f3sito de la reserva no ser\u00e1 devuelto.<\/li>\n<\/ul>\n<h6>Responsabilit\u00e9 du Client<\/h6>\n<ul>\n<li>Il incombe au client de fournir des informations pr\u00e9cises lors de la r\u00e9servation, notamment concernant les exigences alimentaires ou les allergies.<\/li>\n<li>Casa Isabel n'est pas responsable des probl\u00e8mes d\u00e9coulant d'informations incorrectes fournies par le client.<\/li>\n<\/ul>\n<h6>Annulation par le Restaurant<\/h6>\n<p>Casa Isabel se r\u00e9serve le droit d'annuler une r\u00e9servation dans des circonstances exceptionnelles. Dans un tel cas, le client aura la possibilit\u00e9 de reprogrammer la r\u00e9servation ou de recevoir un cr\u00e9dit pour les r\u00e9servations futures.<\/p>\n<h6>Respect des R\u00e9glementations Locales<\/h6>\n<p>Toutes les r\u00e9servations sont soumises aux r\u00e9glementations locales et aux politiques actuelles de sant\u00e9 et de s\u00e9curit\u00e9. Casa Isabel se r\u00e9serve le droit d'apporter des ajustements aux r\u00e9servations pour se conformer \u00e0 ces r\u00e9glementations.<\/p>\n<p>En effectuant une r\u00e9servation chez Casa Isabel, le client indique sa compr\u00e9hension et son acceptation de ces termes et conditions. Pour toute question ou clarification, n'h\u00e9sitez pas \u00e0 contacter notre \u00e9quipe de service client.<\/p>\t\t\t\t\t\t\t\t<\/div>\n\t\t\t\t<\/div>\n\t\t\t\t\t<\/div>\n\t\t\t\t<\/div>\n\t\t\t\t<\/div>","protected":false},"excerpt":{"rendered":"<p>T\u00c9RMINOS Y CONDICIONES DE VENTA Reserva Al realizar una reserva en Casa Isabel, el cliente acepta los t\u00e9rminos y condiciones establecidos en este documento. Pago El pago total de la reserva se debe realizar en el momento de la confirmaci\u00f3n de la misma. Modificaci\u00f3n y Cancelaci\u00f3n de la Reserva Se podr\u00e1n realizar modificaciones y cancelaciones [&hellip;]<\/p>","protected":false},"author":1,"featured_media":0,"parent":0,"menu_order":0,"comment_status":"closed","ping_status":"closed","template":"","meta":{"site-sidebar-layout":"no-sidebar","site-content-layout":"page-builder","ast-site-content-layout":"full-width-container","site-content-style":"default","site-sidebar-style":"default","ast-global-header-display":"","ast-banner-title-visibility":"","ast-main-header-display":"","ast-hfb-above-header-display":"","ast-hfb-below-header-display":"","ast-hfb-mobile-header-display":"","site-post-title":"disabled","ast-breadcrumbs-content":"","ast-featured-img":"disabled","footer-sml-layout":"","theme-transparent-header-meta":"","adv-header-id-meta":"","stick-header-meta":"","header-above-stick-meta":"","header-main-stick-meta":"","header-below-stick-meta":"","astra-migrate-meta-layouts":"set","ast-page-background-enabled":"default","ast-page-background-meta":{"desktop":{"background-color":"var(--ast-global-color-4)","background-image":"","background-repeat":"repeat","background-position":"center center","background-size":"auto","background-attachment":"scroll","background-type":"","background-media":"","overlay-type":"","overlay-color":"","overlay-opacity":"","overlay-gradient":""},"tablet":{"background-color":"","background-image":"","background-repeat":"repeat","background-position":"center center","background-size":"auto","background-attachment":"scroll","background-type":"","background-media":"","overlay-type":"","overlay-color":"","overlay-opacity":"","overlay-gradient":""},"mobile":{"background-color":"","background-image":"","background-repeat":"repeat","background-position":"center center","background-size":"auto","background-attachment":"scroll","background-type":"","background-media":"","overlay-type":"","overlay-color":"","overlay-opacity":"","overlay-gradient":""}},"ast-content-background-meta":{"desktop":{"background-color":"var(--ast-global-color-5)","background-image":"","background-repeat":"repeat","background-position":"center center","background-size":"auto","background-attachment":"scroll","background-type":"","background-media":"","overlay-type":"","overlay-color":"","overlay-opacity":"","overlay-gradient":""},"tablet":{"background-color":"var(--ast-global-color-5)","background-image":"","background-repeat":"repeat","background-position":"center center","background-size":"auto","background-attachment":"scroll","background-type":"","background-media":"","overlay-type":"","overlay-color":"","overlay-opacity":"","overlay-gradient":""},"mobile":{"background-color":"var(--ast-global-color-5)","background-image":"","background-repeat":"repeat","background-position":"center center","background-size":"auto","background-attachment":"scroll","background-type":"","background-media":"","overlay-type":"","overlay-color":"","overlay-opacity":"","overlay-gradient":""}},"footnotes":""},"class_list":["post-10260","page","type-page","status-publish","hentry"],"yoast_head":"<!-- This site is optimized with the Yoast SEO plugin v25.6 - https:\/\/yoast.com\/wordpress\/plugins\/seo\/ -->\n<title>T\u00e9rminos y condiciones de venta - Casa Isabel<\/title>\n<meta name=\"robots\" content=\"noindex, follow\" \/>\n<meta property=\"og:locale\" content=\"fr_FR\" \/>\n<meta property=\"og:type\" content=\"article\" \/>\n<meta property=\"og:title\" content=\"T\u00e9rminos y condiciones de venta - Casa Isabel\" \/>\n<meta property=\"og:description\" content=\"T\u00c9RMINOS Y CONDICIONES DE VENTA Reserva Al realizar una reserva en Casa Isabel, el cliente acepta los t\u00e9rminos y condiciones establecidos en este documento. Pago El pago total de la reserva se debe realizar en el momento de la confirmaci\u00f3n de la misma. Modificaci\u00f3n y Cancelaci\u00f3n de la Reserva Se podr\u00e1n realizar modificaciones y cancelaciones [&hellip;]\" \/>\n<meta property=\"og:url\" content=\"https:\/\/casaisabel.es\/fr\/terminos-y-condiciones-de-venta\/\" \/>\n<meta property=\"og:site_name\" content=\"Casa Isabel\" \/>\n<meta property=\"article:modified_time\" content=\"2023-12-11T13:10:51+00:00\" \/>\n<meta name=\"twitter:card\" content=\"summary_large_image\" \/>\n<meta name=\"twitter:label1\" content=\"Dur\u00e9e de lecture estim\u00e9e\" \/>\n\t<meta name=\"twitter:data1\" content=\"2 minutes\" \/>\n<script type=\"application\/ld+json\" class=\"yoast-schema-graph\">{\"@context\":\"https:\/\/schema.org\",\"@graph\":[{\"@type\":\"WebPage\",\"@id\":\"https:\/\/casaisabel.es\/terminos-y-condiciones-de-venta\/\",\"url\":\"https:\/\/casaisabel.es\/terminos-y-condiciones-de-venta\/\",\"name\":\"T\u00e9rminos y condiciones de venta - Casa Isabel\",\"isPartOf\":{\"@id\":\"https:\/\/casaisabel.es\/#website\"},\"datePublished\":\"2023-11-23T00:00:59+00:00\",\"dateModified\":\"2023-12-11T13:10:51+00:00\",\"breadcrumb\":{\"@id\":\"https:\/\/casaisabel.es\/terminos-y-condiciones-de-venta\/#breadcrumb\"},\"inLanguage\":\"fr-FR\",\"potentialAction\":[{\"@type\":\"ReadAction\",\"target\":[\"https:\/\/casaisabel.es\/terminos-y-condiciones-de-venta\/\"]}]},{\"@type\":\"BreadcrumbList\",\"@id\":\"https:\/\/casaisabel.es\/terminos-y-condiciones-de-venta\/#breadcrumb\",\"itemListElement\":[{\"@type\":\"ListItem\",\"position\":1,\"name\":\"Portada\",\"item\":\"https:\/\/casaisabel.es\/\"},{\"@type\":\"ListItem\",\"position\":2,\"name\":\"T\u00e9rminos y condiciones de venta\"}]},{\"@type\":\"WebSite\",\"@id\":\"https:\/\/casaisabel.es\/#website\",\"url\":\"https:\/\/casaisabel.es\/\",\"name\":\"Casa Isabel\",\"description\":\"S\u00f3lo otro sitio de WordPress\",\"publisher\":{\"@id\":\"https:\/\/casaisabel.es\/#organization\"},\"potentialAction\":[{\"@type\":\"SearchAction\",\"target\":{\"@type\":\"EntryPoint\",\"urlTemplate\":\"https:\/\/casaisabel.es\/?s={search_term_string}\"},\"query-input\":{\"@type\":\"PropertyValueSpecification\",\"valueRequired\":true,\"valueName\":\"search_term_string\"}}],\"inLanguage\":\"fr-FR\"},{\"@type\":\"Organization\",\"@id\":\"https:\/\/casaisabel.es\/#organization\",\"name\":\"Casa Isabel\",\"url\":\"https:\/\/casaisabel.es\/\",\"logo\":{\"@type\":\"ImageObject\",\"inLanguage\":\"fr-FR\",\"@id\":\"https:\/\/casaisabel.es\/#\/schema\/logo\/image\/\",\"url\":\"https:\/\/casaisabel.es\/wp-content\/uploads\/2023\/09\/casaIsabel.svg\",\"contentUrl\":\"https:\/\/casaisabel.es\/wp-content\/uploads\/2023\/09\/casaIsabel.svg\",\"width\":211,\"height\":49,\"caption\":\"Casa Isabel\"},\"image\":{\"@id\":\"https:\/\/casaisabel.es\/#\/schema\/logo\/image\/\"}}]}<\/script>\n<!-- \/ Yoast SEO plugin. -->","yoast_head_json":{"title":"T\u00e9rminos y condiciones de venta - Casa Isabel","robots":{"index":"noindex","follow":"follow"},"og_locale":"fr_FR","og_type":"article","og_title":"T\u00e9rminos y condiciones de venta - Casa Isabel","og_description":"T\u00c9RMINOS Y CONDICIONES DE VENTA Reserva Al realizar una reserva en Casa Isabel, el cliente acepta los t\u00e9rminos y condiciones establecidos en este documento. Pago El pago total de la reserva se debe realizar en el momento de la confirmaci\u00f3n de la misma. Modificaci\u00f3n y Cancelaci\u00f3n de la Reserva Se podr\u00e1n realizar modificaciones y cancelaciones [&hellip;]","og_url":"https:\/\/casaisabel.es\/fr\/terminos-y-condiciones-de-venta\/","og_site_name":"Casa Isabel","article_modified_time":"2023-12-11T13:10:51+00:00","twitter_card":"summary_large_image","twitter_misc":{"Dur\u00e9e de lecture estim\u00e9e":"2 minutes"},"schema":{"@context":"https:\/\/schema.org","@graph":[{"@type":"WebPage","@id":"https:\/\/casaisabel.es\/terminos-y-condiciones-de-venta\/","url":"https:\/\/casaisabel.es\/terminos-y-condiciones-de-venta\/","name":"T\u00e9rminos y condiciones de venta - Casa Isabel","isPartOf":{"@id":"https:\/\/casaisabel.es\/#website"},"datePublished":"2023-11-23T00:00:59+00:00","dateModified":"2023-12-11T13:10:51+00:00","breadcrumb":{"@id":"https:\/\/casaisabel.es\/terminos-y-condiciones-de-venta\/#breadcrumb"},"inLanguage":"fr-FR","potentialAction":[{"@type":"ReadAction","target":["https:\/\/casaisabel.es\/terminos-y-condiciones-de-venta\/"]}]},{"@type":"BreadcrumbList","@id":"https:\/\/casaisabel.es\/terminos-y-condiciones-de-venta\/#breadcrumb","itemListElement":[{"@type":"ListItem","position":1,"name":"Portada","item":"https:\/\/casaisabel.es\/"},{"@type":"ListItem","position":2,"name":"T\u00e9rminos y condiciones de venta"}]},{"@type":"WebSite","@id":"https:\/\/casaisabel.es\/#website","url":"https:\/\/casaisabel.es\/","name":"Casa Isabel","description":"S\u00f3lo otro sitio de WordPress","publisher":{"@id":"https:\/\/casaisabel.es\/#organization"},"potentialAction":[{"@type":"SearchAction","target":{"@type":"EntryPoint","urlTemplate":"https:\/\/casaisabel.es\/?s={search_term_string}"},"query-input":{"@type":"PropertyValueSpecification","valueRequired":true,"valueName":"search_term_string"}}],"inLanguage":"fr-FR"},{"@type":"Organization","@id":"https:\/\/casaisabel.es\/#organization","name":"Casa Isabel","url":"https:\/\/casaisabel.es\/","logo":{"@type":"ImageObject","inLanguage":"fr-FR","@id":"https:\/\/casaisabel.es\/#\/schema\/logo\/image\/","url":"https:\/\/casaisabel.es\/wp-content\/uploads\/2023\/09\/casaIsabel.svg","contentUrl":"https:\/\/casaisabel.es\/wp-content\/uploads\/2023\/09\/casaIsabel.svg","width":211,"height":49,"caption":"Casa Isabel"},"image":{"@id":"https:\/\/casaisabel.es\/#\/schema\/logo\/image\/"}}]}},"_links":{"self":[{"href":"https:\/\/casaisabel.es\/fr\/wp-json\/wp\/v2\/pages\/10260","targetHints":{"allow":["GET"]}}],"collection":[{"href":"https:\/\/casaisabel.es\/fr\/wp-json\/wp\/v2\/pages"}],"about":[{"href":"https:\/\/casaisabel.es\/fr\/wp-json\/wp\/v2\/types\/page"}],"author":[{"embeddable":true,"href":"https:\/\/casaisabel.es\/fr\/wp-json\/wp\/v2\/users\/1"}],"replies":[{"embeddable":true,"href":"https:\/\/casaisabel.es\/fr\/wp-json\/wp\/v2\/comments?post=10260"}],"version-history":[{"count":0,"href":"https:\/\/casaisabel.es\/fr\/wp-json\/wp\/v2\/pages\/10260\/revisions"}],"wp:attachment":[{"href":"https:\/\/casaisabel.es\/fr\/wp-json\/wp\/v2\/media?parent=10260"}],"curies":[{"name":"wp","href":"https:\/\/api.w.org\/{rel}","templated":true}]}}