{"id":9286,"date":"2023-09-30T20:46:44","date_gmt":"2023-09-30T20:46:44","guid":{"rendered":"https:\/\/casaisabel.upcofly.com\/?page_id=9286"},"modified":"2023-11-06T11:36:04","modified_gmt":"2023-11-06T11:36:04","slug":"politica-redes-sociales","status":"publish","type":"page","link":"https:\/\/casaisabel.es\/en\/politica-redes-sociales\/","title":{"rendered":"SOCIAL MEDIA PRIVACY POLICY"},"content":{"rendered":"<div data-elementor-type=\"wp-page\" data-elementor-id=\"9286\" class=\"elementor elementor-9286\">\n\t\t\t\t<div class=\"elementor-element elementor-element-1f8cb9c e-flex e-con-boxed e-con e-parent\" data-id=\"1f8cb9c\" data-element_type=\"container\" data-e-type=\"container\">\n\t\t\t\t\t<div class=\"e-con-inner\">\n\t\t\t\t<div class=\"elementor-element elementor-element-7143180 elementor-widget elementor-widget-heading\" data-id=\"7143180\" data-element_type=\"widget\" data-e-type=\"widget\" data-widget_type=\"heading.default\">\n\t\t\t\t<div class=\"elementor-widget-container\">\n\t\t\t\t\t<h1 class=\"elementor-heading-title elementor-size-default\">SOCIAL MEDIA PRIVACY POLICY<\/h1>\t\t\t\t<\/div>\n\t\t\t\t<\/div>\n\t\t\t\t<div class=\"elementor-element elementor-element-95dd49f elementor-widget elementor-widget-text-editor\" data-id=\"95dd49f\" data-element_type=\"widget\" data-e-type=\"widget\" data-widget_type=\"text-editor.default\">\n\t\t\t\t<div class=\"elementor-widget-container\">\n\t\t\t\t\t\t\t\t\t    <p>In accordance with the current regulations on the Protection of Personal Data (GDPR) and the Law 34\/2002, of July 11, on Information Society Services and Electronic Commerce (LSSI-CE), HOSTELERIA Y SERVICIOS GENERALES SL informs users that it has created a profile on the Social Media platforms Facebook, Twitter, Instagram, Pinterest, and Google +, with the main purpose of advertising its products and services.<\/p>\n\n    <h6>HOSTELERIA Y SERVICIOS GENERALES SL Data:<\/h6>\n\n    <ul>\n        <li>CIF: B46598959<\/li>\n        <li>Registered Office: PASEO MARITIMO, MODULE 4, 46011, VALENCIA, Spain<\/li>\n        <li>E-MAIL: <a href=\"mailto:info@casaisabel.es\">info@casaisabel.es<\/a><\/li>\n        <li>WEBSITE: <a href=\"https:\/\/casaisabel.es\/en\/\">www.casaisabel.es<\/a><\/li>\n    <\/ul>\n\n    <p>The user has a profile on the same Social Network and has decided to join the page created by HOSTELERIA Y SERVICIOS GENERALES SL, thus showing interest in the information published on the Network. By joining our page, you provide us with your consent for the processing of the personal data published on your profile.<\/p>\n\n    <p>The user can access the privacy policies of the Social Network at any time, as well as configure their profile to ensure their privacy.<\/p>\n\n    <p>HOSTELERIA Y SERVICIOS GENERALES SL has access to and processes the user's public information, especially their contact name. This data is only used within the Social Network and is not incorporated into any file.<\/p>\n\n    <p>In relation to the rights of access, rectification, cancellation, and opposition that you have and that can be exercised before HOSTELERIA Y SERVICIOS GENERALES SL, in accordance with the RGPD, you must take into account the following nuances:<\/p>\n\n    <ul>\n        <li>Access: It will be defined by the functionality of the Social Network and the ability to access information from user profiles.<\/li>\n        <li>Rectification: It can only be satisfied in relation to information that is under the control of HOSTELERIA Y SERVICIOS GENERALES SL, for example, deleting comments published on the company's page. Normally, this right must be exercised with the Social Network.<\/li>\n        <li>Cancellation and\/or Opposition: As in the previous case, it can only be satisfied in relation to information that is under the control of HOSTELERIA Y SERVICIOS GENERALES SL, for example, ceasing to be connected to the profile. Normally, this right must be exercised with the Social Network.<\/li>\n    <\/ul>\n\n    <p>HOSTELERIA Y SERVICIOS GENERALES SL will carry out the following actions:<\/p>\n\n    <ul>\n        <li>Access to the public information of the profile.<\/li>\n        <li>Publication on the user's profile of all the information already published on the page of HOSTELERIA Y SERVICIOS GENERALES SL.<\/li>\n        <li>Send personal and individual messages through the channels of the Social Network.<\/li>\n        <li>Status updates from the page that will be published on the user's profile.<\/li>\n    <\/ul>\n\n    <p>The user can always control their connections, remove the content that no longer interest you and restrict who shares their connections, for this you need to access your privacy settings.<\/p>\n\n    <h6>Publications<\/h6>\n\n    <p>The user, once attached to the page of CATERING AND GENERAL SERVICES SL, may publish in the latter comments, links, images or photographs or any other type of multimedia content supported by the Social Network. The user, in all cases, you must be the owner thereof, enjoy the copyright and intellectual property rights or have the consent of the third party concerned. It is expressly prohibited any publication on the page, whether texts, graphics, photographs, videos, etc that conflict with or are likely to attempt against morality, ethics, good taste or decorum, and\/or that infringe, violate or violate the rights of intellectual or industrial property, the right to the image, or the Law. In these cases, CATERING AND GENERAL SERVICES SL reserves the right to immediately withdraw the content, being able to request the permanent blocking of the user.<\/p>\n\n    <p>CATERING AND GENERAL SERVICES SL is not responsible for the content freely published by a user.<\/p>\n\n    <p>The user should keep in mind that his publications will be known by the other users, so he himself is the main responsible for his privacy.<\/p>\n\n    <p>The images that can be published on the page will not be stored in any file by CATERING AND GENERAL SERVICES SL, but they will remain in the Social Network.<\/p>\n\n    <h6>Contests and promotions<\/h6>\n\n    <p>CATERING AND GENERAL SERVICES SL reserves the right to hold competitions and promotions, in which you will participate on the user joined your page. The bases of each one of them, when you use the platform of the Social Network, will be published in the same. Always complying with the LSSI-CE and any other standard that is applicable.<\/p>\n\n    <p>The Social Network does not sponsor, endorse or administer, in any way, any of our promotions, nor is it associated with any of them.<\/p>\n\n    <h6>Advertising<\/h6>\n\n    <p>CATERING AND GENERAL SERVICES SL will use the Social Network to publicize its products and services, in any case, if it decides to treat its contact data to conduct direct actions of commercial prospecting, will always be, complying with the legal requirements of the RGPD and the LSSI-CE.<\/p>\n\n    <p>Not be deemed to be advertising the fact recommend other users to the page of CATERING AND GENERAL SERVICES SL so they can also enjoy the promotions or be informed of their activity.<\/p>\n\n    <p>Below, we detail the link to the privacy policy of the Social Network:<\/p>\n\n    <ul>\n        <li>Facebook: <a href=\"https:\/\/www.facebook.com\/help\/323540651073243\/\">https:\/\/www.facebook.com\/help\/323540651073243\/<\/a><\/li>\n        <li>Twitter: <a href=\"https:\/\/twitter.com\/privacy\">https:\/\/twitter.com\/privacy<\/a><\/li>\n        <li>Instagram: <a href=\"http:\/\/instagram.com\/about\/legal\/privacy\/\">http:\/\/instagram.com\/about\/legal\/privacy\/<\/a><\/li>\n        <li>Pinterest: <a href=\"http:\/\/es.about.pinterest.com\/terms\/\">http:\/\/es.about.pinterest.com\/terms\/<\/a><\/li>\n        <li>Google +: <a href=\"http:\/\/www.google.com\/intl\/es\/policies\/privacy\/\">http:\/\/www.google.com\/intl\/es\/policies\/privacy\/<\/a><\/li>\n    <\/ul>\n\t\t\t\t\t\t\t\t<\/div>\n\t\t\t\t<\/div>\n\t\t\t\t\t<\/div>\n\t\t\t\t<\/div>\n\t\t\t\t<\/div>","protected":false},"excerpt":{"rendered":"<p>POL\u00cdTICA DE PRIVACIDAD REDES SOCIALES De conformidad con lo establecido en la normativa vigente en Protecci\u00f3n de Datos de Car\u00e1cter Personal (RGPD) y la Ley 34\/2002, de 11 de julio, de Servicios de la Sociedad de la Informaci\u00f3n y de Comercio Electr\u00f3nico (LSSI-CE), HOSTELERIA Y SERVICIOS GENERALES SL informa a los usuarios, que ha procedido [&hellip;]<\/p>","protected":false},"author":2,"featured_media":0,"parent":0,"menu_order":0,"comment_status":"closed","ping_status":"closed","template":"","meta":{"site-sidebar-layout":"no-sidebar","site-content-layout":"page-builder","ast-site-content-layout":"full-width-container","site-content-style":"default","site-sidebar-style":"default","ast-global-header-display":"","ast-banner-title-visibility":"","ast-main-header-display":"","ast-hfb-above-header-display":"","ast-hfb-below-header-display":"","ast-hfb-mobile-header-display":"","site-post-title":"disabled","ast-breadcrumbs-content":"","ast-featured-img":"disabled","footer-sml-layout":"","theme-transparent-header-meta":"","adv-header-id-meta":"","stick-header-meta":"","header-above-stick-meta":"","header-main-stick-meta":"","header-below-stick-meta":"","astra-migrate-meta-layouts":"set","ast-page-background-enabled":"default","ast-page-background-meta":{"desktop":{"background-color":"var(--ast-global-color-4)","background-image":"","background-repeat":"repeat","background-position":"center center","background-size":"auto","background-attachment":"scroll","background-type":"","background-media":"","overlay-type":"","overlay-color":"","overlay-opacity":"","overlay-gradient":""},"tablet":{"background-color":"","background-image":"","background-repeat":"repeat","background-position":"center center","background-size":"auto","background-attachment":"scroll","background-type":"","background-media":"","overlay-type":"","overlay-color":"","overlay-opacity":"","overlay-gradient":""},"mobile":{"background-color":"","background-image":"","background-repeat":"repeat","background-position":"center center","background-size":"auto","background-attachment":"scroll","background-type":"","background-media":"","overlay-type":"","overlay-color":"","overlay-opacity":"","overlay-gradient":""}},"ast-content-background-meta":{"desktop":{"background-color":"var(--ast-global-color-5)","background-image":"","background-repeat":"repeat","background-position":"center center","background-size":"auto","background-attachment":"scroll","background-type":"","background-media":"","overlay-type":"","overlay-color":"","overlay-opacity":"","overlay-gradient":""},"tablet":{"background-color":"var(--ast-global-color-5)","background-image":"","background-repeat":"repeat","background-position":"center center","background-size":"auto","background-attachment":"scroll","background-type":"","background-media":"","overlay-type":"","overlay-color":"","overlay-opacity":"","overlay-gradient":""},"mobile":{"background-color":"var(--ast-global-color-5)","background-image":"","background-repeat":"repeat","background-position":"center center","background-size":"auto","background-attachment":"scroll","background-type":"","background-media":"","overlay-type":"","overlay-color":"","overlay-opacity":"","overlay-gradient":""}},"footnotes":""},"class_list":["post-9286","page","type-page","status-publish","hentry"],"yoast_head":"<!-- This site is optimized with the Yoast SEO plugin v25.6 - https:\/\/yoast.com\/wordpress\/plugins\/seo\/ -->\n<title>POL\u00cdTICA DE PRIVACIDAD REDES SOCIALES - Casa Isabel<\/title>\n<meta name=\"robots\" content=\"noindex, follow\" \/>\n<meta property=\"og:locale\" content=\"en_GB\" \/>\n<meta property=\"og:type\" content=\"article\" \/>\n<meta property=\"og:title\" content=\"POL\u00cdTICA DE PRIVACIDAD REDES SOCIALES - Casa Isabel\" \/>\n<meta property=\"og:description\" content=\"POL\u00cdTICA DE PRIVACIDAD REDES SOCIALES De conformidad con lo establecido en la normativa vigente en Protecci\u00f3n de Datos de Car\u00e1cter Personal (RGPD) y la Ley 34\/2002, de 11 de julio, de Servicios de la Sociedad de la Informaci\u00f3n y de Comercio Electr\u00f3nico (LSSI-CE), HOSTELERIA Y SERVICIOS GENERALES SL informa a los usuarios, que ha procedido [&hellip;]\" \/>\n<meta property=\"og:url\" content=\"https:\/\/casaisabel.es\/en\/politica-redes-sociales\/\" \/>\n<meta property=\"og:site_name\" content=\"Casa Isabel\" \/>\n<meta property=\"article:modified_time\" content=\"2023-11-06T11:36:04+00:00\" \/>\n<meta name=\"twitter:card\" content=\"summary_large_image\" \/>\n<meta name=\"twitter:label1\" content=\"Est. reading time\" \/>\n\t<meta name=\"twitter:data1\" content=\"4 minutes\" \/>\n<script type=\"application\/ld+json\" class=\"yoast-schema-graph\">{\"@context\":\"https:\/\/schema.org\",\"@graph\":[{\"@type\":\"WebPage\",\"@id\":\"https:\/\/casaisabel.es\/politica-redes-sociales\/\",\"url\":\"https:\/\/casaisabel.es\/politica-redes-sociales\/\",\"name\":\"POL\u00cdTICA DE PRIVACIDAD REDES SOCIALES - Casa Isabel\",\"isPartOf\":{\"@id\":\"https:\/\/casaisabel.es\/#website\"},\"datePublished\":\"2023-09-30T20:46:44+00:00\",\"dateModified\":\"2023-11-06T11:36:04+00:00\",\"breadcrumb\":{\"@id\":\"https:\/\/casaisabel.es\/politica-redes-sociales\/#breadcrumb\"},\"inLanguage\":\"en-GB\",\"potentialAction\":[{\"@type\":\"ReadAction\",\"target\":[\"https:\/\/casaisabel.es\/politica-redes-sociales\/\"]}]},{\"@type\":\"BreadcrumbList\",\"@id\":\"https:\/\/casaisabel.es\/politica-redes-sociales\/#breadcrumb\",\"itemListElement\":[{\"@type\":\"ListItem\",\"position\":1,\"name\":\"Portada\",\"item\":\"https:\/\/casaisabel.es\/\"},{\"@type\":\"ListItem\",\"position\":2,\"name\":\"POL\u00cdTICA DE PRIVACIDAD REDES SOCIALES\"}]},{\"@type\":\"WebSite\",\"@id\":\"https:\/\/casaisabel.es\/#website\",\"url\":\"https:\/\/casaisabel.es\/\",\"name\":\"Casa Isabel\",\"description\":\"S\u00f3lo otro sitio de WordPress\",\"publisher\":{\"@id\":\"https:\/\/casaisabel.es\/#organization\"},\"potentialAction\":[{\"@type\":\"SearchAction\",\"target\":{\"@type\":\"EntryPoint\",\"urlTemplate\":\"https:\/\/casaisabel.es\/?s={search_term_string}\"},\"query-input\":{\"@type\":\"PropertyValueSpecification\",\"valueRequired\":true,\"valueName\":\"search_term_string\"}}],\"inLanguage\":\"en-GB\"},{\"@type\":\"Organization\",\"@id\":\"https:\/\/casaisabel.es\/#organization\",\"name\":\"Casa Isabel\",\"url\":\"https:\/\/casaisabel.es\/\",\"logo\":{\"@type\":\"ImageObject\",\"inLanguage\":\"en-GB\",\"@id\":\"https:\/\/casaisabel.es\/#\/schema\/logo\/image\/\",\"url\":\"https:\/\/casaisabel.es\/wp-content\/uploads\/2023\/09\/casaIsabel.svg\",\"contentUrl\":\"https:\/\/casaisabel.es\/wp-content\/uploads\/2023\/09\/casaIsabel.svg\",\"width\":211,\"height\":49,\"caption\":\"Casa Isabel\"},\"image\":{\"@id\":\"https:\/\/casaisabel.es\/#\/schema\/logo\/image\/\"}}]}<\/script>\n<!-- \/ Yoast SEO plugin. -->","yoast_head_json":{"title":"POL\u00cdTICA DE PRIVACIDAD REDES SOCIALES - Casa Isabel","robots":{"index":"noindex","follow":"follow"},"og_locale":"en_GB","og_type":"article","og_title":"POL\u00cdTICA DE PRIVACIDAD REDES SOCIALES - Casa Isabel","og_description":"POL\u00cdTICA DE PRIVACIDAD REDES SOCIALES De conformidad con lo establecido en la normativa vigente en Protecci\u00f3n de Datos de Car\u00e1cter Personal (RGPD) y la Ley 34\/2002, de 11 de julio, de Servicios de la Sociedad de la Informaci\u00f3n y de Comercio Electr\u00f3nico (LSSI-CE), HOSTELERIA Y SERVICIOS GENERALES SL informa a los usuarios, que ha procedido [&hellip;]","og_url":"https:\/\/casaisabel.es\/en\/politica-redes-sociales\/","og_site_name":"Casa Isabel","article_modified_time":"2023-11-06T11:36:04+00:00","twitter_card":"summary_large_image","twitter_misc":{"Est. reading time":"4 minutes"},"schema":{"@context":"https:\/\/schema.org","@graph":[{"@type":"WebPage","@id":"https:\/\/casaisabel.es\/politica-redes-sociales\/","url":"https:\/\/casaisabel.es\/politica-redes-sociales\/","name":"POL\u00cdTICA DE PRIVACIDAD REDES SOCIALES - Casa Isabel","isPartOf":{"@id":"https:\/\/casaisabel.es\/#website"},"datePublished":"2023-09-30T20:46:44+00:00","dateModified":"2023-11-06T11:36:04+00:00","breadcrumb":{"@id":"https:\/\/casaisabel.es\/politica-redes-sociales\/#breadcrumb"},"inLanguage":"en-GB","potentialAction":[{"@type":"ReadAction","target":["https:\/\/casaisabel.es\/politica-redes-sociales\/"]}]},{"@type":"BreadcrumbList","@id":"https:\/\/casaisabel.es\/politica-redes-sociales\/#breadcrumb","itemListElement":[{"@type":"ListItem","position":1,"name":"Portada","item":"https:\/\/casaisabel.es\/"},{"@type":"ListItem","position":2,"name":"POL\u00cdTICA DE PRIVACIDAD REDES SOCIALES"}]},{"@type":"WebSite","@id":"https:\/\/casaisabel.es\/#website","url":"https:\/\/casaisabel.es\/","name":"Casa Isabel","description":"S\u00f3lo otro sitio de WordPress","publisher":{"@id":"https:\/\/casaisabel.es\/#organization"},"potentialAction":[{"@type":"SearchAction","target":{"@type":"EntryPoint","urlTemplate":"https:\/\/casaisabel.es\/?s={search_term_string}"},"query-input":{"@type":"PropertyValueSpecification","valueRequired":true,"valueName":"search_term_string"}}],"inLanguage":"en-GB"},{"@type":"Organization","@id":"https:\/\/casaisabel.es\/#organization","name":"Casa Isabel","url":"https:\/\/casaisabel.es\/","logo":{"@type":"ImageObject","inLanguage":"en-GB","@id":"https:\/\/casaisabel.es\/#\/schema\/logo\/image\/","url":"https:\/\/casaisabel.es\/wp-content\/uploads\/2023\/09\/casaIsabel.svg","contentUrl":"https:\/\/casaisabel.es\/wp-content\/uploads\/2023\/09\/casaIsabel.svg","width":211,"height":49,"caption":"Casa Isabel"},"image":{"@id":"https:\/\/casaisabel.es\/#\/schema\/logo\/image\/"}}]}},"_links":{"self":[{"href":"https:\/\/casaisabel.es\/en\/wp-json\/wp\/v2\/pages\/9286","targetHints":{"allow":["GET"]}}],"collection":[{"href":"https:\/\/casaisabel.es\/en\/wp-json\/wp\/v2\/pages"}],"about":[{"href":"https:\/\/casaisabel.es\/en\/wp-json\/wp\/v2\/types\/page"}],"author":[{"embeddable":true,"href":"https:\/\/casaisabel.es\/en\/wp-json\/wp\/v2\/users\/2"}],"replies":[{"embeddable":true,"href":"https:\/\/casaisabel.es\/en\/wp-json\/wp\/v2\/comments?post=9286"}],"version-history":[{"count":0,"href":"https:\/\/casaisabel.es\/en\/wp-json\/wp\/v2\/pages\/9286\/revisions"}],"wp:attachment":[{"href":"https:\/\/casaisabel.es\/en\/wp-json\/wp\/v2\/media?parent=9286"}],"curies":[{"name":"wp","href":"https:\/\/api.w.org\/{rel}","templated":true}]}}