{"id":8666,"date":"2023-09-28T22:14:01","date_gmt":"2023-09-28T22:14:01","guid":{"rendered":"https:\/\/casaisabel.upcofly.com\/?page_id=8666"},"modified":"2023-11-17T00:08:38","modified_gmt":"2023-11-17T00:08:38","slug":"calderetas-sucs-casa-isabel","status":"publish","type":"page","link":"https:\/\/casaisabel.es\/en\/calderetas-sucs-casa-isabel\/","title":{"rendered":"Stews and Sucs"},"content":{"rendered":"<div data-elementor-type=\"wp-page\" data-elementor-id=\"8666\" class=\"elementor elementor-8666\">\n\t\t\t\t\t\t<section class=\"elementor-section elementor-top-section elementor-element elementor-element-725fd73 elementor-section-full_width elementor-section-height-min-height elementor-section-items-stretch elementor-section-height-default\" data-id=\"725fd73\" data-element_type=\"section\" data-e-type=\"section\">\n\t\t\t\t\t\t<div class=\"elementor-container elementor-column-gap-no\">\n\t\t\t\t\t<div class=\"elementor-column elementor-col-100 elementor-top-column elementor-element elementor-element-b99dc5b\" data-id=\"b99dc5b\" data-element_type=\"column\" data-e-type=\"column\" data-settings=\"{&quot;background_background&quot;:&quot;classic&quot;}\">\n\t\t\t<div class=\"elementor-widget-wrap elementor-element-populated\">\n\t\t\t\t\t\t<div class=\"elementor-element elementor-element-f430005 elementor-widget elementor-widget-heading\" data-id=\"f430005\" data-element_type=\"widget\" data-e-type=\"widget\" data-widget_type=\"heading.default\">\n\t\t\t\t<div class=\"elementor-widget-container\">\n\t\t\t\t\t<h1 class=\"elementor-heading-title elementor-size-default\">Stews and Sucs<\/h1>\t\t\t\t<\/div>\n\t\t\t\t<\/div>\n\t\t\t\t\t<\/div>\n\t\t<\/div>\n\t\t\t\t\t<\/div>\n\t\t<\/section>\n\t\t<div class=\"elementor-element elementor-element-de8d63d e-flex e-con-boxed e-con e-parent\" data-id=\"de8d63d\" data-element_type=\"container\" data-e-type=\"container\" data-settings=\"{&quot;background_background&quot;:&quot;classic&quot;}\">\n\t\t\t\t\t<div class=\"e-con-inner\">\n\t\t\t\t<div class=\"elementor-element elementor-element-29e08bf elementor-widget elementor-widget-html\" data-id=\"29e08bf\" data-element_type=\"widget\" data-e-type=\"widget\" data-widget_type=\"html.default\">\n\t\t\t\t<div class=\"elementor-widget-container\">\n\t\t\t\t\t<section class=\"navegador-section\">\n<div class=\"navegador-menu\">\n    <a href=\"https:\/\/casaisabel.es\/en\/menu-casa-isabel\/\">Starters<\/a>\n    <a href=\"https:\/\/casaisabel.es\/en\/casa-isabel-salads\/\">Salads<\/a>\n    <a  href=\"https:\/\/casaisabel.es\/en\/paellas-rice-casa-isabel\/\">Paellas and Rice<\/a>\n    <a class=\"carta-active\"  href=\"https:\/\/casaisabel.es\/en\/calderetas-sucs-casa-isabel\/\">Stews and Sucs<\/a>\n    <a href=\"https:\/\/casaisabel.es\/en\/main-casa-isabel\/\">Main Courses<\/a>\n    <a href=\"https:\/\/casaisabel.es\/en\/kids-casa-isabel\/\">Kids<\/a>\n<\/div>\n<\/section>\t\t\t\t<\/div>\n\t\t\t\t<\/div>\n\t\t\t\t\t<\/div>\n\t\t\t\t<\/div>\n\t\t<div class=\"elementor-element elementor-element-f7172a7 e-con-full e-flex e-con e-parent\" data-id=\"f7172a7\" data-element_type=\"container\" data-e-type=\"container\" data-settings=\"{&quot;background_background&quot;:&quot;classic&quot;}\">\n\t\t\t\t<div class=\"elementor-element elementor-element-cc5c0f4 elementor-widget elementor-widget-html\" data-id=\"cc5c0f4\" data-element_type=\"widget\" data-e-type=\"widget\" data-widget_type=\"html.default\">\n\t\t\t\t<div class=\"elementor-widget-container\">\n\t\t\t\t\t<div class=\"info-casa-isabel\"><p>Price per person (Minimum 2 persons)<\/p><\/div>\t\t\t\t<\/div>\n\t\t\t\t<\/div>\n\t\t\t\t<div class=\"elementor-element elementor-element-b6d4c83 elementor-widget elementor-widget-html\" data-id=\"b6d4c83\" data-element_type=\"widget\" data-e-type=\"widget\" data-widget_type=\"html.default\">\n\t\t\t\t<div class=\"elementor-widget-container\">\n\t\t\t\t\t<section class=\"menu-casa-isabel\">\n<div class=\"element-menu\">\n    <div class=\"product\">\n    <div class=\"image-product\"><img decoding=\"async\" src=\"https:\/\/casaisabel.es\/wp-content\/uploads\/2022\/12\/main-01-150x150.jpg\"><\/div>\n    <div class=\"info-product\">\n        <div class=\"product-name\"><div class=\"namep\"><p>Lobster Stew<\/p><\/div><div class=\"icons-product\"><img decoding=\"async\" src=\"https:\/\/casaisabel.es\/wp-content\/uploads\/2023\/09\/1.svg\"><img decoding=\"async\" src=\"https:\/\/casaisabel.es\/wp-content\/uploads\/2023\/09\/2.svg\"><img decoding=\"async\" src=\"https:\/\/casaisabel.es\/wp-content\/uploads\/2023\/09\/4.svg\"><img decoding=\"async\" src=\"https:\/\/casaisabel.es\/wp-content\/uploads\/2023\/09\/8.svg\"><img decoding=\"async\" src=\"https:\/\/casaisabel.es\/wp-content\/uploads\/2023\/09\/9.svg\"><img decoding=\"async\" src=\"https:\/\/casaisabel.es\/wp-content\/uploads\/2023\/09\/12.svg\"><img decoding=\"async\" src=\"https:\/\/casaisabel.es\/wp-content\/uploads\/2023\/09\/14.svg\"><\/div><\/div>\n    <\/div>\n<\/div>\n\n<span class=\"price-separator\"><\/span>\n\n    <div class=\"price-product\"><p>25\u20ac<\/p><\/div>\n<\/div>\n\n<div class=\"element-menu\">\n    <div class=\"product\">\n    <div class=\"image-product\"><img decoding=\"async\" src=\"https:\/\/casaisabel.es\/wp-content\/uploads\/2022\/12\/main-01-150x150.jpg\"><\/div>\n    <div class=\"info-product\">\n        <div class=\"product-name\">\n            <div class=\"namep\"><p>Isabel Stew<\/p><\/div>\n           <div class=\"icons-product\"><img decoding=\"async\" src=\"https:\/\/casaisabel.es\/wp-content\/uploads\/2023\/09\/1.svg\"><img decoding=\"async\" src=\"https:\/\/casaisabel.es\/wp-content\/uploads\/2023\/09\/2.svg\"><img decoding=\"async\" src=\"https:\/\/casaisabel.es\/wp-content\/uploads\/2023\/09\/4.svg\"><img decoding=\"async\" src=\"https:\/\/casaisabel.es\/wp-content\/uploads\/2023\/09\/8.svg\"><img decoding=\"async\" src=\"https:\/\/casaisabel.es\/wp-content\/uploads\/2023\/09\/9.svg\"><img decoding=\"async\" src=\"https:\/\/casaisabel.es\/wp-content\/uploads\/2023\/09\/12.svg\"><img decoding=\"async\" src=\"https:\/\/casaisabel.es\/wp-content\/uploads\/2023\/09\/14.svg\"><\/div>\n        <\/div>\n       \n    <\/div>\n<\/div>\n\n    <span class=\"price-separator\"><\/span>\n\n    <div class=\"price-product\"><p>20\u20ac<\/p><\/div>\n<\/div>\n<div class=\"element-menu\">\n    <div class=\"product\">\n    <div class=\"image-product\"><img decoding=\"async\" src=\"https:\/\/casaisabel.es\/wp-content\/uploads\/2022\/12\/main-01-150x150.jpg\"><\/div>\n    <div class=\"info-product\">\n        <div class=\"product-name\"><div class=\"namep\"><p>Monkfish Stew with Prawns<\/p><\/div><div class=\"icons-product\"><img decoding=\"async\" src=\"https:\/\/casaisabel.es\/wp-content\/uploads\/2023\/09\/1.svg\"><img decoding=\"async\" src=\"https:\/\/casaisabel.es\/wp-content\/uploads\/2023\/09\/2.svg\"><img decoding=\"async\" src=\"https:\/\/casaisabel.es\/wp-content\/uploads\/2023\/09\/4.svg\"><img decoding=\"async\" src=\"https:\/\/casaisabel.es\/wp-content\/uploads\/2023\/09\/8.svg\"><img decoding=\"async\" src=\"https:\/\/casaisabel.es\/wp-content\/uploads\/2023\/09\/9.svg\"><img decoding=\"async\" src=\"https:\/\/casaisabel.es\/wp-content\/uploads\/2023\/09\/12.svg\"><img decoding=\"async\" src=\"https:\/\/casaisabel.es\/wp-content\/uploads\/2023\/09\/14.svg\"><\/div><\/div>\n    <\/div>\n<\/div>\n\n<span class=\"price-separator\"><\/span>\n\n    <div class=\"price-product\"><p>20\u20ac<\/p><\/div>\n<\/div>\n\n<\/section>\t\t\t\t<\/div>\n\t\t\t\t<\/div>\n\t\t\t\t<\/div>\n\t\t<div class=\"elementor-element elementor-element-5636dde e-flex e-con-boxed e-con e-parent\" data-id=\"5636dde\" data-element_type=\"container\" data-e-type=\"container\" data-settings=\"{&quot;background_background&quot;:&quot;classic&quot;}\">\n\t\t\t\t\t<div class=\"e-con-inner\">\n\t\t\t\t<div class=\"elementor-element elementor-element-4e317bf9 elementor-widget elementor-widget-html\" data-id=\"4e317bf9\" data-element_type=\"widget\" data-e-type=\"widget\" data-widget_type=\"html.default\">\n\t\t\t\t<div class=\"elementor-widget-container\">\n\t\t\t\t\t<div class=\"info-casa-isabel\"><p>Guide to allergens<\/p><\/div>\t\t\t\t<\/div>\n\t\t\t\t<\/div>\n\t\t\t\t<div class=\"elementor-element elementor-element-63956ef0 elementor-widget elementor-widget-html\" data-id=\"63956ef0\" data-element_type=\"widget\" data-e-type=\"widget\" data-widget_type=\"html.default\">\n\t\t\t\t<div class=\"elementor-widget-container\">\n\t\t\t\t\t<section class=\"guia-alergenos\">\n    <div  class=\"guia-alergenos-content\">\n        <div class=\"alergeno-element\">\n            <img decoding=\"async\" src=\"https:\/\/casaisabel.es\/wp-content\/uploads\/2023\/09\/1.svg\">\n            <p>Gluten<\/p>\n        <\/div>\n        <div class=\"alergeno-element\">\n            <img decoding=\"async\" src=\"https:\/\/casaisabel.es\/wp-content\/uploads\/2023\/09\/2.svg\">\n            <p>Crustaceans<\/p>\n        <\/div>\n        <div class=\"alergeno-element\">\n            <img decoding=\"async\" src=\"https:\/\/casaisabel.es\/wp-content\/uploads\/2023\/09\/3.svg\">\n            <p>Eggs<\/p>\n        <\/div>\n        <div class=\"alergeno-element\">\n            <img decoding=\"async\" src=\"https:\/\/casaisabel.es\/wp-content\/uploads\/2023\/09\/4.svg\">\n            <p>Fish<\/p>\n        <\/div>\n        <div class=\"alergeno-element\">\n            <img decoding=\"async\" src=\"https:\/\/casaisabel.es\/wp-content\/uploads\/2023\/09\/5.svg\">\n            <p>Peanuts<\/p>\n        <\/div>\n        <div class=\"alergeno-element\">\n            <img decoding=\"async\" src=\"https:\/\/casaisabel.es\/wp-content\/uploads\/2023\/09\/6.svg\">\n            <p>Soy<\/p>\n        <\/div>\n        <div class=\"alergeno-element\">\n            <img decoding=\"async\" src=\"https:\/\/casaisabel.es\/wp-content\/uploads\/2023\/09\/7.svg\">\n            <p>Dairy<\/p>\n        <\/div>\n        <div class=\"alergeno-element\">\n            <img decoding=\"async\" src=\"https:\/\/casaisabel.es\/wp-content\/uploads\/2023\/09\/8.svg\">\n            <p>Nuts<\/p>\n        <\/div>\n        <div class=\"alergeno-element\">\n            <img decoding=\"async\" src=\"https:\/\/casaisabel.es\/wp-content\/uploads\/2023\/09\/9.svg\">\n            <p>Celery<\/p>\n        <\/div>\n        <div class=\"alergeno-element\">\n            <img decoding=\"async\" src=\"https:\/\/casaisabel.es\/wp-content\/uploads\/2023\/09\/10.svg\">\n            <p>Mustard<\/p>\n        <\/div>\n        <div class=\"alergeno-element\">\n            <img decoding=\"async\" src=\"https:\/\/casaisabel.es\/wp-content\/uploads\/2023\/09\/11.svg\">\n            <p>Sesame<\/p>\n        <\/div>\n        <div class=\"alergeno-element\">\n            <img decoding=\"async\" src=\"https:\/\/casaisabel.es\/wp-content\/uploads\/2023\/09\/12.svg\">\n            <p>Sulfites<\/p>\n        <\/div>\n        <div class=\"alergeno-element\">\n            <img decoding=\"async\" src=\"https:\/\/casaisabel.es\/wp-content\/uploads\/2023\/09\/13.svg\">\n            <p>Lupins<\/p>\n        <\/div>\n        <div class=\"alergeno-element\">\n            <img decoding=\"async\" src=\"https:\/\/casaisabel.es\/wp-content\/uploads\/2023\/09\/14.svg\">\n            <p>Molluscs<\/p>\n        <\/div>\n    <\/div>\n<\/section>\t\t\t\t<\/div>\n\t\t\t\t<\/div>\n\t\t\t\t\t<\/div>\n\t\t\t\t<\/div>\n\t\t\t\t<\/div>","protected":false},"excerpt":{"rendered":"<p>calderetas y sucs Entrantes Ensaladas Paellas y Arroces Calderetas y Sucs Principales Infantil Precio por persona (M\u00ednimo 2 personas) Caldereta con bogavante 25\u20ac Caldereta Isabel 20\u20ac Suquet de rape con gambas 20\u20ac Gu\u00eda de alergenos Gluten Crust\u00e1ceos Huevos Pescado Cacahuetes Soja L\u00e1cteos Frutos Apio Mostaza S\u00e9samo Sulfitos Altramuces Moluscos<\/p>","protected":false},"author":2,"featured_media":9538,"parent":0,"menu_order":0,"comment_status":"closed","ping_status":"closed","template":"","meta":{"site-sidebar-layout":"no-sidebar","site-content-layout":"page-builder","ast-site-content-layout":"full-width-container","site-content-style":"unboxed","site-sidebar-style":"unboxed","ast-global-header-display":"","ast-banner-title-visibility":"","ast-main-header-display":"","ast-hfb-above-header-display":"","ast-hfb-below-header-display":"","ast-hfb-mobile-header-display":"","site-post-title":"disabled","ast-breadcrumbs-content":"","ast-featured-img":"disabled","footer-sml-layout":"","theme-transparent-header-meta":"enabled","adv-header-id-meta":"","stick-header-meta":"","header-above-stick-meta":"","header-main-stick-meta":"","header-below-stick-meta":"","astra-migrate-meta-layouts":"set","ast-page-background-enabled":"default","ast-page-background-meta":{"desktop":{"background-color":"var(--ast-global-color-4)","background-image":"","background-repeat":"repeat","background-position":"center center","background-size":"auto","background-attachment":"scroll","background-type":"","background-media":"","overlay-type":"","overlay-color":"","overlay-opacity":"","overlay-gradient":""},"tablet":{"background-color":"","background-image":"","background-repeat":"repeat","background-position":"center center","background-size":"auto","background-attachment":"scroll","background-type":"","background-media":"","overlay-type":"","overlay-color":"","overlay-opacity":"","overlay-gradient":""},"mobile":{"background-color":"","background-image":"","background-repeat":"repeat","background-position":"center center","background-size":"auto","background-attachment":"scroll","background-type":"","background-media":"","overlay-type":"","overlay-color":"","overlay-opacity":"","overlay-gradient":""}},"ast-content-background-meta":{"desktop":{"background-color":"var(--ast-global-color-5)","background-image":"","background-repeat":"repeat","background-position":"center center","background-size":"auto","background-attachment":"scroll","background-type":"","background-media":"","overlay-type":"","overlay-color":"","overlay-opacity":"","overlay-gradient":""},"tablet":{"background-color":"var(--ast-global-color-5)","background-image":"","background-repeat":"repeat","background-position":"center center","background-size":"auto","background-attachment":"scroll","background-type":"","background-media":"","overlay-type":"","overlay-color":"","overlay-opacity":"","overlay-gradient":""},"mobile":{"background-color":"var(--ast-global-color-5)","background-image":"","background-repeat":"repeat","background-position":"center center","background-size":"auto","background-attachment":"scroll","background-type":"","background-media":"","overlay-type":"","overlay-color":"","overlay-opacity":"","overlay-gradient":""}},"footnotes":""},"class_list":["post-8666","page","type-page","status-publish","has-post-thumbnail","hentry"],"yoast_head":"<!-- This site is optimized with the Yoast SEO plugin v25.6 - https:\/\/yoast.com\/wordpress\/plugins\/seo\/ -->\n<title>Calderetas y Sucs en Valencia (Playa Malvarrosa) - Casa Isabel<\/title>\n<meta name=\"description\" content=\"Calderetas y Sucs en Valencia, en primera l\u00ednea de mar en la playa de la Malvarrosa. Restaurante Casa Isabel \u00a1Reserva ahora!\" \/>\n<meta name=\"robots\" content=\"index, follow, max-snippet:-1, max-image-preview:large, max-video-preview:-1\" \/>\n<link rel=\"canonical\" href=\"https:\/\/casaisabel.es\/en\/calderetas-sucs-casa-isabel\/\" \/>\n<meta property=\"og:locale\" content=\"en_GB\" \/>\n<meta property=\"og:type\" content=\"article\" \/>\n<meta property=\"og:title\" content=\"Calderetas y Sucs en Valencia (Playa Malvarrosa) - Casa Isabel\" \/>\n<meta property=\"og:description\" content=\"Calderetas y Sucs en Valencia, en primera l\u00ednea de mar en la playa de la Malvarrosa. Restaurante Casa Isabel \u00a1Reserva ahora!\" \/>\n<meta property=\"og:url\" content=\"https:\/\/casaisabel.es\/en\/calderetas-sucs-casa-isabel\/\" \/>\n<meta property=\"og:site_name\" content=\"Casa Isabel\" \/>\n<meta property=\"article:modified_time\" content=\"2023-11-17T00:08:38+00:00\" \/>\n<meta property=\"og:image\" content=\"https:\/\/casaisabel.es\/wp-content\/uploads\/2023\/10\/caldereta-bogavante.jpg\" \/>\n\t<meta property=\"og:image:width\" content=\"837\" \/>\n\t<meta property=\"og:image:height\" content=\"596\" \/>\n\t<meta property=\"og:image:type\" content=\"image\/jpeg\" \/>\n<meta name=\"twitter:card\" content=\"summary_large_image\" \/>\n<meta name=\"twitter:label1\" content=\"Est. reading time\" \/>\n\t<meta name=\"twitter:data1\" content=\"8 minutes\" \/>\n<script type=\"application\/ld+json\" class=\"yoast-schema-graph\">{\"@context\":\"https:\/\/schema.org\",\"@graph\":[{\"@type\":\"WebPage\",\"@id\":\"https:\/\/casaisabel.es\/calderetas-sucs-casa-isabel\/\",\"url\":\"https:\/\/casaisabel.es\/calderetas-sucs-casa-isabel\/\",\"name\":\"Calderetas y Sucs en Valencia (Playa Malvarrosa) - Casa Isabel\",\"isPartOf\":{\"@id\":\"https:\/\/casaisabel.es\/#website\"},\"primaryImageOfPage\":{\"@id\":\"https:\/\/casaisabel.es\/calderetas-sucs-casa-isabel\/#primaryimage\"},\"image\":{\"@id\":\"https:\/\/casaisabel.es\/calderetas-sucs-casa-isabel\/#primaryimage\"},\"thumbnailUrl\":\"https:\/\/casaisabel.es\/wp-content\/uploads\/2023\/10\/caldereta-bogavante.jpg\",\"datePublished\":\"2023-09-28T22:14:01+00:00\",\"dateModified\":\"2023-11-17T00:08:38+00:00\",\"description\":\"Calderetas y Sucs en Valencia, en primera l\u00ednea de mar en la playa de la Malvarrosa. Restaurante Casa Isabel \u00a1Reserva ahora!\",\"breadcrumb\":{\"@id\":\"https:\/\/casaisabel.es\/calderetas-sucs-casa-isabel\/#breadcrumb\"},\"inLanguage\":\"en-GB\",\"potentialAction\":[{\"@type\":\"ReadAction\",\"target\":[\"https:\/\/casaisabel.es\/calderetas-sucs-casa-isabel\/\"]}]},{\"@type\":\"ImageObject\",\"inLanguage\":\"en-GB\",\"@id\":\"https:\/\/casaisabel.es\/calderetas-sucs-casa-isabel\/#primaryimage\",\"url\":\"https:\/\/casaisabel.es\/wp-content\/uploads\/2023\/10\/caldereta-bogavante.jpg\",\"contentUrl\":\"https:\/\/casaisabel.es\/wp-content\/uploads\/2023\/10\/caldereta-bogavante.jpg\",\"width\":837,\"height\":596},{\"@type\":\"BreadcrumbList\",\"@id\":\"https:\/\/casaisabel.es\/calderetas-sucs-casa-isabel\/#breadcrumb\",\"itemListElement\":[{\"@type\":\"ListItem\",\"position\":1,\"name\":\"Portada\",\"item\":\"https:\/\/casaisabel.es\/\"},{\"@type\":\"ListItem\",\"position\":2,\"name\":\"Calderetas y Sucs\"}]},{\"@type\":\"WebSite\",\"@id\":\"https:\/\/casaisabel.es\/#website\",\"url\":\"https:\/\/casaisabel.es\/\",\"name\":\"Casa Isabel\",\"description\":\"S\u00f3lo otro sitio de WordPress\",\"publisher\":{\"@id\":\"https:\/\/casaisabel.es\/#organization\"},\"potentialAction\":[{\"@type\":\"SearchAction\",\"target\":{\"@type\":\"EntryPoint\",\"urlTemplate\":\"https:\/\/casaisabel.es\/?s={search_term_string}\"},\"query-input\":{\"@type\":\"PropertyValueSpecification\",\"valueRequired\":true,\"valueName\":\"search_term_string\"}}],\"inLanguage\":\"en-GB\"},{\"@type\":\"Organization\",\"@id\":\"https:\/\/casaisabel.es\/#organization\",\"name\":\"Casa Isabel\",\"url\":\"https:\/\/casaisabel.es\/\",\"logo\":{\"@type\":\"ImageObject\",\"inLanguage\":\"en-GB\",\"@id\":\"https:\/\/casaisabel.es\/#\/schema\/logo\/image\/\",\"url\":\"https:\/\/casaisabel.es\/wp-content\/uploads\/2023\/09\/casaIsabel.svg\",\"contentUrl\":\"https:\/\/casaisabel.es\/wp-content\/uploads\/2023\/09\/casaIsabel.svg\",\"width\":211,\"height\":49,\"caption\":\"Casa Isabel\"},\"image\":{\"@id\":\"https:\/\/casaisabel.es\/#\/schema\/logo\/image\/\"}}]}<\/script>\n<!-- \/ Yoast SEO plugin. -->","yoast_head_json":{"title":"Calderetas y Sucs en Valencia (Playa Malvarrosa) - Casa Isabel","description":"Calderetas y Sucs en Valencia, en primera l\u00ednea de mar en la playa de la Malvarrosa. Restaurante Casa Isabel \u00a1Reserva ahora!","robots":{"index":"index","follow":"follow","max-snippet":"max-snippet:-1","max-image-preview":"max-image-preview:large","max-video-preview":"max-video-preview:-1"},"canonical":"https:\/\/casaisabel.es\/en\/calderetas-sucs-casa-isabel\/","og_locale":"en_GB","og_type":"article","og_title":"Calderetas y Sucs en Valencia (Playa Malvarrosa) - Casa Isabel","og_description":"Calderetas y Sucs en Valencia, en primera l\u00ednea de mar en la playa de la Malvarrosa. Restaurante Casa Isabel \u00a1Reserva ahora!","og_url":"https:\/\/casaisabel.es\/en\/calderetas-sucs-casa-isabel\/","og_site_name":"Casa Isabel","article_modified_time":"2023-11-17T00:08:38+00:00","og_image":[{"width":837,"height":596,"url":"https:\/\/casaisabel.es\/wp-content\/uploads\/2023\/10\/caldereta-bogavante.jpg","type":"image\/jpeg"}],"twitter_card":"summary_large_image","twitter_misc":{"Est. reading time":"8 minutes"},"schema":{"@context":"https:\/\/schema.org","@graph":[{"@type":"WebPage","@id":"https:\/\/casaisabel.es\/calderetas-sucs-casa-isabel\/","url":"https:\/\/casaisabel.es\/calderetas-sucs-casa-isabel\/","name":"Calderetas y Sucs en Valencia (Playa Malvarrosa) - Casa Isabel","isPartOf":{"@id":"https:\/\/casaisabel.es\/#website"},"primaryImageOfPage":{"@id":"https:\/\/casaisabel.es\/calderetas-sucs-casa-isabel\/#primaryimage"},"image":{"@id":"https:\/\/casaisabel.es\/calderetas-sucs-casa-isabel\/#primaryimage"},"thumbnailUrl":"https:\/\/casaisabel.es\/wp-content\/uploads\/2023\/10\/caldereta-bogavante.jpg","datePublished":"2023-09-28T22:14:01+00:00","dateModified":"2023-11-17T00:08:38+00:00","description":"Calderetas y Sucs en Valencia, en primera l\u00ednea de mar en la playa de la Malvarrosa. Restaurante Casa Isabel \u00a1Reserva ahora!","breadcrumb":{"@id":"https:\/\/casaisabel.es\/calderetas-sucs-casa-isabel\/#breadcrumb"},"inLanguage":"en-GB","potentialAction":[{"@type":"ReadAction","target":["https:\/\/casaisabel.es\/calderetas-sucs-casa-isabel\/"]}]},{"@type":"ImageObject","inLanguage":"en-GB","@id":"https:\/\/casaisabel.es\/calderetas-sucs-casa-isabel\/#primaryimage","url":"https:\/\/casaisabel.es\/wp-content\/uploads\/2023\/10\/caldereta-bogavante.jpg","contentUrl":"https:\/\/casaisabel.es\/wp-content\/uploads\/2023\/10\/caldereta-bogavante.jpg","width":837,"height":596},{"@type":"BreadcrumbList","@id":"https:\/\/casaisabel.es\/calderetas-sucs-casa-isabel\/#breadcrumb","itemListElement":[{"@type":"ListItem","position":1,"name":"Portada","item":"https:\/\/casaisabel.es\/"},{"@type":"ListItem","position":2,"name":"Calderetas y Sucs"}]},{"@type":"WebSite","@id":"https:\/\/casaisabel.es\/#website","url":"https:\/\/casaisabel.es\/","name":"Casa Isabel","description":"S\u00f3lo otro sitio de WordPress","publisher":{"@id":"https:\/\/casaisabel.es\/#organization"},"potentialAction":[{"@type":"SearchAction","target":{"@type":"EntryPoint","urlTemplate":"https:\/\/casaisabel.es\/?s={search_term_string}"},"query-input":{"@type":"PropertyValueSpecification","valueRequired":true,"valueName":"search_term_string"}}],"inLanguage":"en-GB"},{"@type":"Organization","@id":"https:\/\/casaisabel.es\/#organization","name":"Casa Isabel","url":"https:\/\/casaisabel.es\/","logo":{"@type":"ImageObject","inLanguage":"en-GB","@id":"https:\/\/casaisabel.es\/#\/schema\/logo\/image\/","url":"https:\/\/casaisabel.es\/wp-content\/uploads\/2023\/09\/casaIsabel.svg","contentUrl":"https:\/\/casaisabel.es\/wp-content\/uploads\/2023\/09\/casaIsabel.svg","width":211,"height":49,"caption":"Casa Isabel"},"image":{"@id":"https:\/\/casaisabel.es\/#\/schema\/logo\/image\/"}}]}},"_links":{"self":[{"href":"https:\/\/casaisabel.es\/en\/wp-json\/wp\/v2\/pages\/8666","targetHints":{"allow":["GET"]}}],"collection":[{"href":"https:\/\/casaisabel.es\/en\/wp-json\/wp\/v2\/pages"}],"about":[{"href":"https:\/\/casaisabel.es\/en\/wp-json\/wp\/v2\/types\/page"}],"author":[{"embeddable":true,"href":"https:\/\/casaisabel.es\/en\/wp-json\/wp\/v2\/users\/2"}],"replies":[{"embeddable":true,"href":"https:\/\/casaisabel.es\/en\/wp-json\/wp\/v2\/comments?post=8666"}],"version-history":[{"count":0,"href":"https:\/\/casaisabel.es\/en\/wp-json\/wp\/v2\/pages\/8666\/revisions"}],"wp:featuredmedia":[{"embeddable":true,"href":"https:\/\/casaisabel.es\/en\/wp-json\/wp\/v2\/media\/9538"}],"wp:attachment":[{"href":"https:\/\/casaisabel.es\/en\/wp-json\/wp\/v2\/media?parent=8666"}],"curies":[{"name":"wp","href":"https:\/\/api.w.org\/{rel}","templated":true}]}}