{"id":9286,"date":"2023-09-30T20:46:44","date_gmt":"2023-09-30T20:46:44","guid":{"rendered":"https:\/\/casaisabel.upcofly.com\/?page_id=9286"},"modified":"2023-11-06T11:36:04","modified_gmt":"2023-11-06T11:36:04","slug":"politica-redes-sociales","status":"publish","type":"page","link":"https:\/\/casaisabel.es\/de\/politica-redes-sociales\/","title":{"rendered":"DATENSCHUTZRICHTLINIE F\u00dcR SOZIALE MEDIEN"},"content":{"rendered":"<div data-elementor-type=\"wp-page\" data-elementor-id=\"9286\" class=\"elementor elementor-9286\">\n\t\t\t\t<div class=\"elementor-element elementor-element-1f8cb9c e-flex e-con-boxed e-con e-parent\" data-id=\"1f8cb9c\" data-element_type=\"container\" data-e-type=\"container\">\n\t\t\t\t\t<div class=\"e-con-inner\">\n\t\t\t\t<div class=\"elementor-element elementor-element-7143180 elementor-widget elementor-widget-heading\" data-id=\"7143180\" data-element_type=\"widget\" data-e-type=\"widget\" data-widget_type=\"heading.default\">\n\t\t\t\t<div class=\"elementor-widget-container\">\n\t\t\t\t\t<h1 class=\"elementor-heading-title elementor-size-default\">DATENSCHUTZRICHTLINIE F\u00dcR SOZIALE MEDIEN<\/h1>\t\t\t\t<\/div>\n\t\t\t\t<\/div>\n\t\t\t\t<div class=\"elementor-element elementor-element-95dd49f elementor-widget elementor-widget-text-editor\" data-id=\"95dd49f\" data-element_type=\"widget\" data-e-type=\"widget\" data-widget_type=\"text-editor.default\">\n\t\t\t\t<div class=\"elementor-widget-container\">\n\t\t\t\t\t\t\t\t\t    <p>Gem\u00e4\u00df den aktuellen Bestimmungen zum Schutz personenbezogener Daten (DSGVO) und dem Gesetz 34\/2002 vom 11. Juli \u00fcber Dienste der Informationsgesellschaft und des elektronischen Gesch\u00e4ftsverkehrs (LSSI-CE) informiert HOSTELERIA Y SERVICIOS GENERALES SL die Benutzer dar\u00fcber, dass ein Profil in den sozialen Medien Facebook, Twitter, Instagram, Pinterest und Google + erstellt wurde, haupts\u00e4chlich mit dem Ziel, ihre Produkte und Dienstleistungen zu bewerben.<\/p>\n\n    <h6>Daten von HOSTELERIA Y SERVICIOS GENERALES SL:<\/h6>\n\n    <ul>\n        <li>CIF: B46598959<\/li>\n        <li>Sitz: PASEO MARITIMO, MODULO 4, 46011, VALENCIA, Spanien<\/li>\n        <li>E-MAIL: <a href=\"mailto:info@casaisabel.es\">info@casaisabel.es<\/a><\/li>\n        <li>WEBSITE: <a href=\"https:\/\/casaisabel.es\/de\/\">www.casaisabel.es<\/a><\/li>\n    <\/ul>\n\n    <p>Der Benutzer hat ein Profil im selben sozialen Netzwerk und hat sich entschieden, der von HOSTELERIA Y SERVICIOS GENERALES SL erstellten Seite beizutreten, um so Interesse an den ver\u00f6ffentlichten Informationen zu zeigen. Durch den Beitritt zu unserer Seite erteilen Sie uns Ihre Zustimmung zur Verarbeitung der auf Ihrem Profil ver\u00f6ffentlichten pers\u00f6nlichen Daten.<\/p>\n\n    <p>Der Benutzer kann jederzeit auf die Datenschutzrichtlinien des sozialen Netzwerks zugreifen und sein Profil so konfigurieren, dass die Privatsph\u00e4re gew\u00e4hrleistet ist.<\/p>\n\n    <p>HOSTELERIA Y SERVICIOS GENERALES SL hat Zugriff auf und verarbeitet die \u00f6ffentlichen Informationen des Benutzers, insbesondere seinen Kontaktname. Diese Daten werden nur innerhalb des sozialen Netzwerks verwendet und nicht in eine Datei aufgenommen.<\/p>\n\n    <p>Im Zusammenhang mit den Rechten auf Zugang, Berichtigung, L\u00f6schung und Widerspruch, die Ihnen gem\u00e4\u00df der RGPD zustehen und die gegen\u00fcber HOSTELERIA Y SERVICIOS GENERALES SL geltend gemacht werden k\u00f6nnen, m\u00fcssen Sie die folgenden Nuancen beachten:<\/p>\n\n    <ul>\n        <li>Zugang: Er wird durch die Funktionalit\u00e4t des sozialen Netzwerks und die M\u00f6glichkeit des Zugriffs auf Informationen aus Benutzerprofilen definiert.<\/li>\n        <li>Berichtigung: Es kann nur in Bezug auf Informationen befriedigt werden, die unter der Kontrolle von HOSTELERIA Y SERVICIOS GENERALES SL stehen, zum Beispiel das L\u00f6schen von ver\u00f6ffentlichten Kommentaren auf der Unternehmensseite. Normalerweise muss dieses Recht bei dem sozialen Netzwerk geltend gemacht werden.<\/li>\n        <li>Stornierung und\/oder Widerspruch: Wie im vorherigen Fall kann dies nur in Bezug auf Informationen erfolgen, die unter der Kontrolle von HOSTELERIA Y SERVICIOS GENERALES SL stehen, zum Beispiel die Verbindung zum Profil abbrechen. Normalerweise muss dieses Recht beim sozialen Netzwerk geltend gemacht werden.<\/li>\n    <\/ul>\n\n    <p>HOSTELERIA Y SERVICIOS GENERALES SL wird die folgenden Ma\u00dfnahmen durchf\u00fchren:<\/p>\n\n    <ul>\n        <li>Zugang zu den \u00f6ffentlichen Informationen des Profils.<\/li>\n        <li>Ver\u00f6ffentlichung auf dem Profil des Benutzers aller bereits auf der Seite von HOSTELERIA Y SERVICIOS GENERALES SL ver\u00f6ffentlichten Informationen.<\/li>\n        <li>Senden Sie pers\u00f6nliche und individuelle Nachrichten \u00fcber die Kan\u00e4le des sozialen Netzwerks.<\/li>\n        <li>Statusaktualisierungen von der Seite, die im Profil des Benutzers ver\u00f6ffentlicht werden.<\/li>\n    <\/ul>\n\n    <p>Kann der Benutzer immer die Kontrolle \u00fcber Ihre verbindungen, entfernen Sie die Inhalte nicht mehr interessieren und Sie einschr\u00e4nken, wer teilt Ihre verbindungen, f\u00fcr das Sie zugreifen m\u00fcssen, deine Privatsph\u00e4re-Einstellungen.<\/p>\n\n    <h6>Publikationen<\/h6>\n\n    <p>Der Benutzer, einmal mit der Seite verbunden sind CATERING UND ALLGEMEINE SERVICES SL, ver\u00f6ffentlicht m\u00f6glicherweise in letzterem Kommentare, links, Bilder, Fotografien oder jede andere Art von multimedia-Inhalten unterst\u00fctzt durch das Soziale Netzwerk. Der Benutzer, in allen F\u00e4llen muss der Besitzer davon, genie\u00dfen Sie die Urheberrechte und geistigen Eigentumsrechte oder die Einwilligung des jeweiligen Dritten. Es ist ausdr\u00fccklich untersagt, jede Ver\u00f6ffentlichung auf der Seite, egal, ob Texte, Grafiken, Fotos, videos, etc der Konflikt mit oder sind wahrscheinlich, um zu versuchen, gegen die Moral, die Ethik, den guten Geschmack oder Anstand, und\/oder verletzen, verletzen oder verletzen die Rechte am geistigen oder industriellen Eigentumsrechte, das Recht am Bild, oder das Gesetz. In diesen F\u00e4llen, HOSTELERIA Y SERVICIOS GENERALES SL. beh\u00e4lt sich das Recht vor, sofort zur\u00fcckzutreten, den Inhalt zu k\u00f6nnen, verlangen die dauerhafte Sperrung des Nutzers.<\/p>\n\n    <p>HOSTELERIA Y SERVICIOS GENERALES SL. ist nicht verantwortlich f\u00fcr den Inhalt frei ver\u00f6ffentlicht werden, die von einem Benutzer.<\/p>\n\n    <p>Der Benutzer sollte Bedenken, dass seine Ver\u00f6ffentlichungen bekannt sein wird, durch den anderen Benutzer, so er selbst-der Hauptgrund f\u00fcr seine Privatsph\u00e4re.<\/p>\n\n    <p>Die Bilder, die ver\u00f6ffentlicht werden k\u00f6nnen auf der Seite nicht gespeichert werden in eine Datei von HOSTELERIA Y SERVICIOS GENERALES SL., aber Sie bleiben in dem Sozialen Netzwerk.<\/p>\n\n    <h6>Wettbewerbe und Werbeaktionen<\/h6>\n\n    <p>HOSTELERIA Y SERVICIOS GENERALES SL. beh\u00e4lt sich das Recht zur Abhaltung von Wettbewerben und Werbeaktionen, an der Sie teilnehmen, auf der Nutzer Ihre Seite trat. Die Grundlagen eines jeden von Ihnen, wenn Sie die Plattform des Sozialen Netzwerks, ver\u00f6ffentlicht werden, in der gleichen. Erf\u00fcllen immer die LSSI-CE und jede andere Norm, die ist anwendbar.<\/p>\n\n    <p>Das Soziale Netzwerk hat nicht sponsern, unterst\u00fctzen oder verwalten, in irgendeiner Weise, jeder unserer Aktionen, noch ist es im Zusammenhang mit einer von Ihnen.<\/p>\n\n    <h6>Werbung<\/h6>\n\n    <p>HOSTELERIA Y SERVICIOS GENERALES SL. wird mit dem Social Network zu ver\u00f6ffentlichen, seine Produkte und Dienstleistungen in jedem Fall, wenn es beschlie\u00dft, Sie zu behandeln, seine Kontakt-Daten und die Durchf\u00fchrung direkter Aktionen der kommerziellen Prospektion, wird immer sein, die Einhaltung der gesetzlichen Anforderungen der RGPD und der LSSI-CE.<\/p>\n\n    <p>Nicht als Werbung f\u00fcr die Tatsache empfehlen, anderen Benutzern die Seite von HOSTELERIA Y SERVICIOS GENERALES SL., so k\u00f6nnen Sie genie\u00dfen auch die promotions-oder \u00fcber Ihre T\u00e4tigkeit.<\/p>\n\n    <p>Unten, wir im detail den link, um die Datenschutzrichtlinien des Social-Network:<\/p>\n\n    <ul>\n        <li>Facebook: <a href=\"https:\/\/www.facebook.com\/help\/323540651073243\/\">https:\/\/www.facebook.com\/help\/323540651073243\/<\/a><\/li>\n        <li>Twitter: <a href=\"https:\/\/twitter.com\/privacy\">https:\/\/twitter.com\/privacy<\/a><\/li>\n        <li>Instagram: <a href=\"http:\/\/instagram.com\/about\/legal\/privacy\/\">http:\/\/instagram.com\/about\/legal\/privacy\/<\/a><\/li>\n        <li>Pinterest: <a href=\"http:\/\/es.about.pinterest.com\/terms\/\">http:\/\/es.about.pinterest.com\/terms\/<\/a><\/li>\n        <li>Google +: <a href=\"http:\/\/www.google.com\/intl\/es\/policies\/privacy\/\">http:\/\/www.google.com\/intl\/es\/policies\/privacy\/<\/a><\/li>\n    <\/ul>\n\t\t\t\t\t\t\t\t<\/div>\n\t\t\t\t<\/div>\n\t\t\t\t\t<\/div>\n\t\t\t\t<\/div>\n\t\t\t\t<\/div>","protected":false},"excerpt":{"rendered":"<p>POL\u00cdTICA DE PRIVACIDAD REDES SOCIALES De conformidad con lo establecido en la normativa vigente en Protecci\u00f3n de Datos de Car\u00e1cter Personal (RGPD) y la Ley 34\/2002, de 11 de julio, de Servicios de la Sociedad de la Informaci\u00f3n y de Comercio Electr\u00f3nico (LSSI-CE), HOSTELERIA Y SERVICIOS GENERALES SL informa a los usuarios, que ha procedido [&hellip;]<\/p>","protected":false},"author":2,"featured_media":0,"parent":0,"menu_order":0,"comment_status":"closed","ping_status":"closed","template":"","meta":{"site-sidebar-layout":"no-sidebar","site-content-layout":"page-builder","ast-site-content-layout":"full-width-container","site-content-style":"default","site-sidebar-style":"default","ast-global-header-display":"","ast-banner-title-visibility":"","ast-main-header-display":"","ast-hfb-above-header-display":"","ast-hfb-below-header-display":"","ast-hfb-mobile-header-display":"","site-post-title":"disabled","ast-breadcrumbs-content":"","ast-featured-img":"disabled","footer-sml-layout":"","theme-transparent-header-meta":"","adv-header-id-meta":"","stick-header-meta":"","header-above-stick-meta":"","header-main-stick-meta":"","header-below-stick-meta":"","astra-migrate-meta-layouts":"set","ast-page-background-enabled":"default","ast-page-background-meta":{"desktop":{"background-color":"var(--ast-global-color-4)","background-image":"","background-repeat":"repeat","background-position":"center center","background-size":"auto","background-attachment":"scroll","background-type":"","background-media":"","overlay-type":"","overlay-color":"","overlay-opacity":"","overlay-gradient":""},"tablet":{"background-color":"","background-image":"","background-repeat":"repeat","background-position":"center center","background-size":"auto","background-attachment":"scroll","background-type":"","background-media":"","overlay-type":"","overlay-color":"","overlay-opacity":"","overlay-gradient":""},"mobile":{"background-color":"","background-image":"","background-repeat":"repeat","background-position":"center center","background-size":"auto","background-attachment":"scroll","background-type":"","background-media":"","overlay-type":"","overlay-color":"","overlay-opacity":"","overlay-gradient":""}},"ast-content-background-meta":{"desktop":{"background-color":"var(--ast-global-color-5)","background-image":"","background-repeat":"repeat","background-position":"center center","background-size":"auto","background-attachment":"scroll","background-type":"","background-media":"","overlay-type":"","overlay-color":"","overlay-opacity":"","overlay-gradient":""},"tablet":{"background-color":"var(--ast-global-color-5)","background-image":"","background-repeat":"repeat","background-position":"center center","background-size":"auto","background-attachment":"scroll","background-type":"","background-media":"","overlay-type":"","overlay-color":"","overlay-opacity":"","overlay-gradient":""},"mobile":{"background-color":"var(--ast-global-color-5)","background-image":"","background-repeat":"repeat","background-position":"center center","background-size":"auto","background-attachment":"scroll","background-type":"","background-media":"","overlay-type":"","overlay-color":"","overlay-opacity":"","overlay-gradient":""}},"footnotes":""},"class_list":["post-9286","page","type-page","status-publish","hentry"],"yoast_head":"<!-- This site is optimized with the Yoast SEO plugin v25.6 - https:\/\/yoast.com\/wordpress\/plugins\/seo\/ -->\n<title>POL\u00cdTICA DE PRIVACIDAD REDES SOCIALES - Casa Isabel<\/title>\n<meta name=\"robots\" content=\"noindex, follow\" \/>\n<meta property=\"og:locale\" content=\"de_DE\" \/>\n<meta property=\"og:type\" content=\"article\" \/>\n<meta property=\"og:title\" content=\"POL\u00cdTICA DE PRIVACIDAD REDES SOCIALES - Casa Isabel\" \/>\n<meta property=\"og:description\" content=\"POL\u00cdTICA DE PRIVACIDAD REDES SOCIALES De conformidad con lo establecido en la normativa vigente en Protecci\u00f3n de Datos de Car\u00e1cter Personal (RGPD) y la Ley 34\/2002, de 11 de julio, de Servicios de la Sociedad de la Informaci\u00f3n y de Comercio Electr\u00f3nico (LSSI-CE), HOSTELERIA Y SERVICIOS GENERALES SL informa a los usuarios, que ha procedido [&hellip;]\" \/>\n<meta property=\"og:url\" content=\"https:\/\/casaisabel.es\/de\/politica-redes-sociales\/\" \/>\n<meta property=\"og:site_name\" content=\"Casa Isabel\" \/>\n<meta property=\"article:modified_time\" content=\"2023-11-06T11:36:04+00:00\" \/>\n<meta name=\"twitter:card\" content=\"summary_large_image\" \/>\n<meta name=\"twitter:label1\" content=\"Est. reading time\" \/>\n\t<meta name=\"twitter:data1\" content=\"4 minutes\" \/>\n<script type=\"application\/ld+json\" class=\"yoast-schema-graph\">{\"@context\":\"https:\/\/schema.org\",\"@graph\":[{\"@type\":\"WebPage\",\"@id\":\"https:\/\/casaisabel.es\/politica-redes-sociales\/\",\"url\":\"https:\/\/casaisabel.es\/politica-redes-sociales\/\",\"name\":\"POL\u00cdTICA DE PRIVACIDAD REDES SOCIALES - Casa Isabel\",\"isPartOf\":{\"@id\":\"https:\/\/casaisabel.es\/#website\"},\"datePublished\":\"2023-09-30T20:46:44+00:00\",\"dateModified\":\"2023-11-06T11:36:04+00:00\",\"breadcrumb\":{\"@id\":\"https:\/\/casaisabel.es\/politica-redes-sociales\/#breadcrumb\"},\"inLanguage\":\"de-DE\",\"potentialAction\":[{\"@type\":\"ReadAction\",\"target\":[\"https:\/\/casaisabel.es\/politica-redes-sociales\/\"]}]},{\"@type\":\"BreadcrumbList\",\"@id\":\"https:\/\/casaisabel.es\/politica-redes-sociales\/#breadcrumb\",\"itemListElement\":[{\"@type\":\"ListItem\",\"position\":1,\"name\":\"Portada\",\"item\":\"https:\/\/casaisabel.es\/\"},{\"@type\":\"ListItem\",\"position\":2,\"name\":\"POL\u00cdTICA DE PRIVACIDAD REDES SOCIALES\"}]},{\"@type\":\"WebSite\",\"@id\":\"https:\/\/casaisabel.es\/#website\",\"url\":\"https:\/\/casaisabel.es\/\",\"name\":\"Casa Isabel\",\"description\":\"S\u00f3lo otro sitio de WordPress\",\"publisher\":{\"@id\":\"https:\/\/casaisabel.es\/#organization\"},\"potentialAction\":[{\"@type\":\"SearchAction\",\"target\":{\"@type\":\"EntryPoint\",\"urlTemplate\":\"https:\/\/casaisabel.es\/?s={search_term_string}\"},\"query-input\":{\"@type\":\"PropertyValueSpecification\",\"valueRequired\":true,\"valueName\":\"search_term_string\"}}],\"inLanguage\":\"de-DE\"},{\"@type\":\"Organization\",\"@id\":\"https:\/\/casaisabel.es\/#organization\",\"name\":\"Casa Isabel\",\"url\":\"https:\/\/casaisabel.es\/\",\"logo\":{\"@type\":\"ImageObject\",\"inLanguage\":\"de-DE\",\"@id\":\"https:\/\/casaisabel.es\/#\/schema\/logo\/image\/\",\"url\":\"https:\/\/casaisabel.es\/wp-content\/uploads\/2023\/09\/casaIsabel.svg\",\"contentUrl\":\"https:\/\/casaisabel.es\/wp-content\/uploads\/2023\/09\/casaIsabel.svg\",\"width\":211,\"height\":49,\"caption\":\"Casa Isabel\"},\"image\":{\"@id\":\"https:\/\/casaisabel.es\/#\/schema\/logo\/image\/\"}}]}<\/script>\n<!-- \/ Yoast SEO plugin. -->","yoast_head_json":{"title":"POL\u00cdTICA DE PRIVACIDAD REDES SOCIALES - Casa Isabel","robots":{"index":"noindex","follow":"follow"},"og_locale":"de_DE","og_type":"article","og_title":"POL\u00cdTICA DE PRIVACIDAD REDES SOCIALES - Casa Isabel","og_description":"POL\u00cdTICA DE PRIVACIDAD REDES SOCIALES De conformidad con lo establecido en la normativa vigente en Protecci\u00f3n de Datos de Car\u00e1cter Personal (RGPD) y la Ley 34\/2002, de 11 de julio, de Servicios de la Sociedad de la Informaci\u00f3n y de Comercio Electr\u00f3nico (LSSI-CE), HOSTELERIA Y SERVICIOS GENERALES SL informa a los usuarios, que ha procedido [&hellip;]","og_url":"https:\/\/casaisabel.es\/de\/politica-redes-sociales\/","og_site_name":"Casa Isabel","article_modified_time":"2023-11-06T11:36:04+00:00","twitter_card":"summary_large_image","twitter_misc":{"Est. reading time":"4 minutes"},"schema":{"@context":"https:\/\/schema.org","@graph":[{"@type":"WebPage","@id":"https:\/\/casaisabel.es\/politica-redes-sociales\/","url":"https:\/\/casaisabel.es\/politica-redes-sociales\/","name":"POL\u00cdTICA DE PRIVACIDAD REDES SOCIALES - Casa Isabel","isPartOf":{"@id":"https:\/\/casaisabel.es\/#website"},"datePublished":"2023-09-30T20:46:44+00:00","dateModified":"2023-11-06T11:36:04+00:00","breadcrumb":{"@id":"https:\/\/casaisabel.es\/politica-redes-sociales\/#breadcrumb"},"inLanguage":"de-DE","potentialAction":[{"@type":"ReadAction","target":["https:\/\/casaisabel.es\/politica-redes-sociales\/"]}]},{"@type":"BreadcrumbList","@id":"https:\/\/casaisabel.es\/politica-redes-sociales\/#breadcrumb","itemListElement":[{"@type":"ListItem","position":1,"name":"Portada","item":"https:\/\/casaisabel.es\/"},{"@type":"ListItem","position":2,"name":"POL\u00cdTICA DE PRIVACIDAD REDES SOCIALES"}]},{"@type":"WebSite","@id":"https:\/\/casaisabel.es\/#website","url":"https:\/\/casaisabel.es\/","name":"Casa Isabel","description":"S\u00f3lo otro sitio de WordPress","publisher":{"@id":"https:\/\/casaisabel.es\/#organization"},"potentialAction":[{"@type":"SearchAction","target":{"@type":"EntryPoint","urlTemplate":"https:\/\/casaisabel.es\/?s={search_term_string}"},"query-input":{"@type":"PropertyValueSpecification","valueRequired":true,"valueName":"search_term_string"}}],"inLanguage":"de-DE"},{"@type":"Organization","@id":"https:\/\/casaisabel.es\/#organization","name":"Casa Isabel","url":"https:\/\/casaisabel.es\/","logo":{"@type":"ImageObject","inLanguage":"de-DE","@id":"https:\/\/casaisabel.es\/#\/schema\/logo\/image\/","url":"https:\/\/casaisabel.es\/wp-content\/uploads\/2023\/09\/casaIsabel.svg","contentUrl":"https:\/\/casaisabel.es\/wp-content\/uploads\/2023\/09\/casaIsabel.svg","width":211,"height":49,"caption":"Casa Isabel"},"image":{"@id":"https:\/\/casaisabel.es\/#\/schema\/logo\/image\/"}}]}},"_links":{"self":[{"href":"https:\/\/casaisabel.es\/de\/wp-json\/wp\/v2\/pages\/9286","targetHints":{"allow":["GET"]}}],"collection":[{"href":"https:\/\/casaisabel.es\/de\/wp-json\/wp\/v2\/pages"}],"about":[{"href":"https:\/\/casaisabel.es\/de\/wp-json\/wp\/v2\/types\/page"}],"author":[{"embeddable":true,"href":"https:\/\/casaisabel.es\/de\/wp-json\/wp\/v2\/users\/2"}],"replies":[{"embeddable":true,"href":"https:\/\/casaisabel.es\/de\/wp-json\/wp\/v2\/comments?post=9286"}],"version-history":[{"count":0,"href":"https:\/\/casaisabel.es\/de\/wp-json\/wp\/v2\/pages\/9286\/revisions"}],"wp:attachment":[{"href":"https:\/\/casaisabel.es\/de\/wp-json\/wp\/v2\/media?parent=9286"}],"curies":[{"name":"wp","href":"https:\/\/api.w.org\/{rel}","templated":true}]}}