{"id":9280,"date":"2023-09-30T19:15:14","date_gmt":"2023-09-30T19:15:14","guid":{"rendered":"https:\/\/casaisabel.upcofly.com\/?page_id=9280"},"modified":"2023-11-20T11:23:00","modified_gmt":"2023-11-20T11:23:00","slug":"aviso-legal","status":"publish","type":"page","link":"https:\/\/casaisabel.es\/de\/aviso-legal\/","title":{"rendered":"Rechtlicher Hinweis"},"content":{"rendered":"<div data-elementor-type=\"wp-page\" data-elementor-id=\"9280\" class=\"elementor elementor-9280\">\n\t\t\t\t<div class=\"elementor-element elementor-element-1f8cb9c e-flex e-con-boxed e-con e-parent\" data-id=\"1f8cb9c\" data-element_type=\"container\" data-e-type=\"container\">\n\t\t\t\t\t<div class=\"e-con-inner\">\n\t\t\t\t<div class=\"elementor-element elementor-element-7143180 elementor-widget elementor-widget-heading\" data-id=\"7143180\" data-element_type=\"widget\" data-e-type=\"widget\" data-widget_type=\"heading.default\">\n\t\t\t\t<div class=\"elementor-widget-container\">\n\t\t\t\t\t<h1 class=\"elementor-heading-title elementor-size-default\">Nutzungsbedingungen<\/h1>\t\t\t\t<\/div>\n\t\t\t\t<\/div>\n\t\t\t\t<div class=\"elementor-element elementor-element-95dd49f elementor-widget elementor-widget-text-editor\" data-id=\"95dd49f\" data-element_type=\"widget\" data-e-type=\"widget\" data-widget_type=\"text-editor.default\">\n\t\t\t\t<div class=\"elementor-widget-container\">\n\t\t\t\t\t\t\t\t\t<p>In \u00dcbereinstimmung mit dem Gesetz 34\/2002 vom 11. Juli \u00fcber Dienste der Informationsgesellschaft und des elektronischen Gesch\u00e4ftsverkehrs (LSSI-CE) informiert HOSTELERIA Y SERVICIOS GENERALES SL, dass es der Inhaber der Website ist. <a href=\"https:\/\/casaisabel.es\/de\/\">www.casaisabel.es<\/a>Gem\u00e4\u00df den Anforderungen des Artikels 10 des genannten Gesetzes informiert HOSTELERIA Y SERVICIOS GENERALES SL \u00fcber folgende Daten:<\/p><ul><li>Der Inhaber dieser Website ist HOSTELERIA Y SERVICIOS GENERALES SL, mit der Umsatzsteuer-Identifikationsnummer B46598959 und Gesch\u00e4ftsadresse in PASEO MARITIMO, MODULO 4, 46011, VALENCIA. Das Unternehmen ist im Handelsregister unter der Nummer 4676, Blatt 106, auf Seite V29921, Eintrag I\/A 7 registriert. Die Kontakt-E-Mail-Adresse des Unternehmens lautet: <a href=\"mailto:info@casaisabel.es\">info@casaisabel.es<\/a>.<\/li><\/ul><h6>Nutzer und Verantwortungsregime<\/h6><p>Die Navigation, der Zugang und die Nutzung der Website von HOSTELERIA Y SERVICIOS GENERALES SL verleiht dem Benutzer den Status eines Nutzers, durch den alle hier festgelegten Nutzungsbedingungen akzeptiert werden, unbeschadet der Anwendung der entsprechenden gesetzlichen Vorschriften, soweit dies erforderlich ist.<\/p><p>Die Website von HOSTELERIA Y SERVICIOS GENERALES SL bietet eine Vielzahl von Informationen, Dienstleistungen und Daten. Der Benutzer \u00fcbernimmt die Verantwortung f\u00fcr die korrekte Nutzung der Website. Diese Verantwortung erstreckt sich auf:<\/p><ul><li>Die Richtigkeit und Rechtm\u00e4\u00dfigkeit der vom Benutzer in den von HOSTELERIA Y SERVICIOS GENERALES SL bereitgestellten Formularen angegebenen Informationen f\u00fcr den Zugang zu bestimmten Inhalten oder Diensten, die von der Website angeboten werden.<\/li><li>Die Nutzung der von HOSTELERIA Y SERVICIOS GENERALES SL angebotenen Informationen, Dienstleistungen und Daten entgegen den in diesen Bedingungen, dem Gesetz, der Moral, den guten Sitten oder der \u00f6ffentlichen Ordnung festgelegten Bestimmungen oder auf andere Weise, die eine Verletzung der Rechte Dritter oder des ordnungsgem\u00e4\u00dfen Betriebs der Website darstellen k\u00f6nnen.<\/li><\/ul><h6>Linkpolitik und Haftungsausschl\u00fcsse:<\/h6><p>HOSTELERIA Y SERVICIOS GENERALES SL \u00fcbernimmt keine Verantwortung f\u00fcr den Inhalt von Websites, auf die der Benutzer \u00fcber die auf ihrer Website eingerichteten Links zugreifen kann. Sie erkl\u00e4rt, dass sie unter keinen Umst\u00e4nden den Inhalt anderer Websites im Netzwerk \u00fcberpr\u00fcfen oder kontrollieren wird. Ebenso wird die technische Verf\u00fcgbarkeit, Genauigkeit, Wahrheit, G\u00fcltigkeit oder Legalit\u00e4t von Websites, die nicht ihr Eigentum sind und \u00fcber Links zug\u00e4nglich sind, nicht garantiert.<\/p><p>HOSTELERIA Y SERVICIOS GENERALES SL declara haber adoptado todas las medidas necesarias para evitar cualquier da\u00f1o a los usuarios de su sitio web, que pudieran derivarse de la navegaci\u00f3n por su sitio web. En consecuencia, HOSTELERIA Y SERVICIOS GENERALES SL no se hace responsable, en ning\u00fan caso, de los eventuales da\u00f1os que por la navegaci\u00f3n por Internet pudiera sufrir el usuario.<\/p><h6>\u00c4nderungen:<\/h6><p>HOSTELERIA Y SERVICIOS GENERALES SL beh\u00e4lt sich das Recht vor, \u00c4nderungen am Inhalt seiner Website vorzunehmen, die es f\u00fcr angebracht h\u00e4lt, ohne vorherige Ank\u00fcndigung, sowohl in Bezug auf den Inhalt der Website als auch auf die Nutzungsbedingungen. Solche \u00c4nderungen k\u00f6nnen \u00fcber die Website in jeder rechtlich zul\u00e4ssigen Form vorgenommen werden und sind w\u00e4hrend der Zeit, in der sie auf der Website ver\u00f6ffentlicht sind, und bis zu ihrer g\u00fcltigen Modifikation durch sp\u00e4tere \u00c4nderungen verbindlich.<\/p><h6>Datenschutz:<\/h6><p>Gem\u00e4\u00df den Bestimmungen der geltenden Datenschutzbestimmungen informieren wir Sie, dass Ihre Daten in das Verarbeitungssystem von HOSTELERIA Y SERVICIOS GENERALES SL mit Umsatzsteuer-Identifikationsnummer B46598959 und Gesch\u00e4ftsadresse in PASEO MARITIMO, MODULO 4, 46011, VALENCIA, aufgenommen werden. Der Zweck besteht darin, die zwischen beiden Parteien festgelegten Verpflichtungen zu erleichtern, zu beschleunigen und zu erf\u00fcllen. In \u00dcbereinstimmung mit den aktuellen Bestimmungen informiert HOSTELERIA Y SERVICIOS GENERALES SL, dass die Daten f\u00fcr den streng notwendigen Zeitraum aufbewahrt werden, um die oben genannten Vorschriften zu erf\u00fcllen.<\/p><p>Sofern Sie uns nicht anderweitig informieren, verstehen wir, dass Ihre Daten nicht ge\u00e4ndert wurden, dass Sie sich verpflichten, uns etwaige \u00c4nderungen mitzuteilen, und dass wir Ihre Zustimmung haben, sie f\u00fcr die genannten Zwecke zu verwenden.<\/p><p>HOSTELERIA Y SERVICIOS GENERALES SL informa que proceder\u00e1 a tratar los datos de manera l\u00edcita, leal, transparente, adecuada, pertinente, limitada, exacta y actualizada. Es por ello que HOSTELERIA Y SERVICIOS GENERALES SL se compromete a adoptar todas las medidas razonables para que estos se supriman o rectifiquen sin dilaci\u00f3n cuando sean inexactos.<\/p><p>Gem\u00e4\u00df den Rechten, die Ihnen die geltende Datenschutzgesetzgebung verleiht, k\u00f6nnen Sie die Rechte auf Zugang, Berichtigung, Einschr\u00e4nkung der Verarbeitung, L\u00f6schung, \u00dcbertragbarkeit und Widerspruch gegen die Verarbeitung Ihrer personenbezogenen Daten sowie gegen die erteilte Einwilligung zur Verarbeitung derselben geltend machen, indem Sie Ihre Anfrage an die oben angegebene Postadresse oder die E-Mail-Adresse richten. <a href=\"mailto:info@casaisabel.es\">info@casaisabel.es<\/a>.<\/p><p>Sie k\u00f6nnen sich an die zust\u00e4ndige Aufsichtsbeh\u00f6rde wenden, um die Beschwerde einzureichen, die Sie f\u00fcr angemessen halten.<\/p><h6>Geistiges und gewerbliches Eigentum:<\/h6><p>HOSTELERIA Y SERVICIOS GENERALES SL ist, f\u00fcr sich oder als Rechtsnachfolgerin, Eigent\u00fcmerin aller geistigen und gewerblichen Schutzrechte ihrer Website sowie der darin enthaltenen Elemente (zum Beispiel Bilder, T\u00f6ne, Audio, Video, Software oder Texte; Marken oder Logos, Farbkombinationen, Struktur und Design, Auswahl der verwendeten Materialien, f\u00fcr ihren Betrieb erforderliche Computerprogramme, Zugang und Nutzung usw.), die HOSTELERIA Y SERVICIOS GENERALES SL geh\u00f6ren. Daher handelt es sich um gesch\u00fctzte Werke als geistiges Eigentum nach spanischem Recht, wobei sowohl spanisches und europ\u00e4isches Recht in diesem Bereich als auch die internationalen Vertr\u00e4ge zum Thema, die von Spanien unterzeichnet wurden, anwendbar sind.<\/p><p>Alle Rechte vorbehalten. Gem\u00e4\u00df dem Urheberrechtsgesetz ist die Vervielf\u00e4ltigung, Verbreitung und \u00f6ffentliche Wiedergabe, einschlie\u00dflich der Bereitstellungsmodalit\u00e4ten, von ganz oder teilweise Inhalten dieser Website zu kommerziellen Zwecken, auf jedem Tr\u00e4ger und mit jedem technischen Mittel, ohne die Genehmigung von HOSTELERIA Y SERVICIOS GENERALES SL ausdr\u00fccklich untersagt.<\/p><p>Der Benutzer verpflichtet sich, die geistigen und gewerblichen Schutzrechte von HOSTELERIA Y SERVICIOS GENERALES SL zu respektieren. Der Benutzer darf die Elemente des Portals anzeigen und sogar drucken, kopieren und auf der Festplatte seines Computers oder auf einem anderen physischen Tr\u00e4ger speichern, sofern dies ausschlie\u00dflich f\u00fcr den pers\u00f6nlichen und privaten Gebrauch erfolgt. Der Benutzer muss sich davon enthalten, Schutzvorrichtungen oder Sicherheitssysteme, die auf den Seiten von HOSTELERIA Y SERVICIOS GENERALES SL installiert sind, zu l\u00f6schen, zu \u00e4ndern, zu umgehen oder zu manipulieren.<\/p><h6>Rechtliche Schritte, anwendbares Recht und Gerichtsstand:<\/h6><p>Auch HOSTELERIA Y SERVICIOS GENERALES SL beh\u00e4lt sich das Recht vor, zivil- oder strafrechtliche Ma\u00dfnahmen zu ergreifen, die es f\u00fcr angemessen h\u00e4lt, wegen des Missbrauchs seiner Website und Inhalte oder wegen des Versto\u00dfes gegen diese Bedingungen.<\/p><p>Die Beziehung zwischen dem Benutzer und dem Anbieter unterliegt den geltenden Vorschriften im spanischen Hoheitsgebiet. Bei Meinungsverschiedenheiten k\u00f6nnen die Parteien ihre Konflikte einem Schiedsverfahren unterwerfen oder die ordentliche Gerichtsbarkeit in \u00dcbereinstimmung mit den Vorschriften \u00fcber Zust\u00e4ndigkeit und Kompetenz in dieser Angelegenheit in Anspruch nehmen. HOSTELERIA Y SERVICIOS GENERALES SL hat seinen Sitz in VALENCIA, Spanien.<\/p><h6>Verpflichtungen und Beschr\u00e4nkungen des H\u00e4ndlers f\u00fcr ethische und legale Transaktionen<\/h6><p>Dieser H\u00e4ndler verpflichtet sich, keine Transaktion zu erm\u00f6glichen, die illegal ist oder von den Kreditkartenmarken oder der erwerbenden Bank als solche betrachtet wird, die das Potenzial hat, ihren guten Ruf zu sch\u00e4digen oder sie negativ zu beeinflussen. Die folgenden Aktivit\u00e4ten sind im Rahmen der Programme der Kreditkartenmarken untersagt: der Verkauf oder das Angebot eines Produkts oder Dienstleistung, das nicht vollst\u00e4ndig mit allen geltenden Gesetzen in Bezug auf den K\u00e4ufer, die ausstellende Bank, den H\u00e4ndler, den Karteninhaber oder die Karten in \u00dcbereinstimmung steht. Dar\u00fcber hinaus sind die folgenden Aktivit\u00e4ten ausdr\u00fccklich verboten:<\/p><ul><li>Verkauf von alkoholischen Getr\u00e4nken an Personen unter 18 Jahren:<\/li><\/ul>\t\t\t\t\t\t\t\t<\/div>\n\t\t\t\t<\/div>\n\t\t\t\t\t<\/div>\n\t\t\t\t<\/div>\n\t\t\t\t<\/div>","protected":false},"excerpt":{"rendered":"<p>CONDICIONES DE USO En cumplimiento de la Ley 34\/2002, de 11 de julio, de Servicios de la Sociedad de la Informaci\u00f3n y de Comercio Electr\u00f3nico (LSSI-CE), HOSTELERIA Y SERVICIOS GENERALES SL informa que es titular del sitio web www.casaisabel.es. De acuerdo con la exigencia del art\u00edculo 10 de la citada Ley, HOSTELERIA Y SERVICIOS GENERALES [&hellip;]<\/p>","protected":false},"author":2,"featured_media":0,"parent":0,"menu_order":0,"comment_status":"closed","ping_status":"closed","template":"","meta":{"site-sidebar-layout":"no-sidebar","site-content-layout":"page-builder","ast-site-content-layout":"full-width-container","site-content-style":"default","site-sidebar-style":"default","ast-global-header-display":"","ast-banner-title-visibility":"","ast-main-header-display":"","ast-hfb-above-header-display":"","ast-hfb-below-header-display":"","ast-hfb-mobile-header-display":"","site-post-title":"disabled","ast-breadcrumbs-content":"","ast-featured-img":"disabled","footer-sml-layout":"","theme-transparent-header-meta":"","adv-header-id-meta":"","stick-header-meta":"","header-above-stick-meta":"","header-main-stick-meta":"","header-below-stick-meta":"","astra-migrate-meta-layouts":"set","ast-page-background-enabled":"default","ast-page-background-meta":{"desktop":{"background-color":"var(--ast-global-color-4)","background-image":"","background-repeat":"repeat","background-position":"center center","background-size":"auto","background-attachment":"scroll","background-type":"","background-media":"","overlay-type":"","overlay-color":"","overlay-opacity":"","overlay-gradient":""},"tablet":{"background-color":"","background-image":"","background-repeat":"repeat","background-position":"center center","background-size":"auto","background-attachment":"scroll","background-type":"","background-media":"","overlay-type":"","overlay-color":"","overlay-opacity":"","overlay-gradient":""},"mobile":{"background-color":"","background-image":"","background-repeat":"repeat","background-position":"center center","background-size":"auto","background-attachment":"scroll","background-type":"","background-media":"","overlay-type":"","overlay-color":"","overlay-opacity":"","overlay-gradient":""}},"ast-content-background-meta":{"desktop":{"background-color":"var(--ast-global-color-5)","background-image":"","background-repeat":"repeat","background-position":"center center","background-size":"auto","background-attachment":"scroll","background-type":"","background-media":"","overlay-type":"","overlay-color":"","overlay-opacity":"","overlay-gradient":""},"tablet":{"background-color":"var(--ast-global-color-5)","background-image":"","background-repeat":"repeat","background-position":"center center","background-size":"auto","background-attachment":"scroll","background-type":"","background-media":"","overlay-type":"","overlay-color":"","overlay-opacity":"","overlay-gradient":""},"mobile":{"background-color":"var(--ast-global-color-5)","background-image":"","background-repeat":"repeat","background-position":"center center","background-size":"auto","background-attachment":"scroll","background-type":"","background-media":"","overlay-type":"","overlay-color":"","overlay-opacity":"","overlay-gradient":""}},"footnotes":""},"class_list":["post-9280","page","type-page","status-publish","hentry"],"yoast_head":"<!-- This site is optimized with the Yoast SEO plugin v25.6 - https:\/\/yoast.com\/wordpress\/plugins\/seo\/ -->\n<title>Aviso Legal - Casa Isabel<\/title>\n<meta name=\"robots\" content=\"noindex, follow\" \/>\n<meta property=\"og:locale\" content=\"de_DE\" \/>\n<meta property=\"og:type\" content=\"article\" \/>\n<meta property=\"og:title\" content=\"Aviso Legal - Casa Isabel\" \/>\n<meta property=\"og:description\" content=\"CONDICIONES DE USO En cumplimiento de la Ley 34\/2002, de 11 de julio, de Servicios de la Sociedad de la Informaci\u00f3n y de Comercio Electr\u00f3nico (LSSI-CE), HOSTELERIA Y SERVICIOS GENERALES SL informa que es titular del sitio web www.casaisabel.es. De acuerdo con la exigencia del art\u00edculo 10 de la citada Ley, HOSTELERIA Y SERVICIOS GENERALES [&hellip;]\" \/>\n<meta property=\"og:url\" content=\"https:\/\/casaisabel.es\/de\/aviso-legal\/\" \/>\n<meta property=\"og:site_name\" content=\"Casa Isabel\" \/>\n<meta property=\"article:modified_time\" content=\"2023-11-20T11:23:00+00:00\" \/>\n<meta name=\"twitter:card\" content=\"summary_large_image\" \/>\n<meta name=\"twitter:label1\" content=\"Est. reading time\" \/>\n\t<meta name=\"twitter:data1\" content=\"6 minutes\" \/>\n<script type=\"application\/ld+json\" class=\"yoast-schema-graph\">{\"@context\":\"https:\/\/schema.org\",\"@graph\":[{\"@type\":\"WebPage\",\"@id\":\"https:\/\/casaisabel.es\/aviso-legal\/\",\"url\":\"https:\/\/casaisabel.es\/aviso-legal\/\",\"name\":\"Aviso Legal - Casa Isabel\",\"isPartOf\":{\"@id\":\"https:\/\/casaisabel.es\/#website\"},\"datePublished\":\"2023-09-30T19:15:14+00:00\",\"dateModified\":\"2023-11-20T11:23:00+00:00\",\"breadcrumb\":{\"@id\":\"https:\/\/casaisabel.es\/aviso-legal\/#breadcrumb\"},\"inLanguage\":\"de-DE\",\"potentialAction\":[{\"@type\":\"ReadAction\",\"target\":[\"https:\/\/casaisabel.es\/aviso-legal\/\"]}]},{\"@type\":\"BreadcrumbList\",\"@id\":\"https:\/\/casaisabel.es\/aviso-legal\/#breadcrumb\",\"itemListElement\":[{\"@type\":\"ListItem\",\"position\":1,\"name\":\"Portada\",\"item\":\"https:\/\/casaisabel.es\/\"},{\"@type\":\"ListItem\",\"position\":2,\"name\":\"Aviso Legal\"}]},{\"@type\":\"WebSite\",\"@id\":\"https:\/\/casaisabel.es\/#website\",\"url\":\"https:\/\/casaisabel.es\/\",\"name\":\"Casa Isabel\",\"description\":\"S\u00f3lo otro sitio de WordPress\",\"publisher\":{\"@id\":\"https:\/\/casaisabel.es\/#organization\"},\"potentialAction\":[{\"@type\":\"SearchAction\",\"target\":{\"@type\":\"EntryPoint\",\"urlTemplate\":\"https:\/\/casaisabel.es\/?s={search_term_string}\"},\"query-input\":{\"@type\":\"PropertyValueSpecification\",\"valueRequired\":true,\"valueName\":\"search_term_string\"}}],\"inLanguage\":\"de-DE\"},{\"@type\":\"Organization\",\"@id\":\"https:\/\/casaisabel.es\/#organization\",\"name\":\"Casa Isabel\",\"url\":\"https:\/\/casaisabel.es\/\",\"logo\":{\"@type\":\"ImageObject\",\"inLanguage\":\"de-DE\",\"@id\":\"https:\/\/casaisabel.es\/#\/schema\/logo\/image\/\",\"url\":\"https:\/\/casaisabel.es\/wp-content\/uploads\/2023\/09\/casaIsabel.svg\",\"contentUrl\":\"https:\/\/casaisabel.es\/wp-content\/uploads\/2023\/09\/casaIsabel.svg\",\"width\":211,\"height\":49,\"caption\":\"Casa Isabel\"},\"image\":{\"@id\":\"https:\/\/casaisabel.es\/#\/schema\/logo\/image\/\"}}]}<\/script>\n<!-- \/ Yoast SEO plugin. -->","yoast_head_json":{"title":"Aviso Legal - Casa Isabel","robots":{"index":"noindex","follow":"follow"},"og_locale":"de_DE","og_type":"article","og_title":"Aviso Legal - Casa Isabel","og_description":"CONDICIONES DE USO En cumplimiento de la Ley 34\/2002, de 11 de julio, de Servicios de la Sociedad de la Informaci\u00f3n y de Comercio Electr\u00f3nico (LSSI-CE), HOSTELERIA Y SERVICIOS GENERALES SL informa que es titular del sitio web www.casaisabel.es. De acuerdo con la exigencia del art\u00edculo 10 de la citada Ley, HOSTELERIA Y SERVICIOS GENERALES [&hellip;]","og_url":"https:\/\/casaisabel.es\/de\/aviso-legal\/","og_site_name":"Casa Isabel","article_modified_time":"2023-11-20T11:23:00+00:00","twitter_card":"summary_large_image","twitter_misc":{"Est. reading time":"6 minutes"},"schema":{"@context":"https:\/\/schema.org","@graph":[{"@type":"WebPage","@id":"https:\/\/casaisabel.es\/aviso-legal\/","url":"https:\/\/casaisabel.es\/aviso-legal\/","name":"Aviso Legal - Casa Isabel","isPartOf":{"@id":"https:\/\/casaisabel.es\/#website"},"datePublished":"2023-09-30T19:15:14+00:00","dateModified":"2023-11-20T11:23:00+00:00","breadcrumb":{"@id":"https:\/\/casaisabel.es\/aviso-legal\/#breadcrumb"},"inLanguage":"de-DE","potentialAction":[{"@type":"ReadAction","target":["https:\/\/casaisabel.es\/aviso-legal\/"]}]},{"@type":"BreadcrumbList","@id":"https:\/\/casaisabel.es\/aviso-legal\/#breadcrumb","itemListElement":[{"@type":"ListItem","position":1,"name":"Portada","item":"https:\/\/casaisabel.es\/"},{"@type":"ListItem","position":2,"name":"Aviso Legal"}]},{"@type":"WebSite","@id":"https:\/\/casaisabel.es\/#website","url":"https:\/\/casaisabel.es\/","name":"Casa Isabel","description":"S\u00f3lo otro sitio de WordPress","publisher":{"@id":"https:\/\/casaisabel.es\/#organization"},"potentialAction":[{"@type":"SearchAction","target":{"@type":"EntryPoint","urlTemplate":"https:\/\/casaisabel.es\/?s={search_term_string}"},"query-input":{"@type":"PropertyValueSpecification","valueRequired":true,"valueName":"search_term_string"}}],"inLanguage":"de-DE"},{"@type":"Organization","@id":"https:\/\/casaisabel.es\/#organization","name":"Casa Isabel","url":"https:\/\/casaisabel.es\/","logo":{"@type":"ImageObject","inLanguage":"de-DE","@id":"https:\/\/casaisabel.es\/#\/schema\/logo\/image\/","url":"https:\/\/casaisabel.es\/wp-content\/uploads\/2023\/09\/casaIsabel.svg","contentUrl":"https:\/\/casaisabel.es\/wp-content\/uploads\/2023\/09\/casaIsabel.svg","width":211,"height":49,"caption":"Casa Isabel"},"image":{"@id":"https:\/\/casaisabel.es\/#\/schema\/logo\/image\/"}}]}},"_links":{"self":[{"href":"https:\/\/casaisabel.es\/de\/wp-json\/wp\/v2\/pages\/9280","targetHints":{"allow":["GET"]}}],"collection":[{"href":"https:\/\/casaisabel.es\/de\/wp-json\/wp\/v2\/pages"}],"about":[{"href":"https:\/\/casaisabel.es\/de\/wp-json\/wp\/v2\/types\/page"}],"author":[{"embeddable":true,"href":"https:\/\/casaisabel.es\/de\/wp-json\/wp\/v2\/users\/2"}],"replies":[{"embeddable":true,"href":"https:\/\/casaisabel.es\/de\/wp-json\/wp\/v2\/comments?post=9280"}],"version-history":[{"count":0,"href":"https:\/\/casaisabel.es\/de\/wp-json\/wp\/v2\/pages\/9280\/revisions"}],"wp:attachment":[{"href":"https:\/\/casaisabel.es\/de\/wp-json\/wp\/v2\/media?parent=9280"}],"curies":[{"name":"wp","href":"https:\/\/api.w.org\/{rel}","templated":true}]}}