{"id":9226,"date":"2023-09-30T15:39:18","date_gmt":"2023-09-30T15:39:18","guid":{"rendered":"https:\/\/casaisabel.upcofly.com\/?page_id=9226"},"modified":"2023-11-06T11:36:03","modified_gmt":"2023-11-06T11:36:03","slug":"clausula-informativa-rgpd-y-lssi-ce","status":"publish","type":"page","link":"https:\/\/casaisabel.es\/de\/clausula-informativa-rgpd-y-lssi-ce\/","title":{"rendered":"CL\u00c1USULA INFORMATIVA RGPD Y LSSI-CE"},"content":{"rendered":"<div data-elementor-type=\"wp-page\" data-elementor-id=\"9226\" class=\"elementor elementor-9226\">\n\t\t\t\t<div class=\"elementor-element elementor-element-1f8cb9c e-flex e-con-boxed e-con e-parent\" data-id=\"1f8cb9c\" data-element_type=\"container\" data-e-type=\"container\">\n\t\t\t\t\t<div class=\"e-con-inner\">\n\t\t\t\t<div class=\"elementor-element elementor-element-7143180 elementor-widget elementor-widget-heading\" data-id=\"7143180\" data-element_type=\"widget\" data-e-type=\"widget\" data-widget_type=\"heading.default\">\n\t\t\t\t<div class=\"elementor-widget-container\">\n\t\t\t\t\t<h1 class=\"elementor-heading-title elementor-size-default\">CL\u00c1USULA INFORMATIVA RGPD Y LSSI-CE<\/h1>\t\t\t\t<\/div>\n\t\t\t\t<\/div>\n\t\t\t\t<div class=\"elementor-element elementor-element-95dd49f elementor-widget elementor-widget-text-editor\" data-id=\"95dd49f\" data-element_type=\"widget\" data-e-type=\"widget\" data-widget_type=\"text-editor.default\">\n\t\t\t\t<div class=\"elementor-widget-container\">\n\t\t\t\t\t\t\t\t\t<p>Gem\u00e4\u00df den aktuellen Bestimmungen zum Schutz personenbezogener Daten informieren wir Sie dar\u00fcber, dass Ihre Daten in das Verarbeitungssystem von HOSTELERIA Y SERVICIOS GENERALES SL aufgenommen werden, mit CIF B46598959 und Gesch\u00e4ftssitz in PASEO MARITIMO, MODULO 4, 46011, VALENCIA. Der Zweck besteht darin, Ihre Anfragen zu bearbeiten, jedoch werden Ihre Daten unter keinen Umst\u00e4nden f\u00fcr den Versand von kommerziellen Mitteilungen verwendet, au\u00dfer solchen, die mit Ihrer Reservierung zu tun haben. Ihre personenbezogenen Daten werden auf das f\u00fcr die Verwaltung Ihrer Reservierung notwendige Minimum beschr\u00e4nkt, einschlie\u00dflich Ihres Namens, Ihrer Telefonnummer und Ihrer E-Mail-Adresse. In keinem Fall werden sie w\u00e4hrend ihrer Aufbewahrungszeit an Dritte \u00fcbertragen. In \u00dcbereinstimmung mit den geltenden Vorschriften informiert HOSTELERIA Y SERVICIOS GENERALES SL, dass die Daten f\u00fcr den streng notwendigen Zeitraum aufbewahrt werden, um die oben genannten Zwecke zu erf\u00fcllen.<\/p><p>Sofern Sie uns nicht anderweitig informieren, verstehen wir, dass Ihre Daten nicht ge\u00e4ndert wurden, dass Sie sich verpflichten, uns etwaige \u00c4nderungen mitzuteilen, und dass wir Ihre Zustimmung haben, sie f\u00fcr die genannten Zwecke zu verwenden.<\/p><p>HOSTELERIA Y SERVICIOS GENERALES SL informa que proceder\u00e1 a tratar los datos de manera l\u00edcita, leal, transparente, adecuada, pertinente, limitada, exacta y actualizada. Es por ello que HOSTELERIA Y SERVICIOS GENERALES SL se compromete a adoptar todas las medidas razonables para que estos se supriman o rectifiquen sin dilaci\u00f3n cuando sean inexactos.<\/p><p>Gem\u00e4\u00df den Rechten, die Ihnen die geltende Datenschutzgesetzgebung verleiht, k\u00f6nnen Sie die Rechte auf Zugang, Berichtigung, Einschr\u00e4nkung der Verarbeitung, L\u00f6schung, \u00dcbertragbarkeit und Widerspruch gegen die Verarbeitung Ihrer personenbezogenen Daten sowie gegen die erteilte Einwilligung zur Verarbeitung derselben geltend machen, indem Sie Ihre Anfrage an die oben angegebene Postadresse oder die E-Mail-Adresse richten. <a href=\"mailto:info@casaisabel.es\">info@casaisabel.es<\/a>.<\/p><p>Ebenso und gem\u00e4\u00df den Bestimmungen des Gesetzes 34\/2002 vom 11. Juli \u00fcber Dienste der Informationsgesellschaft und des elektronischen Gesch\u00e4ftsverkehrs, Artikel 21, nehmen wir an, dass Sie dies nicht w\u00fcnschen und daher Ihre ausdr\u00fcckliche Zustimmung NICHT erteilen, um Werbung f\u00fcr unsere Produkte oder Aktionen zu erhalten, die wir f\u00fcr interessant halten, sei es per E-Mail oder auf einem anderen gleichwertigen elektronischen Kommunikationsweg.<\/p><p>Ebenso und gem\u00e4\u00df den Bestimmungen des Gesetzes 34\/2002 vom 11. Juli \u00fcber Dienste der Informationsgesellschaft und des elektronischen Gesch\u00e4ftsverkehrs, Artikel 21, nehmen wir an, dass Sie dies nicht w\u00fcnschen und daher Ihre ausdr\u00fcckliche Zustimmung NICHT erteilen, um Werbung f\u00fcr unsere Produkte oder Aktionen zu erhalten, die wir f\u00fcr interessant halten, sei es per E-Mail oder auf einem anderen gleichwertigen elektronischen Kommunikationsweg. <a href=\"mailto:info@casaisabel.es\">info@casaisabel.es<\/a>.<\/p><p>Wir informieren Sie dar\u00fcber, dass Ihre Daten nicht in unserem Reservierungssystem gespeichert werden. Nach erfolgter Reservierung und Ablauf des Datums werden die Daten gel\u00f6scht.<\/p><p>Sie k\u00f6nnen sich an die zust\u00e4ndige Aufsichtsbeh\u00f6rde wenden, um die Beschwerde einzureichen, die Sie f\u00fcr angemessen halten.<\/p>\t\t\t\t\t\t\t\t<\/div>\n\t\t\t\t<\/div>\n\t\t\t\t\t<\/div>\n\t\t\t\t<\/div>\n\t\t\t\t<\/div>","protected":false},"excerpt":{"rendered":"<p>CL\u00c1USULA INFORMATIVA RGPD Y LSSI-CE De conformidad con lo establecido en la normativa vigente en Protecci\u00f3n de Datos de Car\u00e1cter Personal, le informamos que sus datos ser\u00e1n incorporados al sistema de tratamiento titularidad de HOSTELERIA Y SERVICIOS GENERALES SL con CIF B46598959 y domicilio social sito en PASEO MARITIMO, MODULO 4 46011, VALENCIA, con la [&hellip;]<\/p>","protected":false},"author":2,"featured_media":0,"parent":0,"menu_order":0,"comment_status":"closed","ping_status":"closed","template":"","meta":{"site-sidebar-layout":"no-sidebar","site-content-layout":"page-builder","ast-site-content-layout":"full-width-container","site-content-style":"default","site-sidebar-style":"default","ast-global-header-display":"","ast-banner-title-visibility":"","ast-main-header-display":"","ast-hfb-above-header-display":"","ast-hfb-below-header-display":"","ast-hfb-mobile-header-display":"","site-post-title":"disabled","ast-breadcrumbs-content":"","ast-featured-img":"disabled","footer-sml-layout":"","theme-transparent-header-meta":"","adv-header-id-meta":"","stick-header-meta":"","header-above-stick-meta":"","header-main-stick-meta":"","header-below-stick-meta":"","astra-migrate-meta-layouts":"set","ast-page-background-enabled":"default","ast-page-background-meta":{"desktop":{"background-color":"var(--ast-global-color-4)","background-image":"","background-repeat":"repeat","background-position":"center center","background-size":"auto","background-attachment":"scroll","background-type":"","background-media":"","overlay-type":"","overlay-color":"","overlay-opacity":"","overlay-gradient":""},"tablet":{"background-color":"","background-image":"","background-repeat":"repeat","background-position":"center center","background-size":"auto","background-attachment":"scroll","background-type":"","background-media":"","overlay-type":"","overlay-color":"","overlay-opacity":"","overlay-gradient":""},"mobile":{"background-color":"","background-image":"","background-repeat":"repeat","background-position":"center center","background-size":"auto","background-attachment":"scroll","background-type":"","background-media":"","overlay-type":"","overlay-color":"","overlay-opacity":"","overlay-gradient":""}},"ast-content-background-meta":{"desktop":{"background-color":"var(--ast-global-color-5)","background-image":"","background-repeat":"repeat","background-position":"center center","background-size":"auto","background-attachment":"scroll","background-type":"","background-media":"","overlay-type":"","overlay-color":"","overlay-opacity":"","overlay-gradient":""},"tablet":{"background-color":"var(--ast-global-color-5)","background-image":"","background-repeat":"repeat","background-position":"center center","background-size":"auto","background-attachment":"scroll","background-type":"","background-media":"","overlay-type":"","overlay-color":"","overlay-opacity":"","overlay-gradient":""},"mobile":{"background-color":"var(--ast-global-color-5)","background-image":"","background-repeat":"repeat","background-position":"center center","background-size":"auto","background-attachment":"scroll","background-type":"","background-media":"","overlay-type":"","overlay-color":"","overlay-opacity":"","overlay-gradient":""}},"footnotes":""},"class_list":["post-9226","page","type-page","status-publish","hentry"],"yoast_head":"<!-- This site is optimized with the Yoast SEO plugin v25.6 - https:\/\/yoast.com\/wordpress\/plugins\/seo\/ -->\n<title>CL\u00c1USULA INFORMATIVA RGPD Y LSSI-CE - Casa Isabel<\/title>\n<meta name=\"robots\" content=\"noindex, follow\" \/>\n<meta property=\"og:locale\" content=\"de_DE\" \/>\n<meta property=\"og:type\" content=\"article\" \/>\n<meta property=\"og:title\" content=\"CL\u00c1USULA INFORMATIVA RGPD Y LSSI-CE - Casa Isabel\" \/>\n<meta property=\"og:description\" content=\"CL\u00c1USULA INFORMATIVA RGPD Y LSSI-CE De conformidad con lo establecido en la normativa vigente en Protecci\u00f3n de Datos de Car\u00e1cter Personal, le informamos que sus datos ser\u00e1n incorporados al sistema de tratamiento titularidad de HOSTELERIA Y SERVICIOS GENERALES SL con CIF B46598959 y domicilio social sito en PASEO MARITIMO, MODULO 4 46011, VALENCIA, con la [&hellip;]\" \/>\n<meta property=\"og:url\" content=\"https:\/\/casaisabel.es\/de\/clausula-informativa-rgpd-y-lssi-ce\/\" \/>\n<meta property=\"og:site_name\" content=\"Casa Isabel\" \/>\n<meta property=\"article:modified_time\" content=\"2023-11-06T11:36:03+00:00\" \/>\n<meta name=\"twitter:card\" content=\"summary_large_image\" \/>\n<meta name=\"twitter:label1\" content=\"Est. reading time\" \/>\n\t<meta name=\"twitter:data1\" content=\"2 minutes\" \/>\n<script type=\"application\/ld+json\" class=\"yoast-schema-graph\">{\"@context\":\"https:\/\/schema.org\",\"@graph\":[{\"@type\":\"WebPage\",\"@id\":\"https:\/\/casaisabel.es\/clausula-informativa-rgpd-y-lssi-ce\/\",\"url\":\"https:\/\/casaisabel.es\/clausula-informativa-rgpd-y-lssi-ce\/\",\"name\":\"CL\u00c1USULA INFORMATIVA RGPD Y LSSI-CE - Casa Isabel\",\"isPartOf\":{\"@id\":\"https:\/\/casaisabel.es\/#website\"},\"datePublished\":\"2023-09-30T15:39:18+00:00\",\"dateModified\":\"2023-11-06T11:36:03+00:00\",\"breadcrumb\":{\"@id\":\"https:\/\/casaisabel.es\/clausula-informativa-rgpd-y-lssi-ce\/#breadcrumb\"},\"inLanguage\":\"de-DE\",\"potentialAction\":[{\"@type\":\"ReadAction\",\"target\":[\"https:\/\/casaisabel.es\/clausula-informativa-rgpd-y-lssi-ce\/\"]}]},{\"@type\":\"BreadcrumbList\",\"@id\":\"https:\/\/casaisabel.es\/clausula-informativa-rgpd-y-lssi-ce\/#breadcrumb\",\"itemListElement\":[{\"@type\":\"ListItem\",\"position\":1,\"name\":\"Portada\",\"item\":\"https:\/\/casaisabel.es\/\"},{\"@type\":\"ListItem\",\"position\":2,\"name\":\"CL\u00c1USULA INFORMATIVA RGPD Y LSSI-CE\"}]},{\"@type\":\"WebSite\",\"@id\":\"https:\/\/casaisabel.es\/#website\",\"url\":\"https:\/\/casaisabel.es\/\",\"name\":\"Casa Isabel\",\"description\":\"S\u00f3lo otro sitio de WordPress\",\"publisher\":{\"@id\":\"https:\/\/casaisabel.es\/#organization\"},\"potentialAction\":[{\"@type\":\"SearchAction\",\"target\":{\"@type\":\"EntryPoint\",\"urlTemplate\":\"https:\/\/casaisabel.es\/?s={search_term_string}\"},\"query-input\":{\"@type\":\"PropertyValueSpecification\",\"valueRequired\":true,\"valueName\":\"search_term_string\"}}],\"inLanguage\":\"de-DE\"},{\"@type\":\"Organization\",\"@id\":\"https:\/\/casaisabel.es\/#organization\",\"name\":\"Casa Isabel\",\"url\":\"https:\/\/casaisabel.es\/\",\"logo\":{\"@type\":\"ImageObject\",\"inLanguage\":\"de-DE\",\"@id\":\"https:\/\/casaisabel.es\/#\/schema\/logo\/image\/\",\"url\":\"https:\/\/casaisabel.es\/wp-content\/uploads\/2023\/09\/casaIsabel.svg\",\"contentUrl\":\"https:\/\/casaisabel.es\/wp-content\/uploads\/2023\/09\/casaIsabel.svg\",\"width\":211,\"height\":49,\"caption\":\"Casa Isabel\"},\"image\":{\"@id\":\"https:\/\/casaisabel.es\/#\/schema\/logo\/image\/\"}}]}<\/script>\n<!-- \/ Yoast SEO plugin. -->","yoast_head_json":{"title":"CL\u00c1USULA INFORMATIVA RGPD Y LSSI-CE - Casa Isabel","robots":{"index":"noindex","follow":"follow"},"og_locale":"de_DE","og_type":"article","og_title":"CL\u00c1USULA INFORMATIVA RGPD Y LSSI-CE - Casa Isabel","og_description":"CL\u00c1USULA INFORMATIVA RGPD Y LSSI-CE De conformidad con lo establecido en la normativa vigente en Protecci\u00f3n de Datos de Car\u00e1cter Personal, le informamos que sus datos ser\u00e1n incorporados al sistema de tratamiento titularidad de HOSTELERIA Y SERVICIOS GENERALES SL con CIF B46598959 y domicilio social sito en PASEO MARITIMO, MODULO 4 46011, VALENCIA, con la [&hellip;]","og_url":"https:\/\/casaisabel.es\/de\/clausula-informativa-rgpd-y-lssi-ce\/","og_site_name":"Casa Isabel","article_modified_time":"2023-11-06T11:36:03+00:00","twitter_card":"summary_large_image","twitter_misc":{"Est. reading time":"2 minutes"},"schema":{"@context":"https:\/\/schema.org","@graph":[{"@type":"WebPage","@id":"https:\/\/casaisabel.es\/clausula-informativa-rgpd-y-lssi-ce\/","url":"https:\/\/casaisabel.es\/clausula-informativa-rgpd-y-lssi-ce\/","name":"CL\u00c1USULA INFORMATIVA RGPD Y LSSI-CE - Casa Isabel","isPartOf":{"@id":"https:\/\/casaisabel.es\/#website"},"datePublished":"2023-09-30T15:39:18+00:00","dateModified":"2023-11-06T11:36:03+00:00","breadcrumb":{"@id":"https:\/\/casaisabel.es\/clausula-informativa-rgpd-y-lssi-ce\/#breadcrumb"},"inLanguage":"de-DE","potentialAction":[{"@type":"ReadAction","target":["https:\/\/casaisabel.es\/clausula-informativa-rgpd-y-lssi-ce\/"]}]},{"@type":"BreadcrumbList","@id":"https:\/\/casaisabel.es\/clausula-informativa-rgpd-y-lssi-ce\/#breadcrumb","itemListElement":[{"@type":"ListItem","position":1,"name":"Portada","item":"https:\/\/casaisabel.es\/"},{"@type":"ListItem","position":2,"name":"CL\u00c1USULA INFORMATIVA RGPD Y LSSI-CE"}]},{"@type":"WebSite","@id":"https:\/\/casaisabel.es\/#website","url":"https:\/\/casaisabel.es\/","name":"Casa Isabel","description":"S\u00f3lo otro sitio de WordPress","publisher":{"@id":"https:\/\/casaisabel.es\/#organization"},"potentialAction":[{"@type":"SearchAction","target":{"@type":"EntryPoint","urlTemplate":"https:\/\/casaisabel.es\/?s={search_term_string}"},"query-input":{"@type":"PropertyValueSpecification","valueRequired":true,"valueName":"search_term_string"}}],"inLanguage":"de-DE"},{"@type":"Organization","@id":"https:\/\/casaisabel.es\/#organization","name":"Casa Isabel","url":"https:\/\/casaisabel.es\/","logo":{"@type":"ImageObject","inLanguage":"de-DE","@id":"https:\/\/casaisabel.es\/#\/schema\/logo\/image\/","url":"https:\/\/casaisabel.es\/wp-content\/uploads\/2023\/09\/casaIsabel.svg","contentUrl":"https:\/\/casaisabel.es\/wp-content\/uploads\/2023\/09\/casaIsabel.svg","width":211,"height":49,"caption":"Casa Isabel"},"image":{"@id":"https:\/\/casaisabel.es\/#\/schema\/logo\/image\/"}}]}},"_links":{"self":[{"href":"https:\/\/casaisabel.es\/de\/wp-json\/wp\/v2\/pages\/9226","targetHints":{"allow":["GET"]}}],"collection":[{"href":"https:\/\/casaisabel.es\/de\/wp-json\/wp\/v2\/pages"}],"about":[{"href":"https:\/\/casaisabel.es\/de\/wp-json\/wp\/v2\/types\/page"}],"author":[{"embeddable":true,"href":"https:\/\/casaisabel.es\/de\/wp-json\/wp\/v2\/users\/2"}],"replies":[{"embeddable":true,"href":"https:\/\/casaisabel.es\/de\/wp-json\/wp\/v2\/comments?post=9226"}],"version-history":[{"count":0,"href":"https:\/\/casaisabel.es\/de\/wp-json\/wp\/v2\/pages\/9226\/revisions"}],"wp:attachment":[{"href":"https:\/\/casaisabel.es\/de\/wp-json\/wp\/v2\/media?parent=9226"}],"curies":[{"name":"wp","href":"https:\/\/api.w.org\/{rel}","templated":true}]}}