{"id":10260,"date":"2023-11-23T00:00:59","date_gmt":"2023-11-23T00:00:59","guid":{"rendered":"https:\/\/casaisabel.es\/?page_id=10260"},"modified":"2023-12-11T13:10:51","modified_gmt":"2023-12-11T13:10:51","slug":"terminos-y-condiciones-de-venta","status":"publish","type":"page","link":"https:\/\/casaisabel.es\/de\/terminos-y-condiciones-de-venta\/","title":{"rendered":"T\u00e9rminos y condiciones de venta"},"content":{"rendered":"<div data-elementor-type=\"wp-page\" data-elementor-id=\"10260\" class=\"elementor elementor-10260\">\n\t\t\t\t<div class=\"elementor-element elementor-element-1f8cb9c e-flex e-con-boxed e-con e-parent\" data-id=\"1f8cb9c\" data-element_type=\"container\" data-e-type=\"container\">\n\t\t\t\t\t<div class=\"e-con-inner\">\n\t\t\t\t<div class=\"elementor-element elementor-element-7143180 elementor-widget elementor-widget-heading\" data-id=\"7143180\" data-element_type=\"widget\" data-e-type=\"widget\" data-widget_type=\"heading.default\">\n\t\t\t\t<div class=\"elementor-widget-container\">\n\t\t\t\t\t<h1 class=\"elementor-heading-title elementor-size-default\">Verkaufsbedingungen <\/h1>\t\t\t\t<\/div>\n\t\t\t\t<\/div>\n\t\t\t\t<div class=\"elementor-element elementor-element-95dd49f elementor-widget elementor-widget-text-editor\" data-id=\"95dd49f\" data-element_type=\"widget\" data-e-type=\"widget\" data-widget_type=\"text-editor.default\">\n\t\t\t\t<div class=\"elementor-widget-container\">\n\t\t\t\t\t\t\t\t\t<h6>Reservierung<\/h6>\n<p>Durch die Reservierung bei Casa Isabel erkl\u00e4rt sich der Kunde mit den in diesem Dokument festgelegten Gesch\u00e4ftsbedingungen einverstanden.<\/p>\n<h6>Zahlung<\/h6>\n<ul>\n<li>Die vollst\u00e4ndige Zahlung f\u00fcr die Reservierung muss zum Zeitpunkt der Best\u00e4tigung erfolgen.<\/li>\n<\/ul>\n<h6>Modificaci\u00f3n y Cancelaci\u00f3n de la Reserva<\/h6>\n<ul>\n<li>Se podr\u00e1n realizar modificaciones y cancelaciones en la reserva con al menos 4h horas de antelaci\u00f3n a la hora programada sin coste alguno, para mesas inferiores a 12 comensales recibiendo la devoluci\u00f3n de la reserva.&nbsp;<\/li>\n<li>En el caso de anular la reserva con menos de 4h de antelaci\u00f3n, para mesas inferiores a 12 comensales la reserva no ser\u00e1 devuelta.<\/li>\n<li>\u00c4nderungen unterliegen der Verf\u00fcgbarkeit.<\/li>\n<li>En caso de mesas de m\u00e1s de 12 comensales la cancelaci\u00f3n deber\u00e1 ser con un m\u00ednimo de 24 horas de lo contrario el dep\u00f3sito de la reserva no ser\u00e1 devuelto.<\/li>\n<\/ul>\n<h6>Verantwortung des Kunden<\/h6>\n<ul>\n<li>Es liegt in der Verantwortung des Kunden, genaue Informationen bei der Reservierung anzugeben, einschlie\u00dflich etwaiger di\u00e4tetischer Anforderungen oder Allergien.<\/li>\n<li>Casa Isabel \u00fcbernimmt keine Verantwortung f\u00fcr Probleme, die sich aus falschen Informationen ergeben, die vom Kunden bereitgestellt wurden.<\/li>\n<\/ul>\n<h6>Stornierung durch das Restaurant<\/h6>\n<p>Casa Isabel beh\u00e4lt sich das Recht vor, eine Reservierung unter au\u00dfergew\u00f6hnlichen Umst\u00e4nden zu stornieren. In einem solchen Fall wird dem Kunden die M\u00f6glichkeit geboten, die Reservierung neu zu planen oder Gutschrift f\u00fcr zuk\u00fcnftige Buchungen zu erhalten.<\/p>\n<h6>Einhaltung lokaler Vorschriften<\/h6>\n<p>Alle Reservierungen unterliegen den \u00f6rtlichen Vorschriften und den aktuellen Gesundheits- und Sicherheitsrichtlinien. Casa Isabel beh\u00e4lt sich das Recht vor, Anpassungen an Reservierungen vorzunehmen, um diesen Vorschriften zu entsprechen.<\/p>\n<p>Durch die Reservierung bei Casa Isabel gibt der Kunde seine Kenntnisnahme und Zustimmung zu diesen Gesch\u00e4ftsbedingungen an. Bei Fragen oder Kl\u00e4rungen k\u00f6nnen Sie sich gerne an unser Kundenserviceteam wenden.<\/p>\t\t\t\t\t\t\t\t<\/div>\n\t\t\t\t<\/div>\n\t\t\t\t\t<\/div>\n\t\t\t\t<\/div>\n\t\t\t\t<\/div>","protected":false},"excerpt":{"rendered":"<p>T\u00c9RMINOS Y CONDICIONES DE VENTA Reserva Al realizar una reserva en Casa Isabel, el cliente acepta los t\u00e9rminos y condiciones establecidos en este documento. Pago El pago total de la reserva se debe realizar en el momento de la confirmaci\u00f3n de la misma. Modificaci\u00f3n y Cancelaci\u00f3n de la Reserva Se podr\u00e1n realizar modificaciones y cancelaciones [&hellip;]<\/p>","protected":false},"author":1,"featured_media":0,"parent":0,"menu_order":0,"comment_status":"closed","ping_status":"closed","template":"","meta":{"site-sidebar-layout":"no-sidebar","site-content-layout":"page-builder","ast-site-content-layout":"full-width-container","site-content-style":"default","site-sidebar-style":"default","ast-global-header-display":"","ast-banner-title-visibility":"","ast-main-header-display":"","ast-hfb-above-header-display":"","ast-hfb-below-header-display":"","ast-hfb-mobile-header-display":"","site-post-title":"disabled","ast-breadcrumbs-content":"","ast-featured-img":"disabled","footer-sml-layout":"","theme-transparent-header-meta":"","adv-header-id-meta":"","stick-header-meta":"","header-above-stick-meta":"","header-main-stick-meta":"","header-below-stick-meta":"","astra-migrate-meta-layouts":"set","ast-page-background-enabled":"default","ast-page-background-meta":{"desktop":{"background-color":"var(--ast-global-color-4)","background-image":"","background-repeat":"repeat","background-position":"center center","background-size":"auto","background-attachment":"scroll","background-type":"","background-media":"","overlay-type":"","overlay-color":"","overlay-opacity":"","overlay-gradient":""},"tablet":{"background-color":"","background-image":"","background-repeat":"repeat","background-position":"center center","background-size":"auto","background-attachment":"scroll","background-type":"","background-media":"","overlay-type":"","overlay-color":"","overlay-opacity":"","overlay-gradient":""},"mobile":{"background-color":"","background-image":"","background-repeat":"repeat","background-position":"center center","background-size":"auto","background-attachment":"scroll","background-type":"","background-media":"","overlay-type":"","overlay-color":"","overlay-opacity":"","overlay-gradient":""}},"ast-content-background-meta":{"desktop":{"background-color":"var(--ast-global-color-5)","background-image":"","background-repeat":"repeat","background-position":"center center","background-size":"auto","background-attachment":"scroll","background-type":"","background-media":"","overlay-type":"","overlay-color":"","overlay-opacity":"","overlay-gradient":""},"tablet":{"background-color":"var(--ast-global-color-5)","background-image":"","background-repeat":"repeat","background-position":"center center","background-size":"auto","background-attachment":"scroll","background-type":"","background-media":"","overlay-type":"","overlay-color":"","overlay-opacity":"","overlay-gradient":""},"mobile":{"background-color":"var(--ast-global-color-5)","background-image":"","background-repeat":"repeat","background-position":"center center","background-size":"auto","background-attachment":"scroll","background-type":"","background-media":"","overlay-type":"","overlay-color":"","overlay-opacity":"","overlay-gradient":""}},"footnotes":""},"class_list":["post-10260","page","type-page","status-publish","hentry"],"yoast_head":"<!-- This site is optimized with the Yoast SEO plugin v25.6 - https:\/\/yoast.com\/wordpress\/plugins\/seo\/ -->\n<title>T\u00e9rminos y condiciones de venta - Casa Isabel<\/title>\n<meta name=\"robots\" content=\"noindex, follow\" \/>\n<meta property=\"og:locale\" content=\"de_DE\" \/>\n<meta property=\"og:type\" content=\"article\" \/>\n<meta property=\"og:title\" content=\"T\u00e9rminos y condiciones de venta - Casa Isabel\" \/>\n<meta property=\"og:description\" content=\"T\u00c9RMINOS Y CONDICIONES DE VENTA Reserva Al realizar una reserva en Casa Isabel, el cliente acepta los t\u00e9rminos y condiciones establecidos en este documento. Pago El pago total de la reserva se debe realizar en el momento de la confirmaci\u00f3n de la misma. Modificaci\u00f3n y Cancelaci\u00f3n de la Reserva Se podr\u00e1n realizar modificaciones y cancelaciones [&hellip;]\" \/>\n<meta property=\"og:url\" content=\"https:\/\/casaisabel.es\/de\/terminos-y-condiciones-de-venta\/\" \/>\n<meta property=\"og:site_name\" content=\"Casa Isabel\" \/>\n<meta property=\"article:modified_time\" content=\"2023-12-11T13:10:51+00:00\" \/>\n<meta name=\"twitter:card\" content=\"summary_large_image\" \/>\n<meta name=\"twitter:label1\" content=\"Est. reading time\" \/>\n\t<meta name=\"twitter:data1\" content=\"2 minutes\" \/>\n<script type=\"application\/ld+json\" class=\"yoast-schema-graph\">{\"@context\":\"https:\/\/schema.org\",\"@graph\":[{\"@type\":\"WebPage\",\"@id\":\"https:\/\/casaisabel.es\/terminos-y-condiciones-de-venta\/\",\"url\":\"https:\/\/casaisabel.es\/terminos-y-condiciones-de-venta\/\",\"name\":\"T\u00e9rminos y condiciones de venta - Casa Isabel\",\"isPartOf\":{\"@id\":\"https:\/\/casaisabel.es\/#website\"},\"datePublished\":\"2023-11-23T00:00:59+00:00\",\"dateModified\":\"2023-12-11T13:10:51+00:00\",\"breadcrumb\":{\"@id\":\"https:\/\/casaisabel.es\/terminos-y-condiciones-de-venta\/#breadcrumb\"},\"inLanguage\":\"de-DE\",\"potentialAction\":[{\"@type\":\"ReadAction\",\"target\":[\"https:\/\/casaisabel.es\/terminos-y-condiciones-de-venta\/\"]}]},{\"@type\":\"BreadcrumbList\",\"@id\":\"https:\/\/casaisabel.es\/terminos-y-condiciones-de-venta\/#breadcrumb\",\"itemListElement\":[{\"@type\":\"ListItem\",\"position\":1,\"name\":\"Portada\",\"item\":\"https:\/\/casaisabel.es\/\"},{\"@type\":\"ListItem\",\"position\":2,\"name\":\"T\u00e9rminos y condiciones de venta\"}]},{\"@type\":\"WebSite\",\"@id\":\"https:\/\/casaisabel.es\/#website\",\"url\":\"https:\/\/casaisabel.es\/\",\"name\":\"Casa Isabel\",\"description\":\"S\u00f3lo otro sitio de WordPress\",\"publisher\":{\"@id\":\"https:\/\/casaisabel.es\/#organization\"},\"potentialAction\":[{\"@type\":\"SearchAction\",\"target\":{\"@type\":\"EntryPoint\",\"urlTemplate\":\"https:\/\/casaisabel.es\/?s={search_term_string}\"},\"query-input\":{\"@type\":\"PropertyValueSpecification\",\"valueRequired\":true,\"valueName\":\"search_term_string\"}}],\"inLanguage\":\"de-DE\"},{\"@type\":\"Organization\",\"@id\":\"https:\/\/casaisabel.es\/#organization\",\"name\":\"Casa Isabel\",\"url\":\"https:\/\/casaisabel.es\/\",\"logo\":{\"@type\":\"ImageObject\",\"inLanguage\":\"de-DE\",\"@id\":\"https:\/\/casaisabel.es\/#\/schema\/logo\/image\/\",\"url\":\"https:\/\/casaisabel.es\/wp-content\/uploads\/2023\/09\/casaIsabel.svg\",\"contentUrl\":\"https:\/\/casaisabel.es\/wp-content\/uploads\/2023\/09\/casaIsabel.svg\",\"width\":211,\"height\":49,\"caption\":\"Casa Isabel\"},\"image\":{\"@id\":\"https:\/\/casaisabel.es\/#\/schema\/logo\/image\/\"}}]}<\/script>\n<!-- \/ Yoast SEO plugin. -->","yoast_head_json":{"title":"T\u00e9rminos y condiciones de venta - Casa Isabel","robots":{"index":"noindex","follow":"follow"},"og_locale":"de_DE","og_type":"article","og_title":"T\u00e9rminos y condiciones de venta - Casa Isabel","og_description":"T\u00c9RMINOS Y CONDICIONES DE VENTA Reserva Al realizar una reserva en Casa Isabel, el cliente acepta los t\u00e9rminos y condiciones establecidos en este documento. Pago El pago total de la reserva se debe realizar en el momento de la confirmaci\u00f3n de la misma. Modificaci\u00f3n y Cancelaci\u00f3n de la Reserva Se podr\u00e1n realizar modificaciones y cancelaciones [&hellip;]","og_url":"https:\/\/casaisabel.es\/de\/terminos-y-condiciones-de-venta\/","og_site_name":"Casa Isabel","article_modified_time":"2023-12-11T13:10:51+00:00","twitter_card":"summary_large_image","twitter_misc":{"Est. reading time":"2 minutes"},"schema":{"@context":"https:\/\/schema.org","@graph":[{"@type":"WebPage","@id":"https:\/\/casaisabel.es\/terminos-y-condiciones-de-venta\/","url":"https:\/\/casaisabel.es\/terminos-y-condiciones-de-venta\/","name":"T\u00e9rminos y condiciones de venta - Casa Isabel","isPartOf":{"@id":"https:\/\/casaisabel.es\/#website"},"datePublished":"2023-11-23T00:00:59+00:00","dateModified":"2023-12-11T13:10:51+00:00","breadcrumb":{"@id":"https:\/\/casaisabel.es\/terminos-y-condiciones-de-venta\/#breadcrumb"},"inLanguage":"de-DE","potentialAction":[{"@type":"ReadAction","target":["https:\/\/casaisabel.es\/terminos-y-condiciones-de-venta\/"]}]},{"@type":"BreadcrumbList","@id":"https:\/\/casaisabel.es\/terminos-y-condiciones-de-venta\/#breadcrumb","itemListElement":[{"@type":"ListItem","position":1,"name":"Portada","item":"https:\/\/casaisabel.es\/"},{"@type":"ListItem","position":2,"name":"T\u00e9rminos y condiciones de venta"}]},{"@type":"WebSite","@id":"https:\/\/casaisabel.es\/#website","url":"https:\/\/casaisabel.es\/","name":"Casa Isabel","description":"S\u00f3lo otro sitio de WordPress","publisher":{"@id":"https:\/\/casaisabel.es\/#organization"},"potentialAction":[{"@type":"SearchAction","target":{"@type":"EntryPoint","urlTemplate":"https:\/\/casaisabel.es\/?s={search_term_string}"},"query-input":{"@type":"PropertyValueSpecification","valueRequired":true,"valueName":"search_term_string"}}],"inLanguage":"de-DE"},{"@type":"Organization","@id":"https:\/\/casaisabel.es\/#organization","name":"Casa Isabel","url":"https:\/\/casaisabel.es\/","logo":{"@type":"ImageObject","inLanguage":"de-DE","@id":"https:\/\/casaisabel.es\/#\/schema\/logo\/image\/","url":"https:\/\/casaisabel.es\/wp-content\/uploads\/2023\/09\/casaIsabel.svg","contentUrl":"https:\/\/casaisabel.es\/wp-content\/uploads\/2023\/09\/casaIsabel.svg","width":211,"height":49,"caption":"Casa Isabel"},"image":{"@id":"https:\/\/casaisabel.es\/#\/schema\/logo\/image\/"}}]}},"_links":{"self":[{"href":"https:\/\/casaisabel.es\/de\/wp-json\/wp\/v2\/pages\/10260","targetHints":{"allow":["GET"]}}],"collection":[{"href":"https:\/\/casaisabel.es\/de\/wp-json\/wp\/v2\/pages"}],"about":[{"href":"https:\/\/casaisabel.es\/de\/wp-json\/wp\/v2\/types\/page"}],"author":[{"embeddable":true,"href":"https:\/\/casaisabel.es\/de\/wp-json\/wp\/v2\/users\/1"}],"replies":[{"embeddable":true,"href":"https:\/\/casaisabel.es\/de\/wp-json\/wp\/v2\/comments?post=10260"}],"version-history":[{"count":0,"href":"https:\/\/casaisabel.es\/de\/wp-json\/wp\/v2\/pages\/10260\/revisions"}],"wp:attachment":[{"href":"https:\/\/casaisabel.es\/de\/wp-json\/wp\/v2\/media?parent=10260"}],"curies":[{"name":"wp","href":"https:\/\/api.w.org\/{rel}","templated":true}]}}